{"id":8695,"date":"2019-01-23T14:22:05","date_gmt":"2019-01-23T14:22:05","guid":{"rendered":"https:\/\/www.risk21.com\/?page_id=8695"},"modified":"2019-03-20T18:24:51","modified_gmt":"2019-03-20T18:24:51","slug":"valors","status":"publish","type":"page","link":"https:\/\/www.risk21.com\/ca\/valors\/","title":{"rendered":"Valors"},"content":{"rendered":"<div class=\"wpb-content-wrapper\"><p>[vc_row css=&#8221;.vc_custom_1456920649253{margin-bottom: 0px !important;}&#8221;][vc_column css=&#8221;.vc_custom_1456763475711{margin-top: -50px !important;}&#8221;][vc_empty_space height=&#8221;60px&#8221;][vc_custom_heading source=&#8221;post_title&#8221; font_container=&#8221;tag:h2|font_size:36px|text_align:center|color:%23000000|line_height:40px&#8221; google_fonts=&#8221;font_family:Open%20Sans%3A300%2C300italic%2Cregular%2Citalic%2C600%2C600italic%2C700%2C700italic%2C800%2C800italic|font_style:300%20light%20regular%3A300%3Anormal&#8221;]<style type=\"text\/css\" >#l_pdhvbw1v56mhyxh1asdr{width:100px;}#l_pdhvbw1v56mhyxh1asdr.sc_line ,#l_pdhvbw1v56mhyxh1asdr .sc_line { height:1px; background: #ff9900; background: -moz-linear-gradient(90deg, #ff9900 0%, #fab956 100%); background: -webkit-gradient(linear, left top, right bottom, color-stop(0%,#ff9900), color-stop(100%,#fab956)); background: -webkit-linear-gradient(90deg, #ff9900 0%,#fab956 100%); background: -o-linear-gradient(90deg, #ff9900 0%,#fab956 100%); background: -ms-linear-gradient(90deg, #ff9900 0%,#fab956 100%); background: linear-gradient(90deg, #ff9900 0%,#fab956 100%);}#l_pdhvbw1v56mhyxh1asdr.sc_line ,#l_pdhvbw1v56mhyxh1asdr .sc_line{margin-left:auto!important; margin-right:auto!important;}#l_pdhvbw1v56mhyxh1asdr {margin:0px 0 20px 0; padding:0;}<\/style><div class=\"clearfix\"><\/div><div id=\"l_pdhvbw1v56mhyxh1asdr\"  class=\"sc_line rd_line_normal\" ><\/div>[vc_single_image image=&#8221;4258&#8243; img_size=&#8221;full&#8221; alignment=&#8221;center&#8221; animation=&#8221;rda_fadeIn&#8221;][vc_column_text]<\/p>\n<h1 class=\"rtejustify\"><\/h1>\n<h1><strong>VALORS DE RISK XXI \u2013 Prl &amp; Services<\/strong><\/h1>\n<p>Els VALORS d\u2019una empresa han de ser molt m\u00e9s que intencions i paraules boniques. Han de ser inspiradors, i traslladar-se al dia a dia i a les accions que fa l\u2019empresa i els seus empleats. Aix\u00ed ho entenem i aix\u00ed ho apliquem nosaltres.<\/p>\n<p>ORIENTACI\u00d3 A SERVEI AL CLIENT.<\/p>\n<p>Som una empresa de Serveis. Estem acreditats per l\u2019autoritat laboral com a Servei de Prevenci\u00f3 Ali\u00e8 (SP 038 B). Els conceptes <strong>SERVEI i CLIENT<\/strong> forma part del nostre ADN. Entenem el servei i la orientaci\u00f3 al client com la nostra ra\u00f3 de ser, i el que ens permet aportar valor a les empreses, organitzacions i professionals que confien en nosaltres. Si no oferim servei, no aportem valor. No \u00e9s casualitat que la nostra marca <strong>\u201cRISK XXI \u2013 Prl &amp; Services\u201d <\/strong>amb la qual operem incorpori la paraula SERVEI.<\/p>\n<p>FLEXIBILITAT<\/p>\n<p>Som conscients que ens movem en un \u00e0mbit aparentment r\u00edgid i regulat. \u00c9s el nostre entorn professional. Per\u00f2 aquesta rigidesa aparent no ens impedeix adaptar-nos a les necessitats i expectatives dels qui confien en nosaltres, entenem la flexibilitat com una capacitat d\u2019adaptaci\u00f3. Per a nosaltres la <strong>FLEXIBILITAT \u00c9S UN \u201cVALOR QUE APORTA VALOR\u201d\u2026\u2026 <\/strong>a <strong>RISK XXI \u2013 Prl &amp; Services<\/strong>, als nostres clients, als col\u00b7laboradors, al nostre equip professional i tamb\u00e9 al nostre sector d\u2019activitat.<\/p>\n<p>COMPETENCIA T\u00c8CNICA<\/p>\n<p>El nostre servei es fonamenta en una s\u00f2lida compet\u00e8ncia t\u00e8cnica. No podem oferir el servei de qualitat als nostres clients sense una base t\u00e8cnica d\u2019alt nivell. En conseq\u00fc\u00e8ncia els nostres esfor\u00e7os i la nostra organitzaci\u00f3 interna est\u00e0 orientada a l\u2019assoliment d\u2019elevats\u00a0 nivells de compet\u00e8ncia t\u00e8cnica entre el nostre personal intern i el personal col\u00b7laborador. Com a punt de partida i com a reciclatge d&#8217;<strong>ACTUALITZACI\u00d3 T\u00c8CNICA CONTINUADA<\/strong>. Nom\u00e9s aix\u00ed podem assegurar que <strong>RISK XXI \u2013 Prl &amp; Services <\/strong>ofereixi un servei com el que volem proposar.<\/p>\n<p>\u00c8TICA I HONESTEDAT<\/p>\n<p>Per a <strong>RISK XXI \u2013 Prl &amp; Services<\/strong> no hi ha servei al client sense \u00e8tica ni honestedat. Aquests dos criteris inspiren la nostra forma de treballar i la nostra forma d\u2019encarar situacions concretes aparentment conflictives. Aix\u00f2 implica incorporar al nostre equip nom\u00e9s aquelles persones amb valors personals que respectin els principis \u00e8tics de la nostra societat, i que actu\u00efn de manera honesta i coherent amb aquests principis. M\u00e9s enll\u00e0 del compliment legal estricte hi ha un compliment \u00e8tic que ens porta a una <strong>TRANSPAR\u00c8NCIA<\/strong> innegociable amb els nostres clients i equip intern.<\/p>\n<p>INNOVACI\u00d3<\/p>\n<p>Vivim en un m\u00f3n en evoluci\u00f3 constant. Ens movem en un entorn professional for\u00e7a regulat i aparentment r\u00edgid. Malgrat aix\u00f2 sabem que hi ha marge per a la innovaci\u00f3. Innovaci\u00f3 entesa com una <strong>ACTITUD I UNA VOLUNTAT DE DESCOBRIR<\/strong>, adaptar i compartir coneixement.\u00a0 La innovaci\u00f3 \u00e9s molt m\u00e9s que una q\u00fcesti\u00f3 de tecnologia, \u00e9s una manera d\u2019actuar que ens permetr\u00e0 oferir nous serveis que assegurin l\u2019assoliment dels nostres objectius de la manera m\u00e9s eficient possible. Sabem que el nostre sector d\u2019activitat necessita una actitud innovadora constant i a <strong>RISK XXI \u2013 Prl &amp; Services<\/strong> volem ser l\u00edders en innovaci\u00f3.<\/p>\n<p>ORIENTACI\u00d3 A RESULTATS<\/p>\n<p><strong>RISK XXI \u2013 Prl &amp; Services<\/strong> \u00e9s una empresa. Les empreses han de generar resultat, en el sentit m\u00e9s ampli possible<strong>. RESULTATS M\u00c9S ENLL\u00c0 DELS ESTRICTAMENT ECON\u00d2MICS<\/strong>. Les empreses hem de ser eines que permetin millorar la societat i l\u2019entorn en el qual treballem. Aix\u00ed ho entenem nosaltres i aix\u00ed ens ho apliquem en tot el que fem. La nostra feina i el nostre treball \u00e9s transcendent i te sentit en la mesura que obt\u00e9 resultats. Els resultats garanteixen que els nostres clients vegin cobertes les seves expectatives, que els nostres empleats i col\u00b7laboradors desenvolupin la seva tasca professional i que la pr\u00f2pia empresa generi beneficis econ\u00f2mics per seguir en aquest proc\u00e9s de millora cont\u00ednua. Els resultats que busquem han de ser coherents amb la nostra \u201cMissi\u00f3\u201d.<\/p>\n<p>BENESTAR A LA FEINA \u00a0I RESPECTE AL MEDI-AMBIENT<\/p>\n<p>Com no pot ser d&#8217;una altra manera a <strong>RISK XXI \u2013 Prl &amp; Services<\/strong> ens apliquem all\u00f2 que proposem als nostres clients. Estem conven\u00e7uts d&#8217;aix\u00f2. Treballem per assolir la m\u00e0xima seguretat i benestar a la feina dels nostres empleats i col\u00b7laboradors. M\u00e9s enll\u00e0 de la prevenci\u00f3 d&#8217;accidents o malalties.<\/p>\n<p>De la mateixa manera treballem per a deixar una petjada el m\u00e9s petita possible en el nostre entorn ambiental, per exemple, afavorint els despla\u00e7aments en transport net, reduint el consum de paper, consumint energia \u201cverda\u201d sempre que sigui possible, col\u00b7laborant en el reciclatge de residus i promovent aquesta cultura entre tot el nostre equip i entre els nostres clients.<\/p>\n<p>&nbsp;<\/p>\n<h3 style=\"text-align: center;\"><strong>RISK XXI &#8211; Prl &amp; Services<\/strong><\/h3>\n<h3 style=\"text-align: center;\"><strong>COMPROMESOS AMB ELS ODS<\/strong><\/h3>\n<h3 style=\"text-align: center;\"><a href=\"https:\/\/www.un.org\/sustainabledevelopment\/es\/objetivos-de-desarrollo-sostenible\/\" target=\"_blank\" rel=\"noopener noreferrer\"><strong>OBJECTIUS DE DESENVOLUPAMENT SOSTENIBLE &#8211; AGENDA 2030<\/strong><\/a><\/h3>\n<p><strong>\u00a0<\/strong>[\/vc_column_text][\/vc_column][\/vc_row]<\/p>\n<\/div>","protected":false},"excerpt":{"rendered":"<p>[vc_row css=&#8221;.vc_custom_1456920649253{margin-bottom: 0px !important;}&#8221;][vc_column css=&#8221;.vc_custom_1456763475711{margin-top: -50px !important;}&#8221;][vc_empty_space height=&#8221;60px&#8221;][vc_custom_heading source=&#8221;post_title&#8221; font_container=&#8221;tag:h2|font_size:36px|text_align:center|color:%23000000|line_height:40px&#8221; google_fonts=&#8221;font_family:Open%20Sans%3A300%2C300italic%2Cregular%2Citalic%2C600%2C600italic%2C700%2C700italic%2C800%2C800italic|font_style:300%20light%20regular%3A300%3Anormal&#8221;][vc_single_image image=&#8221;4258&#8243; img_size=&#8221;full&#8221; alignment=&#8221;center&#8221; animation=&#8221;rda_fadeIn&#8221;][vc_column_text] VALORS DE RISK XXI \u2013 Prl &amp; Services Els VALORS d\u2019una empresa han de ser molt m\u00e9s que intencions i paraules boniques. Han de ser inspiradors, i traslladar-se al dia a dia i a les accions que fa l\u2019empresa i<br \/><a href=\"https:\/\/www.risk21.com\/ca\/valors\/\" class=\"more\">Llegir m\u00e9s<\/a><\/p>\n","protected":false},"author":1,"featured_media":0,"parent":0,"menu_order":0,"comment_status":"closed","ping_status":"closed","template":"","meta":{"footnotes":""},"class_list":["post-8695","page","type-page","status-publish","hentry"],"yoast_head":"<!-- This site is optimized with the Yoast SEO plugin v25.3.1 - https:\/\/yoast.com\/wordpress\/plugins\/seo\/ -->\n<title>Valors - Risk XXI<\/title>\n<meta name=\"robots\" content=\"index, follow, max-snippet:-1, max-image-preview:large, max-video-preview:-1\" \/>\n<link rel=\"canonical\" href=\"https:\/\/www.risk21.com\/ca\/valors\/\" \/>\n<meta property=\"og:locale\" content=\"ca_ES\" \/>\n<meta property=\"og:type\" content=\"article\" \/>\n<meta property=\"og:title\" content=\"Valors - Risk XXI\" \/>\n<meta property=\"og:description\" content=\"[vc_row css=&#8221;.vc_custom_1456920649253{margin-bottom: 0px !important;}&#8221;][vc_column css=&#8221;.vc_custom_1456763475711{margin-top: -50px !important;}&#8221;][vc_empty_space height=&#8221;60px&#8221;][vc_custom_heading source=&#8221;post_title&#8221; font_container=&#8221;tag:h2|font_size:36px|text_align:center|color:%23000000|line_height:40px&#8221; google_fonts=&#8221;font_family:Open%20Sans%3A300%2C300italic%2Cregular%2Citalic%2C600%2C600italic%2C700%2C700italic%2C800%2C800italic|font_style:300%20light%20regular%3A300%3Anormal&#8221;][vc_single_image image=&#8221;4258&#8243; img_size=&#8221;full&#8221; alignment=&#8221;center&#8221; animation=&#8221;rda_fadeIn&#8221;][vc_column_text] VALORS DE RISK XXI \u2013 Prl &amp; Services Els VALORS d\u2019una empresa han de ser molt m\u00e9s que intencions i paraules boniques. Han de ser inspiradors, i traslladar-se al dia a dia i a les accions que fa l\u2019empresa iLlegir m\u00e9s\" \/>\n<meta property=\"og:url\" content=\"https:\/\/www.risk21.com\/ca\/valors\/\" \/>\n<meta property=\"og:site_name\" content=\"Risk XXI\" \/>\n<meta property=\"article:modified_time\" content=\"2019-03-20T18:24:51+00:00\" \/>\n<meta name=\"twitter:card\" content=\"summary_large_image\" \/>\n<meta name=\"twitter:label1\" content=\"Temps estimat de lectura\" \/>\n\t<meta name=\"twitter:data1\" content=\"5 minuts\" \/>\n<script type=\"application\/ld+json\" class=\"yoast-schema-graph\">{\"@context\":\"https:\/\/schema.org\",\"@graph\":[{\"@type\":\"WebPage\",\"@id\":\"https:\/\/www.risk21.com\/ca\/valors\/\",\"url\":\"https:\/\/www.risk21.com\/ca\/valors\/\",\"name\":\"Valors - Risk XXI\",\"isPartOf\":{\"@id\":\"https:\/\/www.risk21.com\/#website\"},\"datePublished\":\"2019-01-23T14:22:05+00:00\",\"dateModified\":\"2019-03-20T18:24:51+00:00\",\"breadcrumb\":{\"@id\":\"https:\/\/www.risk21.com\/ca\/valors\/#breadcrumb\"},\"inLanguage\":\"ca\",\"potentialAction\":[{\"@type\":\"ReadAction\",\"target\":[\"https:\/\/www.risk21.com\/ca\/valors\/\"]}]},{\"@type\":\"BreadcrumbList\",\"@id\":\"https:\/\/www.risk21.com\/ca\/valors\/#breadcrumb\",\"itemListElement\":[{\"@type\":\"ListItem\",\"position\":1,\"name\":\"Portada\",\"item\":\"https:\/\/www.risk21.com\/ca\/\"},{\"@type\":\"ListItem\",\"position\":2,\"name\":\"Valors\"}]},{\"@type\":\"WebSite\",\"@id\":\"https:\/\/www.risk21.com\/#website\",\"url\":\"https:\/\/www.risk21.com\/\",\"name\":\"Risk XXI\",\"description\":\"Prl &amp; Services\",\"potentialAction\":[{\"@type\":\"SearchAction\",\"target\":{\"@type\":\"EntryPoint\",\"urlTemplate\":\"https:\/\/www.risk21.com\/?s={search_term_string}\"},\"query-input\":{\"@type\":\"PropertyValueSpecification\",\"valueRequired\":true,\"valueName\":\"search_term_string\"}}],\"inLanguage\":\"ca\"}]}<\/script>\n<!-- \/ Yoast SEO plugin. -->","yoast_head_json":{"title":"Valors - Risk XXI","robots":{"index":"index","follow":"follow","max-snippet":"max-snippet:-1","max-image-preview":"max-image-preview:large","max-video-preview":"max-video-preview:-1"},"canonical":"https:\/\/www.risk21.com\/ca\/valors\/","og_locale":"ca_ES","og_type":"article","og_title":"Valors - Risk XXI","og_description":"[vc_row css=&#8221;.vc_custom_1456920649253{margin-bottom: 0px !important;}&#8221;][vc_column css=&#8221;.vc_custom_1456763475711{margin-top: -50px !important;}&#8221;][vc_empty_space height=&#8221;60px&#8221;][vc_custom_heading source=&#8221;post_title&#8221; font_container=&#8221;tag:h2|font_size:36px|text_align:center|color:%23000000|line_height:40px&#8221; google_fonts=&#8221;font_family:Open%20Sans%3A300%2C300italic%2Cregular%2Citalic%2C600%2C600italic%2C700%2C700italic%2C800%2C800italic|font_style:300%20light%20regular%3A300%3Anormal&#8221;][vc_single_image image=&#8221;4258&#8243; img_size=&#8221;full&#8221; alignment=&#8221;center&#8221; animation=&#8221;rda_fadeIn&#8221;][vc_column_text] VALORS DE RISK XXI \u2013 Prl &amp; Services Els VALORS d\u2019una empresa han de ser molt m\u00e9s que intencions i paraules boniques. Han de ser inspiradors, i traslladar-se al dia a dia i a les accions que fa l\u2019empresa iLlegir m\u00e9s","og_url":"https:\/\/www.risk21.com\/ca\/valors\/","og_site_name":"Risk XXI","article_modified_time":"2019-03-20T18:24:51+00:00","twitter_card":"summary_large_image","twitter_misc":{"Temps estimat de lectura":"5 minuts"},"schema":{"@context":"https:\/\/schema.org","@graph":[{"@type":"WebPage","@id":"https:\/\/www.risk21.com\/ca\/valors\/","url":"https:\/\/www.risk21.com\/ca\/valors\/","name":"Valors - Risk XXI","isPartOf":{"@id":"https:\/\/www.risk21.com\/#website"},"datePublished":"2019-01-23T14:22:05+00:00","dateModified":"2019-03-20T18:24:51+00:00","breadcrumb":{"@id":"https:\/\/www.risk21.com\/ca\/valors\/#breadcrumb"},"inLanguage":"ca","potentialAction":[{"@type":"ReadAction","target":["https:\/\/www.risk21.com\/ca\/valors\/"]}]},{"@type":"BreadcrumbList","@id":"https:\/\/www.risk21.com\/ca\/valors\/#breadcrumb","itemListElement":[{"@type":"ListItem","position":1,"name":"Portada","item":"https:\/\/www.risk21.com\/ca\/"},{"@type":"ListItem","position":2,"name":"Valors"}]},{"@type":"WebSite","@id":"https:\/\/www.risk21.com\/#website","url":"https:\/\/www.risk21.com\/","name":"Risk XXI","description":"Prl &amp; Services","potentialAction":[{"@type":"SearchAction","target":{"@type":"EntryPoint","urlTemplate":"https:\/\/www.risk21.com\/?s={search_term_string}"},"query-input":{"@type":"PropertyValueSpecification","valueRequired":true,"valueName":"search_term_string"}}],"inLanguage":"ca"}]}},"_links":{"self":[{"href":"https:\/\/www.risk21.com\/ca\/wp-json\/wp\/v2\/pages\/8695","targetHints":{"allow":["GET"]}}],"collection":[{"href":"https:\/\/www.risk21.com\/ca\/wp-json\/wp\/v2\/pages"}],"about":[{"href":"https:\/\/www.risk21.com\/ca\/wp-json\/wp\/v2\/types\/page"}],"author":[{"embeddable":true,"href":"https:\/\/www.risk21.com\/ca\/wp-json\/wp\/v2\/users\/1"}],"replies":[{"embeddable":true,"href":"https:\/\/www.risk21.com\/ca\/wp-json\/wp\/v2\/comments?post=8695"}],"version-history":[{"count":4,"href":"https:\/\/www.risk21.com\/ca\/wp-json\/wp\/v2\/pages\/8695\/revisions"}],"predecessor-version":[{"id":9314,"href":"https:\/\/www.risk21.com\/ca\/wp-json\/wp\/v2\/pages\/8695\/revisions\/9314"}],"wp:attachment":[{"href":"https:\/\/www.risk21.com\/ca\/wp-json\/wp\/v2\/media?parent=8695"}],"curies":[{"name":"wp","href":"https:\/\/api.w.org\/{rel}","templated":true}]}}