{"id":8687,"date":"2019-01-23T14:14:01","date_gmt":"2019-01-23T14:14:01","guid":{"rendered":"https:\/\/www.risk21.com\/ca\/?page_id=8687"},"modified":"2019-01-23T14:14:01","modified_gmt":"2019-01-23T14:14:01","slug":"serveis","status":"publish","type":"page","link":"https:\/\/www.risk21.com\/ca\/serveis\/","title":{"rendered":"Serveis"},"content":{"rendered":"<div class=\"wpb-content-wrapper\"><p>[vc_row css=&#8221;.vc_custom_1548243868117{margin-bottom: 0px !important;padding-top: 10px !important;padding-bottom: 30px !important;}&#8221;][vc_column][vc_custom_heading text=&#8221;Serveis&#8221; font_container=&#8221;tag:h2|font_size:36px|text_align:center|color:%23333333|line_height:40px&#8221; google_fonts=&#8221;font_family:Open%20Sans%3A300%2C300italic%2Cregular%2Citalic%2C600%2C600italic%2C700%2C700italic%2C800%2C800italic|font_style:300%20light%20regular%3A300%3Anormal&#8221; css=&#8221;.vc_custom_1548252356823{margin-bottom: 23px !important;}&#8221;]<style type=\"text\/css\" >#l_12znyuuk20f8yc9zlc27{width:100px;}#l_12znyuuk20f8yc9zlc27.sc_line ,#l_12znyuuk20f8yc9zlc27 .sc_line { height:1px; background: #ff9900; background: -moz-linear-gradient(90deg, #ff9900 0%, #fab956 100%); background: -webkit-gradient(linear, left top, right bottom, color-stop(0%,#ff9900), color-stop(100%,#fab956)); background: -webkit-linear-gradient(90deg, #ff9900 0%,#fab956 100%); background: -o-linear-gradient(90deg, #ff9900 0%,#fab956 100%); background: -ms-linear-gradient(90deg, #ff9900 0%,#fab956 100%); background: linear-gradient(90deg, #ff9900 0%,#fab956 100%);}#l_12znyuuk20f8yc9zlc27.sc_line ,#l_12znyuuk20f8yc9zlc27 .sc_line{margin-left:auto!important; margin-right:auto!important;}#l_12znyuuk20f8yc9zlc27 {margin:0px 0 20px 0; padding:0;}<\/style><div class=\"clearfix\"><\/div><div id=\"l_12znyuuk20f8yc9zlc27\"  class=\"sc_line rd_line_normal\" ><\/div>[vc_row_inner css=&#8221;.vc_custom_1437979582965{margin-bottom: 0px !important;}&#8221;][vc_column_inner width=&#8221;1\/3&#8243; css=&#8221;.vc_custom_1437979577489{padding-bottom: 40px !important;}&#8221;]<style type=\"text\/css\" >#rand_d4m3mez3eigiiv2m0yh3 {margin-top:0px; margin-bottom:0px; }<\/style><style type='text\/css'> @font-face{font-family: 'ba'; src:url('https:\/\/www.risk21.com\/wp-content\/themes\/thefox\/includes\/4k-icons\/icons\/4k-icons-pack01\/icons\/fonts\/ba.eot'); src:url('https:\/\/www.risk21.com\/wp-content\/themes\/thefox\/includes\/4k-icons\/icons\/4k-icons-pack01\/icons\/fonts\/ba.eot?#iefix') format('embedded-opentype'), url('https:\/\/www.risk21.com\/wp-content\/themes\/thefox\/includes\/4k-icons\/icons\/4k-icons-pack01\/icons\/fonts\/ba.woff') format('woff'), url('https:\/\/www.risk21.com\/wp-content\/themes\/thefox\/includes\/4k-icons\/icons\/4k-icons-pack01\/icons\/fonts\/ba.ttf') format('truetype'), url('https:\/\/www.risk21.com\/wp-content\/themes\/thefox\/includes\/4k-icons\/icons\/4k-icons-pack01\/icons\/fonts\/ba.svg#oi') format('svg'); font-weight: normal; font-style: normal;}#rand_d4m3mez3eigiiv2m0yh3 .ba-podcast1:before{font-family: 'ba'; font-weight: normal; font-style: normal;}#rand_d4m3mez3eigiiv2m0yh3 .ba-podcast1:before{content: \"\\e8ee\";}<\/style>\n<a href=\"metode-rhs\" target=\"_self\" ><div id=\"rand_d4m3mez3eigiiv2m0yh3\" class=\"icon_box_mi_b \"><i class=\"ba-podcast1\" style=\"color:#ff9900;\"><\/i><h3 style=\"color:#333333;\">M\u00e8tode RHS \u2013 Risk &amp; Hazards Simulators<\/h3><p style=\"color:#575757\">El\u00a0<strong>M\u00c8TODE RHS<\/strong>\u00a0(Risk &amp; Hazards Simulators) \u00e9s un sistema de doc\u00e8ncia basat en la\u00a0<strong>PRACTICA AMB SIMULADORS.<\/strong><\/p><\/div><\/a>[\/vc_column_inner][vc_column_inner width=&#8221;1\/3&#8243; css=&#8221;.vc_custom_1437979790856{padding-bottom: 40px !important;}&#8221;]<style type=\"text\/css\" >#rand_m5bfau2si5e78a52g1qp {margin-top:0px; margin-bottom:0px; }<\/style><style type='text\/css'> @font-face{font-family: 'ion'; src:url('https:\/\/www.risk21.com\/wp-content\/themes\/thefox\/includes\/4k-icons\/icons\/4k-icons-pack03\/icons\/fonts\/ion.eot'); src:url('https:\/\/www.risk21.com\/wp-content\/themes\/thefox\/includes\/4k-icons\/icons\/4k-icons-pack03\/icons\/fonts\/ion.eot?#iefix') format('embedded-opentype'), url('https:\/\/www.risk21.com\/wp-content\/themes\/thefox\/includes\/4k-icons\/icons\/4k-icons-pack03\/icons\/fonts\/ion.woff') format('woff'), url('https:\/\/www.risk21.com\/wp-content\/themes\/thefox\/includes\/4k-icons\/icons\/4k-icons-pack03\/icons\/fonts\/ion.ttf') format('truetype'), url('https:\/\/www.risk21.com\/wp-content\/themes\/thefox\/includes\/4k-icons\/icons\/4k-icons-pack03\/icons\/fonts\/ion.svg#oi') format('svg'); font-weight: normal; font-style: normal;}#rand_m5bfau2si5e78a52g1qp .ion-social-rss:before{font-family: 'ion'; font-weight: normal; font-style: normal;}#rand_m5bfau2si5e78a52g1qp .ion-social-rss:before{content: \"\\e9e0\";}<\/style>\n<a href=\"serveis-comunicacio-risk-xxi\" target=\"_self\" ><div id=\"rand_m5bfau2si5e78a52g1qp\" class=\"icon_box_mi_b \"><i class=\"ion-social-rss\" style=\"color:#ff9900;\"><\/i><h3 style=\"color:#333333;\">Comunicaci\u00f3 HS&amp;E y PRL<\/h3><p style=\"color:#575757\">\u201cRisk XXI \u2013 Comunicaci\u00f3\u201d. La primera ag\u00e8ncia de comunicaci\u00f3 especialitzada en \u201cHealth &amp; Safety\u201d i \u00a0Prevenci\u00f3 de Riscos Laborals \u2013 PRL.<\/p><\/div><\/a>[\/vc_column_inner][vc_column_inner width=&#8221;1\/3&#8243; css=&#8221;.vc_custom_1437979800776{padding-top: 0px !important;padding-bottom: 40px !important;}&#8221;]<style type=\"text\/css\" >#rand_buo3uz49akkkqah1d13z {margin-top:0px; margin-bottom:0px; }<\/style><style type='text\/css'> @font-face{font-family: 'ion'; src:url('https:\/\/www.risk21.com\/wp-content\/themes\/thefox\/includes\/4k-icons\/icons\/4k-icons-pack03\/icons\/fonts\/ion.eot'); src:url('https:\/\/www.risk21.com\/wp-content\/themes\/thefox\/includes\/4k-icons\/icons\/4k-icons-pack03\/icons\/fonts\/ion.eot?#iefix') format('embedded-opentype'), url('https:\/\/www.risk21.com\/wp-content\/themes\/thefox\/includes\/4k-icons\/icons\/4k-icons-pack03\/icons\/fonts\/ion.woff') format('woff'), url('https:\/\/www.risk21.com\/wp-content\/themes\/thefox\/includes\/4k-icons\/icons\/4k-icons-pack03\/icons\/fonts\/ion.ttf') format('truetype'), url('https:\/\/www.risk21.com\/wp-content\/themes\/thefox\/includes\/4k-icons\/icons\/4k-icons-pack03\/icons\/fonts\/ion.svg#oi') format('svg'); font-weight: normal; font-style: normal;}#rand_buo3uz49akkkqah1d13z .ion-umbrella:before{font-family: 'ion'; font-weight: normal; font-style: normal;}#rand_buo3uz49akkkqah1d13z .ion-umbrella:before{content: \"\\e9fe\";}<\/style>\n<a href=\"servei-de-prevencio-alie-spa\" target=\"_self\" ><div id=\"rand_buo3uz49akkkqah1d13z\" class=\"icon_box_mi_b \"><i class=\"ion-umbrella\" style=\"color:#ff9900;\"><\/i><h3 style=\"color:#333333;\">Servicio de Prevenci\u00f3 Ali\u00e8 (SPA)<\/h3><p style=\"color:#575757\">Som ESPECIALISTES EN PREVENCI\u00d3 DE RISCOS LABORALS.\u00a0Podem oferir un SERVEI INTEGRAL\u00a0en mat\u00e8ria de prevenci\u00f3 de riscos laborals i donar-li la cobertura legal obligat\u00f2ria com a Servei de Prevenci\u00f3.<\/p><\/div><\/a>[\/vc_column_inner][\/vc_row_inner][vc_row_inner css=&#8221;.vc_custom_1437979582965{margin-bottom: 0px !important;}&#8221;][vc_column_inner width=&#8221;1\/3&#8243; css=&#8221;.vc_custom_1437979577489{padding-bottom: 40px !important;}&#8221;]<style type=\"text\/css\" >#rand_89az9dffawyag59tsfhz {margin-top:0px; margin-bottom:0px; }<\/style><style type='text\/css'> @font-face{font-family: 'ion'; src:url('https:\/\/www.risk21.com\/wp-content\/themes\/thefox\/includes\/4k-icons\/icons\/4k-icons-pack03\/icons\/fonts\/ion.eot'); src:url('https:\/\/www.risk21.com\/wp-content\/themes\/thefox\/includes\/4k-icons\/icons\/4k-icons-pack03\/icons\/fonts\/ion.eot?#iefix') format('embedded-opentype'), url('https:\/\/www.risk21.com\/wp-content\/themes\/thefox\/includes\/4k-icons\/icons\/4k-icons-pack03\/icons\/fonts\/ion.woff') format('woff'), url('https:\/\/www.risk21.com\/wp-content\/themes\/thefox\/includes\/4k-icons\/icons\/4k-icons-pack03\/icons\/fonts\/ion.ttf') format('truetype'), url('https:\/\/www.risk21.com\/wp-content\/themes\/thefox\/includes\/4k-icons\/icons\/4k-icons-pack03\/icons\/fonts\/ion.svg#oi') format('svg'); font-weight: normal; font-style: normal;}#rand_89az9dffawyag59tsfhz .ion-ios7-medkit:before{font-family: 'ion'; font-weight: normal; font-style: normal;}#rand_89az9dffawyag59tsfhz .ion-ios7-medkit:before{content: \"\\e91d\";}<\/style>\n<a href=\"servei-medicina-del-treball-i-vigilancia-de-la-salut\" target=\"_self\" ><div id=\"rand_89az9dffawyag59tsfhz\" class=\"icon_box_mi_b \"><i class=\"ion-ios7-medkit\" style=\"color:#ff9900;\"><\/i><h3 style=\"color:#333333;\">Medicina del Treball i Vigil\u00e0ncia de la Salut<\/h3><p style=\"color:#575757\">A m\u00e9s de les disciplines t\u00e8cniques de PRL,\u00a0<strong>RISK XXI<\/strong>\u00a0tamb\u00e9\u00a0ofereix el servei de Medicina del Treball i Vigil\u00e0ncia de la salut per als seus empleats.<\/p><\/div><\/a>[\/vc_column_inner][vc_column_inner width=&#8221;1\/3&#8243; css=&#8221;.vc_custom_1437979790856{padding-bottom: 40px !important;}&#8221;]<style type=\"text\/css\" >#rand_gakmzhr479s31f0235j6 {margin-top:0px; margin-bottom:0px; }<\/style><style type='text\/css'> @font-face{font-family: 'ion'; src:url('https:\/\/www.risk21.com\/wp-content\/themes\/thefox\/includes\/4k-icons\/icons\/4k-icons-pack03\/icons\/fonts\/ion.eot'); src:url('https:\/\/www.risk21.com\/wp-content\/themes\/thefox\/includes\/4k-icons\/icons\/4k-icons-pack03\/icons\/fonts\/ion.eot?#iefix') format('embedded-opentype'), url('https:\/\/www.risk21.com\/wp-content\/themes\/thefox\/includes\/4k-icons\/icons\/4k-icons-pack03\/icons\/fonts\/ion.woff') format('woff'), url('https:\/\/www.risk21.com\/wp-content\/themes\/thefox\/includes\/4k-icons\/icons\/4k-icons-pack03\/icons\/fonts\/ion.ttf') format('truetype'), url('https:\/\/www.risk21.com\/wp-content\/themes\/thefox\/includes\/4k-icons\/icons\/4k-icons-pack03\/icons\/fonts\/ion.svg#oi') format('svg'); font-weight: normal; font-style: normal;}#rand_gakmzhr479s31f0235j6 .ion-stats-bars:before{font-family: 'ion'; font-weight: normal; font-style: normal;}#rand_gakmzhr479s31f0235j6 .ion-stats-bars:before{content: \"\\e9f6\";}<\/style>\n<a href=\"servei-coordinacio-activitats-empresarials\" target=\"_self\" ><div id=\"rand_gakmzhr479s31f0235j6\" class=\"icon_box_mi_b \"><i class=\"ion-stats-bars\" style=\"color:#ff9900;\"><\/i><h3 style=\"color:#333333;\">Coordinaci\u00f3 Activitats Empresarials<\/h3><p style=\"color:#575757\">Recolzament i implantaci\u00f3 d\u2019una metodolog\u00eda de treball i un sistema de seguiment de les actuacions de Coordinaci\u00f3 Empresarial entre empreses i organitzacions en mat\u00e8ria de PRL.<\/p><\/div><\/a>[\/vc_column_inner][vc_column_inner width=&#8221;1\/3&#8243; css=&#8221;.vc_custom_1437979800776{padding-top: 0px !important;padding-bottom: 40px !important;}&#8221;]<style type=\"text\/css\" >#rand_brjfriqijz8sqfm038r9 {margin-top:0px; margin-bottom:0px; }<\/style><style type='text\/css'> @font-face{font-family: 'ion'; src:url('https:\/\/www.risk21.com\/wp-content\/themes\/thefox\/includes\/4k-icons\/icons\/4k-icons-pack03\/icons\/fonts\/ion.eot'); src:url('https:\/\/www.risk21.com\/wp-content\/themes\/thefox\/includes\/4k-icons\/icons\/4k-icons-pack03\/icons\/fonts\/ion.eot?#iefix') format('embedded-opentype'), url('https:\/\/www.risk21.com\/wp-content\/themes\/thefox\/includes\/4k-icons\/icons\/4k-icons-pack03\/icons\/fonts\/ion.woff') format('woff'), url('https:\/\/www.risk21.com\/wp-content\/themes\/thefox\/includes\/4k-icons\/icons\/4k-icons-pack03\/icons\/fonts\/ion.ttf') format('truetype'), url('https:\/\/www.risk21.com\/wp-content\/themes\/thefox\/includes\/4k-icons\/icons\/4k-icons-pack03\/icons\/fonts\/ion.svg#oi') format('svg'); font-weight: normal; font-style: normal;}#rand_brjfriqijz8sqfm038r9 .ion-videocamera:before{font-family: 'ion'; font-weight: normal; font-style: normal;}#rand_brjfriqijz8sqfm038r9 .ion-videocamera:before{content: \"\\ea02\";}<\/style>\n<a href=\"servei-especific-per-al-sector-audiovisual\" target=\"_self\" ><div id=\"rand_brjfriqijz8sqfm038r9\" class=\"icon_box_mi_b \"><i class=\"ion-videocamera\" style=\"color:#ff9900;\"><\/i><h3 style=\"color:#333333;\">Espec\u00edfics per al sector audiovisual<\/h3><p style=\"color:#575757\">Productores de cinema, de TV i de Publicitat, emissores de r\u00e0dio, canals de TV, Serveis auxiliars (unitats m\u00f2bils, conexi\u00f3 via sat\u00e8l\u00b7lit, edici\u00f3, etc..), il\u00b7luminaci\u00f3, sonoritzaci\u00f3, escenaris i muntatges ef\u00edmers&#8230;<\/p><\/div><\/a>[\/vc_column_inner][\/vc_row_inner][vc_row_inner][vc_column_inner width=&#8221;1\/3&#8243;]<style type=\"text\/css\" >#rand_czwtkfya7huzvyageeyv {margin-top:0px; margin-bottom:0px; }<\/style><style type='text\/css'> @font-face{font-family: 'ion'; src:url('https:\/\/www.risk21.com\/wp-content\/themes\/thefox\/includes\/4k-icons\/icons\/4k-icons-pack03\/icons\/fonts\/ion.eot'); src:url('https:\/\/www.risk21.com\/wp-content\/themes\/thefox\/includes\/4k-icons\/icons\/4k-icons-pack03\/icons\/fonts\/ion.eot?#iefix') format('embedded-opentype'), url('https:\/\/www.risk21.com\/wp-content\/themes\/thefox\/includes\/4k-icons\/icons\/4k-icons-pack03\/icons\/fonts\/ion.woff') format('woff'), url('https:\/\/www.risk21.com\/wp-content\/themes\/thefox\/includes\/4k-icons\/icons\/4k-icons-pack03\/icons\/fonts\/ion.ttf') format('truetype'), url('https:\/\/www.risk21.com\/wp-content\/themes\/thefox\/includes\/4k-icons\/icons\/4k-icons-pack03\/icons\/fonts\/ion.svg#oi') format('svg'); font-weight: normal; font-style: normal;}#rand_czwtkfya7huzvyageeyv .ion-folder:before{font-family: 'ion'; font-weight: normal; font-style: normal;}#rand_czwtkfya7huzvyageeyv .ion-folder:before{content: \"\\e898\";}<\/style>\n<a href=\"servei-risk-xxi-area-legal-assesoria-tecnico-juridica-en-prl\" target=\"_self\" ><div id=\"rand_czwtkfya7huzvyageeyv\" class=\"icon_box_mi_b \"><i class=\"ion-folder\" style=\"color:#ff9900;\"><\/i><h3 style=\"color:#333333;\">\u00c0rea Legal (Assesoria T\u00e8cnico Jur\u00eddica en PRL)<\/h3><p style=\"color:#575757\">Peritatjes i suport t\u00e8cnic en prevenci\u00f3 de riscos laborals per a advocats, graduats socials, RR.LL. i altres operadors jur\u00eddics.<\/p><\/div><\/a>[\/vc_column_inner][vc_column_inner width=&#8221;1\/3&#8243;]<style type=\"text\/css\" >#rand_sjlvzx7u16y1g6135apb {margin-top:0px; margin-bottom:0px; }<\/style><style type='text\/css'> @font-face{font-family: 'fa'; src:url('https:\/\/www.risk21.com\/wp-content\/themes\/thefox\/includes\/4k-icons\/icons\/4k-icons-pack02\/icons\/fonts\/fa.eot'); src:url('https:\/\/www.risk21.com\/wp-content\/themes\/thefox\/includes\/4k-icons\/icons\/4k-icons-pack02\/icons\/fonts\/fa.eot?#iefix') format('embedded-opentype'), url('https:\/\/www.risk21.com\/wp-content\/themes\/thefox\/includes\/4k-icons\/icons\/4k-icons-pack02\/icons\/fonts\/fa.woff') format('woff'), url('https:\/\/www.risk21.com\/wp-content\/themes\/thefox\/includes\/4k-icons\/icons\/4k-icons-pack02\/icons\/fonts\/fa.ttf') format('truetype'), url('https:\/\/www.risk21.com\/wp-content\/themes\/thefox\/includes\/4k-icons\/icons\/4k-icons-pack02\/icons\/fonts\/fa.svg#oi') format('svg'); font-weight: normal; font-style: normal;}#rand_sjlvzx7u16y1g6135apb .fa-life-saver:before{font-family: 'fa'; font-weight: normal; font-style: normal;}<\/style>\n<a href=\"metodo-smart-safety\" target=\"_self\" ><div id=\"rand_sjlvzx7u16y1g6135apb\" class=\"icon_box_mi_b \"><i class=\"fa-life-saver\" style=\"color:#ff9900;\"><\/i><h3 style=\"color:#333333;\">M\u00e8tode SMART SAFETY<\/h3><p style=\"color:#575757\">Un m\u00e8tode exclusiu per triomfar en mat\u00e8ria de consci\u00e8ncia sobre la seguretat<\/p><\/div><\/a>[\/vc_column_inner][vc_column_inner width=&#8221;1\/3&#8243;][\/vc_column_inner][\/vc_row_inner][\/vc_column][\/vc_row]<\/p>\n<\/div>","protected":false},"excerpt":{"rendered":"<p>[vc_row css=&#8221;.vc_custom_1548243868117{margin-bottom: 0px !important;padding-top: 10px !important;padding-bottom: 30px !important;}&#8221;][vc_column][vc_custom_heading text=&#8221;Serveis&#8221; font_container=&#8221;tag:h2|font_size:36px|text_align:center|color:%23333333|line_height:40px&#8221; google_fonts=&#8221;font_family:Open%20Sans%3A300%2C300italic%2Cregular%2Citalic%2C600%2C600italic%2C700%2C700italic%2C800%2C800italic|font_style:300%20light%20regular%3A300%3Anormal&#8221; css=&#8221;.vc_custom_1548252356823{margin-bottom: 23px !important;}&#8221;][vc_row_inner css=&#8221;.vc_custom_1437979582965{margin-bottom: 0px !important;}&#8221;][vc_column_inner width=&#8221;1\/3&#8243; css=&#8221;.vc_custom_1437979577489{padding-bottom: 40px !important;}&#8221;] M\u00e8tode RHS \u2013 Risk &amp; Hazards SimulatorsEl\u00a0M\u00c8TODE RHS\u00a0(Risk &amp; Hazards Simulators) \u00e9s un sistema de doc\u00e8ncia basat en la\u00a0PRACTICA AMB SIMULADORS.[\/vc_column_inner][vc_column_inner width=&#8221;1\/3&#8243; css=&#8221;.vc_custom_1437979790856{padding-bottom: 40px !important;}&#8221;] Comunicaci\u00f3 HS&amp;E y PRL\u201cRisk XXI \u2013 Comunicaci\u00f3\u201d. La primera<br \/><a href=\"https:\/\/www.risk21.com\/ca\/serveis\/\" class=\"more\">Llegir m\u00e9s<\/a><\/p>\n","protected":false},"author":1,"featured_media":0,"parent":0,"menu_order":0,"comment_status":"closed","ping_status":"closed","template":"","meta":{"footnotes":""},"class_list":["post-8687","page","type-page","status-publish","hentry"],"yoast_head":"<!-- This site is optimized with the Yoast SEO plugin v25.3.1 - https:\/\/yoast.com\/wordpress\/plugins\/seo\/ -->\n<title>Serveis - Risk XXI<\/title>\n<meta name=\"robots\" content=\"index, follow, max-snippet:-1, max-image-preview:large, max-video-preview:-1\" \/>\n<link rel=\"canonical\" href=\"https:\/\/www.risk21.com\/ca\/serveis\/\" \/>\n<meta property=\"og:locale\" content=\"ca_ES\" \/>\n<meta property=\"og:type\" content=\"article\" \/>\n<meta property=\"og:title\" content=\"Serveis - Risk XXI\" \/>\n<meta property=\"og:description\" content=\"[vc_row css=&#8221;.vc_custom_1548243868117{margin-bottom: 0px !important;padding-top: 10px !important;padding-bottom: 30px !important;}&#8221;][vc_column][vc_custom_heading text=&#8221;Serveis&#8221; font_container=&#8221;tag:h2|font_size:36px|text_align:center|color:%23333333|line_height:40px&#8221; google_fonts=&#8221;font_family:Open%20Sans%3A300%2C300italic%2Cregular%2Citalic%2C600%2C600italic%2C700%2C700italic%2C800%2C800italic|font_style:300%20light%20regular%3A300%3Anormal&#8221; css=&#8221;.vc_custom_1548252356823{margin-bottom: 23px !important;}&#8221;][vc_row_inner css=&#8221;.vc_custom_1437979582965{margin-bottom: 0px !important;}&#8221;][vc_column_inner width=&#8221;1\/3&#8243; css=&#8221;.vc_custom_1437979577489{padding-bottom: 40px !important;}&#8221;] M\u00e8tode RHS \u2013 Risk &amp; Hazards SimulatorsEl\u00a0M\u00c8TODE RHS\u00a0(Risk &amp; Hazards Simulators) \u00e9s un sistema de doc\u00e8ncia basat en la\u00a0PRACTICA AMB SIMULADORS.[\/vc_column_inner][vc_column_inner width=&#8221;1\/3&#8243; css=&#8221;.vc_custom_1437979790856{padding-bottom: 40px !important;}&#8221;] Comunicaci\u00f3 HS&amp;E y PRL\u201cRisk XXI \u2013 Comunicaci\u00f3\u201d. La primeraLlegir m\u00e9s\" \/>\n<meta property=\"og:url\" content=\"https:\/\/www.risk21.com\/ca\/serveis\/\" \/>\n<meta property=\"og:site_name\" content=\"Risk XXI\" \/>\n<meta name=\"twitter:card\" content=\"summary_large_image\" \/>\n<meta name=\"twitter:label1\" content=\"Temps estimat de lectura\" \/>\n\t<meta name=\"twitter:data1\" content=\"3 minuts\" \/>\n<script type=\"application\/ld+json\" class=\"yoast-schema-graph\">{\"@context\":\"https:\/\/schema.org\",\"@graph\":[{\"@type\":\"WebPage\",\"@id\":\"https:\/\/www.risk21.com\/ca\/serveis\/\",\"url\":\"https:\/\/www.risk21.com\/ca\/serveis\/\",\"name\":\"Serveis - Risk XXI\",\"isPartOf\":{\"@id\":\"https:\/\/www.risk21.com\/#website\"},\"datePublished\":\"2019-01-23T14:14:01+00:00\",\"breadcrumb\":{\"@id\":\"https:\/\/www.risk21.com\/ca\/serveis\/#breadcrumb\"},\"inLanguage\":\"ca\",\"potentialAction\":[{\"@type\":\"ReadAction\",\"target\":[\"https:\/\/www.risk21.com\/ca\/serveis\/\"]}]},{\"@type\":\"BreadcrumbList\",\"@id\":\"https:\/\/www.risk21.com\/ca\/serveis\/#breadcrumb\",\"itemListElement\":[{\"@type\":\"ListItem\",\"position\":1,\"name\":\"Portada\",\"item\":\"https:\/\/www.risk21.com\/ca\/\"},{\"@type\":\"ListItem\",\"position\":2,\"name\":\"Serveis\"}]},{\"@type\":\"WebSite\",\"@id\":\"https:\/\/www.risk21.com\/#website\",\"url\":\"https:\/\/www.risk21.com\/\",\"name\":\"Risk XXI\",\"description\":\"Prl &amp; Services\",\"potentialAction\":[{\"@type\":\"SearchAction\",\"target\":{\"@type\":\"EntryPoint\",\"urlTemplate\":\"https:\/\/www.risk21.com\/?s={search_term_string}\"},\"query-input\":{\"@type\":\"PropertyValueSpecification\",\"valueRequired\":true,\"valueName\":\"search_term_string\"}}],\"inLanguage\":\"ca\"}]}<\/script>\n<!-- \/ Yoast SEO plugin. -->","yoast_head_json":{"title":"Serveis - Risk XXI","robots":{"index":"index","follow":"follow","max-snippet":"max-snippet:-1","max-image-preview":"max-image-preview:large","max-video-preview":"max-video-preview:-1"},"canonical":"https:\/\/www.risk21.com\/ca\/serveis\/","og_locale":"ca_ES","og_type":"article","og_title":"Serveis - Risk XXI","og_description":"[vc_row css=&#8221;.vc_custom_1548243868117{margin-bottom: 0px !important;padding-top: 10px !important;padding-bottom: 30px !important;}&#8221;][vc_column][vc_custom_heading text=&#8221;Serveis&#8221; font_container=&#8221;tag:h2|font_size:36px|text_align:center|color:%23333333|line_height:40px&#8221; google_fonts=&#8221;font_family:Open%20Sans%3A300%2C300italic%2Cregular%2Citalic%2C600%2C600italic%2C700%2C700italic%2C800%2C800italic|font_style:300%20light%20regular%3A300%3Anormal&#8221; css=&#8221;.vc_custom_1548252356823{margin-bottom: 23px !important;}&#8221;][vc_row_inner css=&#8221;.vc_custom_1437979582965{margin-bottom: 0px !important;}&#8221;][vc_column_inner width=&#8221;1\/3&#8243; css=&#8221;.vc_custom_1437979577489{padding-bottom: 40px !important;}&#8221;] M\u00e8tode RHS \u2013 Risk &amp; Hazards SimulatorsEl\u00a0M\u00c8TODE RHS\u00a0(Risk &amp; Hazards Simulators) \u00e9s un sistema de doc\u00e8ncia basat en la\u00a0PRACTICA AMB SIMULADORS.[\/vc_column_inner][vc_column_inner width=&#8221;1\/3&#8243; css=&#8221;.vc_custom_1437979790856{padding-bottom: 40px !important;}&#8221;] Comunicaci\u00f3 HS&amp;E y PRL\u201cRisk XXI \u2013 Comunicaci\u00f3\u201d. La primeraLlegir m\u00e9s","og_url":"https:\/\/www.risk21.com\/ca\/serveis\/","og_site_name":"Risk XXI","twitter_card":"summary_large_image","twitter_misc":{"Temps estimat de lectura":"3 minuts"},"schema":{"@context":"https:\/\/schema.org","@graph":[{"@type":"WebPage","@id":"https:\/\/www.risk21.com\/ca\/serveis\/","url":"https:\/\/www.risk21.com\/ca\/serveis\/","name":"Serveis - Risk XXI","isPartOf":{"@id":"https:\/\/www.risk21.com\/#website"},"datePublished":"2019-01-23T14:14:01+00:00","breadcrumb":{"@id":"https:\/\/www.risk21.com\/ca\/serveis\/#breadcrumb"},"inLanguage":"ca","potentialAction":[{"@type":"ReadAction","target":["https:\/\/www.risk21.com\/ca\/serveis\/"]}]},{"@type":"BreadcrumbList","@id":"https:\/\/www.risk21.com\/ca\/serveis\/#breadcrumb","itemListElement":[{"@type":"ListItem","position":1,"name":"Portada","item":"https:\/\/www.risk21.com\/ca\/"},{"@type":"ListItem","position":2,"name":"Serveis"}]},{"@type":"WebSite","@id":"https:\/\/www.risk21.com\/#website","url":"https:\/\/www.risk21.com\/","name":"Risk XXI","description":"Prl &amp; Services","potentialAction":[{"@type":"SearchAction","target":{"@type":"EntryPoint","urlTemplate":"https:\/\/www.risk21.com\/?s={search_term_string}"},"query-input":{"@type":"PropertyValueSpecification","valueRequired":true,"valueName":"search_term_string"}}],"inLanguage":"ca"}]}},"_links":{"self":[{"href":"https:\/\/www.risk21.com\/ca\/wp-json\/wp\/v2\/pages\/8687","targetHints":{"allow":["GET"]}}],"collection":[{"href":"https:\/\/www.risk21.com\/ca\/wp-json\/wp\/v2\/pages"}],"about":[{"href":"https:\/\/www.risk21.com\/ca\/wp-json\/wp\/v2\/types\/page"}],"author":[{"embeddable":true,"href":"https:\/\/www.risk21.com\/ca\/wp-json\/wp\/v2\/users\/1"}],"replies":[{"embeddable":true,"href":"https:\/\/www.risk21.com\/ca\/wp-json\/wp\/v2\/comments?post=8687"}],"version-history":[{"count":1,"href":"https:\/\/www.risk21.com\/ca\/wp-json\/wp\/v2\/pages\/8687\/revisions"}],"predecessor-version":[{"id":8689,"href":"https:\/\/www.risk21.com\/ca\/wp-json\/wp\/v2\/pages\/8687\/revisions\/8689"}],"wp:attachment":[{"href":"https:\/\/www.risk21.com\/ca\/wp-json\/wp\/v2\/media?parent=8687"}],"curies":[{"name":"wp","href":"https:\/\/api.w.org\/{rel}","templated":true}]}}