{"id":6993,"date":"2017-10-18T11:54:43","date_gmt":"2017-10-18T11:54:43","guid":{"rendered":"https:\/\/www.risk21.com\/?page_id=6993"},"modified":"2017-10-18T11:54:43","modified_gmt":"2017-10-18T11:54:43","slug":"metodo-smart-safety","status":"publish","type":"page","link":"https:\/\/www.risk21.com\/ca\/metodo-smart-safety\/","title":{"rendered":"M\u00e8tode SMART SAFETY"},"content":{"rendered":"<div class=\"wpb-content-wrapper\"><p>[vc_row][vc_column css=&#8221;.vc_custom_1456763475711{margin-top: -50px !important;}&#8221;][vc_empty_space height=&#8221;60px&#8221;][vc_custom_heading source=&#8221;post_title&#8221; font_container=&#8221;tag:h2|font_size:36px|text_align:center|color:%23000000|line_height:40px&#8221; google_fonts=&#8221;font_family:Open%20Sans%3A300%2C300italic%2Cregular%2Citalic%2C600%2C600italic%2C700%2C700italic%2C800%2C800italic|font_style:300%20light%20regular%3A300%3Anormal&#8221;]<style type=\"text\/css\" >#l_lta6m5nf4tfqnnp21eyr{width:100px;}#l_lta6m5nf4tfqnnp21eyr.sc_line ,#l_lta6m5nf4tfqnnp21eyr .sc_line { height:1px; background: #ff9900; background: -moz-linear-gradient(90deg, #ff9900 0%, #fab956 100%); background: -webkit-gradient(linear, left top, right bottom, color-stop(0%,#ff9900), color-stop(100%,#fab956)); background: -webkit-linear-gradient(90deg, #ff9900 0%,#fab956 100%); background: -o-linear-gradient(90deg, #ff9900 0%,#fab956 100%); background: -ms-linear-gradient(90deg, #ff9900 0%,#fab956 100%); background: linear-gradient(90deg, #ff9900 0%,#fab956 100%);}#l_lta6m5nf4tfqnnp21eyr.sc_line ,#l_lta6m5nf4tfqnnp21eyr .sc_line{margin-left:auto!important; margin-right:auto!important;}#l_lta6m5nf4tfqnnp21eyr {margin:0px 0 20px 0; padding:0;}<\/style><div class=\"clearfix\"><\/div><div id=\"l_lta6m5nf4tfqnnp21eyr\"  class=\"sc_line rd_line_normal\" ><\/div>[vc_single_image image=&#8221;6994&#8243; img_size=&#8221;full&#8221; alignment=&#8221;center&#8221; animation=&#8221;rda_fadeIn&#8221;][vc_column_text]<\/p>\n<h2>Un m\u00e8tode exclusiu per triomfar en mat\u00e8ria de consci\u00e8ncia sobre la seguretat<\/h2>\n<p>[\/vc_column_text][vc_column_text]Voleu reduir la quantitat d&#8217;accidents o incidents en la seva companyia?<\/p>\n<p>Voleu fer que la cultura de la seguretat sigui una realitat viva en la seva empresa?<\/p>\n<p>Voleu influir en actituds i comportaments?<\/p>\n<p>Voleu que els directors i l\u00edders d&#8217;equip se sentin m\u00e9s involucrats?<\/p>\n<p>Basat en 30 anys d&#8217;experi\u00e8ncia, el &#8220;SMART-Safety \u00a9&#8221; d&#8217;Fullmark ofereix una soluci\u00f3 completa i perfectament estructurada per tenir una reeixida campanya de creaci\u00f3 de consci\u00e8ncia sobre la seguretat i reduir el seu \u00edndex de freq\u00fc\u00e8ncia (IF).[\/vc_column_text]<style type=\"text\/css\" >#b_c7b8fqhr1hs5djmz6swm a{color:; background:; border-style:solid; border-color:; margin-top:0px; margin-bottom:0px;  margin-left:0px; margin-right:0px; font-weight:900; border-radius:0px;}#b_c7b8fqhr1hs5djmz6swm a:hover{color: ; background: ; border-color:;}<\/style><div class=\"ta_center tf_btn_pos\" id=\"b_c7b8fqhr1hs5djmz6swm\" ><a class=\"rd_stroke_bt large_rd_bt border_1px  bt_icon_left   \" href=\"mailto:fullmark@risk21.com\" target=\"yes\"   ><i class=\"fa-info-circle\" ><\/i><span>Solicitar Informaci\u00f3<\/span><\/a><\/div><style type='text\/css'> @font-face{font-family: 'fa'; src:url('https:\/\/www.risk21.com\/wp-content\/themes\/thefox\/includes\/4k-icons\/icons\/4k-icons-pack02\/icons\/fonts\/fa.eot'); src:url('https:\/\/www.risk21.com\/wp-content\/themes\/thefox\/includes\/4k-icons\/icons\/4k-icons-pack02\/icons\/fonts\/fa.eot?#iefix') format('embedded-opentype'), url('https:\/\/www.risk21.com\/wp-content\/themes\/thefox\/includes\/4k-icons\/icons\/4k-icons-pack02\/icons\/fonts\/fa.woff') format('woff'), url('https:\/\/www.risk21.com\/wp-content\/themes\/thefox\/includes\/4k-icons\/icons\/4k-icons-pack02\/icons\/fonts\/fa.ttf') format('truetype'), url('https:\/\/www.risk21.com\/wp-content\/themes\/thefox\/includes\/4k-icons\/icons\/4k-icons-pack02\/icons\/fonts\/fa.svg#oi') format('svg'); font-weight: normal; font-style: normal;}#b_c7b8fqhr1hs5djmz6swm .fa-info-circle:before{font-family: 'fa'; font-weight: normal; font-style: normal;}#b_c7b8fqhr1hs5djmz6swm .fa-info-circle:before{content: \"\\f05a\";}<\/style>\n[vc_empty_space height=&#8221;30px&#8221;][vc_column_text]<\/p>\n<h2>Beneficis del m\u00e8tode Smart-Safety:<\/h2>\n<p>[\/vc_column_text][vc_column_text]Actua sobre la cultura d&#8217;Anticipaci\u00f3, Prevenci\u00f3 i Seguretat de la vostra empresa.<\/p>\n<p>Es basa en la participaci\u00f3 dels treballadors i la seva l\u00ednia jer\u00e0rquica.<\/p>\n<p>T\u00e9 com a objectiu aconseguir la interdepend\u00e8ncia en mat\u00e8ria de comportaments de seguretat.<\/p>\n<p>La Seguretat deixa de ser una obligaci\u00f3 o una restricci\u00f3.<\/p>\n<p>Vam aconseguir que tots adoptin un comportament &#8220;pro-seguretat&#8221; per convicci\u00f3.<\/p>\n<p>Informacions complement\u00e0ries sobre el m\u00e8tode SMART-Safety Aquest m\u00e8tode pot ser implementat en la seva empresa molt r\u00e0pidament i amb resultats immediats.[\/vc_column_text]<style type=\"text\/css\" >#b_bumnfwmnh2i13c1g9xkq a{color:; background:; border-style:solid; border-color:; margin-top:0px; margin-bottom:0px;  margin-left:0px; margin-right:0px; font-weight:900; border-radius:0px;}#b_bumnfwmnh2i13c1g9xkq a:hover{color: ; background: ; border-color:;}<\/style><div class=\"ta_center tf_btn_pos\" id=\"b_bumnfwmnh2i13c1g9xkq\" ><a class=\"rd_stroke_bt large_rd_bt border_1px  bt_icon_left   \" href=\"mailto:fullmark@risk21.com\" target=\"yes\"   ><i class=\"fa-info-circle\" ><\/i><span>Solicitar Informaci\u00f3<\/span><\/a><\/div><style type='text\/css'> @font-face{font-family: 'fa'; src:url('https:\/\/www.risk21.com\/wp-content\/themes\/thefox\/includes\/4k-icons\/icons\/4k-icons-pack02\/icons\/fonts\/fa.eot'); src:url('https:\/\/www.risk21.com\/wp-content\/themes\/thefox\/includes\/4k-icons\/icons\/4k-icons-pack02\/icons\/fonts\/fa.eot?#iefix') format('embedded-opentype'), url('https:\/\/www.risk21.com\/wp-content\/themes\/thefox\/includes\/4k-icons\/icons\/4k-icons-pack02\/icons\/fonts\/fa.woff') format('woff'), url('https:\/\/www.risk21.com\/wp-content\/themes\/thefox\/includes\/4k-icons\/icons\/4k-icons-pack02\/icons\/fonts\/fa.ttf') format('truetype'), url('https:\/\/www.risk21.com\/wp-content\/themes\/thefox\/includes\/4k-icons\/icons\/4k-icons-pack02\/icons\/fonts\/fa.svg#oi') format('svg'); font-weight: normal; font-style: normal;}#b_bumnfwmnh2i13c1g9xkq .fa-info-circle:before{font-family: 'fa'; font-weight: normal; font-style: normal;}#b_bumnfwmnh2i13c1g9xkq .fa-info-circle:before{content: \"\\f05a\";}<\/style>\n[vc_empty_space height=&#8221;30px&#8221;][vc_single_image image=&#8221;7009&#8243; img_size=&#8221;full&#8221; alignment=&#8221;center&#8221; animation=&#8221;rda_fadeIn&#8221;][vc_column_text]<\/p>\n<h2>Concretament, quines s\u00f3n les eines?<\/h2>\n<p>[\/vc_column_text][vc_column_text]Gr\u00e0cies a la nostra exclusiva experi\u00e8ncia (30 anys) amb moltes corporacions internacionals importants, tenim una molt \u00e0mplia varietat d&#8217;eines per oferir-li. I tots els dies desenvolupem noves eines.<\/p>\n<p>Fem per comprendre del tot la seva situaci\u00f3 per aix\u00ed oferir-li una selecci\u00f3 de productes i serveis que satisfaci les seves necessitats.[\/vc_column_text]<style type=\"text\/css\" >#b_y6ne8osrr7mjl8rqnnst a{color:; background:; border-style:solid; border-color:; margin-top:0px; margin-bottom:0px;  margin-left:0px; margin-right:0px; font-weight:900; border-radius:0px;}#b_y6ne8osrr7mjl8rqnnst a:hover{color: ; background: ; border-color:;}<\/style><div class=\"ta_center tf_btn_pos\" id=\"b_y6ne8osrr7mjl8rqnnst\" ><a class=\"rd_stroke_bt large_rd_bt border_1px  bt_icon_left   \" href=\"mailto:fullmark@risk21.com\" target=\"yes\"   ><i class=\"fa-info-circle\" ><\/i><span>Solicitar Informaci\u00f3<\/span><\/a><\/div><style type='text\/css'> @font-face{font-family: 'fa'; src:url('https:\/\/www.risk21.com\/wp-content\/themes\/thefox\/includes\/4k-icons\/icons\/4k-icons-pack02\/icons\/fonts\/fa.eot'); src:url('https:\/\/www.risk21.com\/wp-content\/themes\/thefox\/includes\/4k-icons\/icons\/4k-icons-pack02\/icons\/fonts\/fa.eot?#iefix') format('embedded-opentype'), url('https:\/\/www.risk21.com\/wp-content\/themes\/thefox\/includes\/4k-icons\/icons\/4k-icons-pack02\/icons\/fonts\/fa.woff') format('woff'), url('https:\/\/www.risk21.com\/wp-content\/themes\/thefox\/includes\/4k-icons\/icons\/4k-icons-pack02\/icons\/fonts\/fa.ttf') format('truetype'), url('https:\/\/www.risk21.com\/wp-content\/themes\/thefox\/includes\/4k-icons\/icons\/4k-icons-pack02\/icons\/fonts\/fa.svg#oi') format('svg'); font-weight: normal; font-style: normal;}#b_y6ne8osrr7mjl8rqnnst .fa-info-circle:before{font-family: 'fa'; font-weight: normal; font-style: normal;}#b_y6ne8osrr7mjl8rqnnst .fa-info-circle:before{content: \"\\f05a\";}<\/style>\n[vc_empty_space height=&#8221;30px&#8221;][vc_column_text]<\/p>\n<h2>A continuaci\u00f3 s&#8217;inclouen alguns exemples d&#8217;eines que poden utilitzar-se:<\/h2>\n<p>[\/vc_column_text][vc_column_text]<\/p>\n<ul>\n<li>Diagn\u00f2stic de la seva cultura de seguretat<\/li>\n<li>Sensibilitzaci\u00f3, formaci\u00f3 i coaching de la l\u00ednia jer\u00e0rquica.<\/li>\n<li>Implementaci\u00f3 d&#8217;una campanya visual de sensibilitzaci\u00f3.<\/li>\n<li>Materials i v\u00eddeos per al desenvolupament de xerrades de seguretat.<\/li>\n<li>E-learning per a empleats acabats de contractar o visitants.<\/li>\n<li>Terminals digitals de comunicaci\u00f3.<\/li>\n<li>Passaport de seguretat<\/li>\n<\/ul>\n<p>[\/vc_column_text]<style type=\"text\/css\" >#b_v3pybzjgwgirulz89vxm a{color:; background:; border-style:solid; border-color:; margin-top:0px; margin-bottom:0px;  margin-left:0px; margin-right:0px; font-weight:900; border-radius:0px;}#b_v3pybzjgwgirulz89vxm a:hover{color: ; background: ; border-color:;}<\/style><div class=\"ta_center tf_btn_pos\" id=\"b_v3pybzjgwgirulz89vxm\" ><a class=\"rd_stroke_bt large_rd_bt border_1px  bt_icon_left   \" href=\"mailto:fullmark@risk21.com\" target=\"yes\"   ><i class=\"fa-info-circle\" ><\/i><span>Solicitar Informaci\u00f3<\/span><\/a><\/div><style type='text\/css'> @font-face{font-family: 'fa'; src:url('https:\/\/www.risk21.com\/wp-content\/themes\/thefox\/includes\/4k-icons\/icons\/4k-icons-pack02\/icons\/fonts\/fa.eot'); src:url('https:\/\/www.risk21.com\/wp-content\/themes\/thefox\/includes\/4k-icons\/icons\/4k-icons-pack02\/icons\/fonts\/fa.eot?#iefix') format('embedded-opentype'), url('https:\/\/www.risk21.com\/wp-content\/themes\/thefox\/includes\/4k-icons\/icons\/4k-icons-pack02\/icons\/fonts\/fa.woff') format('woff'), url('https:\/\/www.risk21.com\/wp-content\/themes\/thefox\/includes\/4k-icons\/icons\/4k-icons-pack02\/icons\/fonts\/fa.ttf') format('truetype'), url('https:\/\/www.risk21.com\/wp-content\/themes\/thefox\/includes\/4k-icons\/icons\/4k-icons-pack02\/icons\/fonts\/fa.svg#oi') format('svg'); font-weight: normal; font-style: normal;}#b_v3pybzjgwgirulz89vxm .fa-info-circle:before{font-family: 'fa'; font-weight: normal; font-style: normal;}#b_v3pybzjgwgirulz89vxm .fa-info-circle:before{content: \"\\f05a\";}<\/style>\n[vc_single_image image=&#8221;6996&#8243; img_size=&#8221;full&#8221; alignment=&#8221;center&#8221; animation=&#8221;rda_fadeIn&#8221;]<style type=\"text\/css\" >#b_3a09qgw11gos0m1l29gj a{color:; background:; border-style:solid; border-color:; margin-top:0px; margin-bottom:0px;  margin-left:0px; margin-right:0px; font-weight:900; border-radius:0px;}#b_3a09qgw11gos0m1l29gj a:hover{color: ; background: ; border-color:;}<\/style><div class=\"ta_center tf_btn_pos\" id=\"b_3a09qgw11gos0m1l29gj\" ><a class=\"rd_stroke_bt large_rd_bt border_1px  bt_icon_left   \" href=\"http:\/\/www.fullmark.be\/es\/54-metodo-smart-safety.html\" target=\"yes\"   ><i class=\"fa-info-circle\" ><\/i><span>Saber m\u00e9s sobre Smart Safety<\/span><\/a><\/div><style type='text\/css'> @font-face{font-family: 'fa'; src:url('https:\/\/www.risk21.com\/wp-content\/themes\/thefox\/includes\/4k-icons\/icons\/4k-icons-pack02\/icons\/fonts\/fa.eot'); src:url('https:\/\/www.risk21.com\/wp-content\/themes\/thefox\/includes\/4k-icons\/icons\/4k-icons-pack02\/icons\/fonts\/fa.eot?#iefix') format('embedded-opentype'), url('https:\/\/www.risk21.com\/wp-content\/themes\/thefox\/includes\/4k-icons\/icons\/4k-icons-pack02\/icons\/fonts\/fa.woff') format('woff'), url('https:\/\/www.risk21.com\/wp-content\/themes\/thefox\/includes\/4k-icons\/icons\/4k-icons-pack02\/icons\/fonts\/fa.ttf') format('truetype'), url('https:\/\/www.risk21.com\/wp-content\/themes\/thefox\/includes\/4k-icons\/icons\/4k-icons-pack02\/icons\/fonts\/fa.svg#oi') format('svg'); font-weight: normal; font-style: normal;}#b_3a09qgw11gos0m1l29gj .fa-info-circle:before{font-family: 'fa'; font-weight: normal; font-style: normal;}#b_3a09qgw11gos0m1l29gj .fa-info-circle:before{content: \"\\f05a\";}<\/style>\n[\/vc_column][\/vc_row]<\/p>\n<\/div>","protected":false},"excerpt":{"rendered":"<p>[vc_row][vc_column css=&#8221;.vc_custom_1456763475711{margin-top: -50px !important;}&#8221;][vc_empty_space height=&#8221;60px&#8221;][vc_custom_heading source=&#8221;post_title&#8221; font_container=&#8221;tag:h2|font_size:36px|text_align:center|color:%23000000|line_height:40px&#8221; google_fonts=&#8221;font_family:Open%20Sans%3A300%2C300italic%2Cregular%2Citalic%2C600%2C600italic%2C700%2C700italic%2C800%2C800italic|font_style:300%20light%20regular%3A300%3Anormal&#8221;][vc_single_image image=&#8221;6994&#8243; img_size=&#8221;full&#8221; alignment=&#8221;center&#8221; animation=&#8221;rda_fadeIn&#8221;][vc_column_text] Un m\u00e8tode exclusiu per triomfar en mat\u00e8ria de consci\u00e8ncia sobre la seguretat [\/vc_column_text][vc_column_text]Voleu reduir la quantitat d&#8217;accidents o incidents en la seva companyia? Voleu fer que la cultura de la seguretat sigui una realitat viva en la seva empresa? Voleu influir en actituds<br \/><a href=\"https:\/\/www.risk21.com\/ca\/metodo-smart-safety\/\" class=\"more\">Llegir m\u00e9s<\/a><\/p>\n","protected":false},"author":1,"featured_media":0,"parent":0,"menu_order":0,"comment_status":"closed","ping_status":"closed","template":"","meta":{"footnotes":""},"class_list":["post-6993","page","type-page","status-publish","hentry"],"yoast_head":"<!-- This site is optimized with the Yoast SEO plugin v25.3.1 - https:\/\/yoast.com\/wordpress\/plugins\/seo\/ -->\n<title>M\u00e8tode SMART SAFETY - Risk XXI<\/title>\n<meta name=\"robots\" content=\"index, follow, max-snippet:-1, max-image-preview:large, max-video-preview:-1\" \/>\n<link rel=\"canonical\" href=\"https:\/\/www.risk21.com\/ca\/metodo-smart-safety\/\" \/>\n<meta property=\"og:locale\" content=\"ca_ES\" \/>\n<meta property=\"og:type\" content=\"article\" \/>\n<meta property=\"og:title\" content=\"M\u00e8tode SMART SAFETY - Risk XXI\" \/>\n<meta property=\"og:description\" content=\"[vc_row][vc_column css=&#8221;.vc_custom_1456763475711{margin-top: -50px !important;}&#8221;][vc_empty_space height=&#8221;60px&#8221;][vc_custom_heading source=&#8221;post_title&#8221; font_container=&#8221;tag:h2|font_size:36px|text_align:center|color:%23000000|line_height:40px&#8221; google_fonts=&#8221;font_family:Open%20Sans%3A300%2C300italic%2Cregular%2Citalic%2C600%2C600italic%2C700%2C700italic%2C800%2C800italic|font_style:300%20light%20regular%3A300%3Anormal&#8221;][vc_single_image image=&#8221;6994&#8243; img_size=&#8221;full&#8221; alignment=&#8221;center&#8221; animation=&#8221;rda_fadeIn&#8221;][vc_column_text] Un m\u00e8tode exclusiu per triomfar en mat\u00e8ria de consci\u00e8ncia sobre la seguretat [\/vc_column_text][vc_column_text]Voleu reduir la quantitat d&#8217;accidents o incidents en la seva companyia? Voleu fer que la cultura de la seguretat sigui una realitat viva en la seva empresa? Voleu influir en actitudsLlegir m\u00e9s\" \/>\n<meta property=\"og:url\" content=\"https:\/\/www.risk21.com\/ca\/metodo-smart-safety\/\" \/>\n<meta property=\"og:site_name\" content=\"Risk XXI\" \/>\n<meta name=\"twitter:card\" content=\"summary_large_image\" \/>\n<meta name=\"twitter:label1\" content=\"Temps estimat de lectura\" \/>\n\t<meta name=\"twitter:data1\" content=\"3 minuts\" \/>\n<script type=\"application\/ld+json\" class=\"yoast-schema-graph\">{\"@context\":\"https:\/\/schema.org\",\"@graph\":[{\"@type\":\"WebPage\",\"@id\":\"https:\/\/www.risk21.com\/ca\/metodo-smart-safety\/\",\"url\":\"https:\/\/www.risk21.com\/ca\/metodo-smart-safety\/\",\"name\":\"M\u00e8tode SMART SAFETY - Risk XXI\",\"isPartOf\":{\"@id\":\"https:\/\/www.risk21.com\/#website\"},\"datePublished\":\"2017-10-18T11:54:43+00:00\",\"breadcrumb\":{\"@id\":\"https:\/\/www.risk21.com\/ca\/metodo-smart-safety\/#breadcrumb\"},\"inLanguage\":\"ca\",\"potentialAction\":[{\"@type\":\"ReadAction\",\"target\":[\"https:\/\/www.risk21.com\/ca\/metodo-smart-safety\/\"]}]},{\"@type\":\"BreadcrumbList\",\"@id\":\"https:\/\/www.risk21.com\/ca\/metodo-smart-safety\/#breadcrumb\",\"itemListElement\":[{\"@type\":\"ListItem\",\"position\":1,\"name\":\"Portada\",\"item\":\"https:\/\/www.risk21.com\/ca\/\"},{\"@type\":\"ListItem\",\"position\":2,\"name\":\"M\u00e8tode SMART SAFETY\"}]},{\"@type\":\"WebSite\",\"@id\":\"https:\/\/www.risk21.com\/#website\",\"url\":\"https:\/\/www.risk21.com\/\",\"name\":\"Risk XXI\",\"description\":\"Prl &amp; Services\",\"potentialAction\":[{\"@type\":\"SearchAction\",\"target\":{\"@type\":\"EntryPoint\",\"urlTemplate\":\"https:\/\/www.risk21.com\/?s={search_term_string}\"},\"query-input\":{\"@type\":\"PropertyValueSpecification\",\"valueRequired\":true,\"valueName\":\"search_term_string\"}}],\"inLanguage\":\"ca\"}]}<\/script>\n<!-- \/ Yoast SEO plugin. -->","yoast_head_json":{"title":"M\u00e8tode SMART SAFETY - Risk XXI","robots":{"index":"index","follow":"follow","max-snippet":"max-snippet:-1","max-image-preview":"max-image-preview:large","max-video-preview":"max-video-preview:-1"},"canonical":"https:\/\/www.risk21.com\/ca\/metodo-smart-safety\/","og_locale":"ca_ES","og_type":"article","og_title":"M\u00e8tode SMART SAFETY - Risk XXI","og_description":"[vc_row][vc_column css=&#8221;.vc_custom_1456763475711{margin-top: -50px !important;}&#8221;][vc_empty_space height=&#8221;60px&#8221;][vc_custom_heading source=&#8221;post_title&#8221; font_container=&#8221;tag:h2|font_size:36px|text_align:center|color:%23000000|line_height:40px&#8221; google_fonts=&#8221;font_family:Open%20Sans%3A300%2C300italic%2Cregular%2Citalic%2C600%2C600italic%2C700%2C700italic%2C800%2C800italic|font_style:300%20light%20regular%3A300%3Anormal&#8221;][vc_single_image image=&#8221;6994&#8243; img_size=&#8221;full&#8221; alignment=&#8221;center&#8221; animation=&#8221;rda_fadeIn&#8221;][vc_column_text] Un m\u00e8tode exclusiu per triomfar en mat\u00e8ria de consci\u00e8ncia sobre la seguretat [\/vc_column_text][vc_column_text]Voleu reduir la quantitat d&#8217;accidents o incidents en la seva companyia? Voleu fer que la cultura de la seguretat sigui una realitat viva en la seva empresa? Voleu influir en actitudsLlegir m\u00e9s","og_url":"https:\/\/www.risk21.com\/ca\/metodo-smart-safety\/","og_site_name":"Risk XXI","twitter_card":"summary_large_image","twitter_misc":{"Temps estimat de lectura":"3 minuts"},"schema":{"@context":"https:\/\/schema.org","@graph":[{"@type":"WebPage","@id":"https:\/\/www.risk21.com\/ca\/metodo-smart-safety\/","url":"https:\/\/www.risk21.com\/ca\/metodo-smart-safety\/","name":"M\u00e8tode SMART SAFETY - Risk XXI","isPartOf":{"@id":"https:\/\/www.risk21.com\/#website"},"datePublished":"2017-10-18T11:54:43+00:00","breadcrumb":{"@id":"https:\/\/www.risk21.com\/ca\/metodo-smart-safety\/#breadcrumb"},"inLanguage":"ca","potentialAction":[{"@type":"ReadAction","target":["https:\/\/www.risk21.com\/ca\/metodo-smart-safety\/"]}]},{"@type":"BreadcrumbList","@id":"https:\/\/www.risk21.com\/ca\/metodo-smart-safety\/#breadcrumb","itemListElement":[{"@type":"ListItem","position":1,"name":"Portada","item":"https:\/\/www.risk21.com\/ca\/"},{"@type":"ListItem","position":2,"name":"M\u00e8tode SMART SAFETY"}]},{"@type":"WebSite","@id":"https:\/\/www.risk21.com\/#website","url":"https:\/\/www.risk21.com\/","name":"Risk XXI","description":"Prl &amp; Services","potentialAction":[{"@type":"SearchAction","target":{"@type":"EntryPoint","urlTemplate":"https:\/\/www.risk21.com\/?s={search_term_string}"},"query-input":{"@type":"PropertyValueSpecification","valueRequired":true,"valueName":"search_term_string"}}],"inLanguage":"ca"}]}},"_links":{"self":[{"href":"https:\/\/www.risk21.com\/ca\/wp-json\/wp\/v2\/pages\/6993","targetHints":{"allow":["GET"]}}],"collection":[{"href":"https:\/\/www.risk21.com\/ca\/wp-json\/wp\/v2\/pages"}],"about":[{"href":"https:\/\/www.risk21.com\/ca\/wp-json\/wp\/v2\/types\/page"}],"author":[{"embeddable":true,"href":"https:\/\/www.risk21.com\/ca\/wp-json\/wp\/v2\/users\/1"}],"replies":[{"embeddable":true,"href":"https:\/\/www.risk21.com\/ca\/wp-json\/wp\/v2\/comments?post=6993"}],"version-history":[{"count":2,"href":"https:\/\/www.risk21.com\/ca\/wp-json\/wp\/v2\/pages\/6993\/revisions"}],"predecessor-version":[{"id":7023,"href":"https:\/\/www.risk21.com\/ca\/wp-json\/wp\/v2\/pages\/6993\/revisions\/7023"}],"wp:attachment":[{"href":"https:\/\/www.risk21.com\/ca\/wp-json\/wp\/v2\/media?parent=6993"}],"curies":[{"name":"wp","href":"https:\/\/api.w.org\/{rel}","templated":true}]}}