{"id":6227,"date":"2017-02-10T09:44:06","date_gmt":"2017-02-10T09:44:06","guid":{"rendered":"http:\/\/www.risk21.com\/ca\/?page_id=6227"},"modified":"2023-11-09T07:57:03","modified_gmt":"2023-11-09T07:57:03","slug":"avis-legal","status":"publish","type":"page","link":"https:\/\/www.risk21.com\/ca\/avis-legal\/","title":{"rendered":"Av\u00eds Legal i Pol\u00edtica de Privacitat"},"content":{"rendered":"<h1><strong>Av\u00eds legal.<\/strong><\/h1>\n<p><strong>TITULAR DE LA P\u00c0GINA WEB.<\/strong><\/p>\n<p>En compliment del que es preveu en l&#8217;art. 10 de la Llei 34\/2002, d&#8217;11 de juliol, de Serveis de la Societat de la Informaci\u00f3 i Comer\u00e7 Electr\u00f2nic, es posa de manifest que les dades d&#8217;identificaci\u00f3 del titular de <a href=\"http:\/\/www.risk21.com\">www.risk21.com<\/a> \u00a0s\u00f3n:<\/p>\n<p><strong>Denominaci\u00f3 social:<\/strong> RISK XXI, S.L.<\/p>\n<p><strong>CIF:<\/strong> B62228598<\/p>\n<p><strong>Domicili social:<\/strong> C\/Girona 74 \u2013 08009 Barcelona (Barcelona)<\/p>\n<p><strong>Tel\u00e8fon:<\/strong> +34 934 577 416<\/p>\n<p><strong>Adre\u00e7a de correu electr\u00f2nic general:<\/strong> <a href=\"mailto:mail@risk21.com\">mail@risk21.com<\/a><\/p>\n<p><strong>Autoritzaci\u00f3 administrativa: <\/strong>D&#8217;acord amb la Llei 31\/1995, de 8 de novembre, de prevenci\u00f3 de Riscos Laborals, RISK XXI, S.L. compta amb autoritzaci\u00f3 administrativa per a actuar com a servei de prevenci\u00f3 ali\u00e8 (SPA) per a les especialitats de Seguretat en el Treball, Higiene Industrial, Ergonomia i Psicosociologia Aplicada i Medicina del Treball en tot l&#8217;\u00e0mbit nacional.<\/p>\n<p>N\u00fam. d&#8217;acreditaci\u00f3 SP 038 B.<\/p>\n<p>RISK XXI, S.L. opera en el mercat sota la marca <strong>RISK XXI \u2013 Prl &amp; Services.<\/strong><\/p>\n<p>&nbsp;<\/p>\n<p><strong>TERMES D&#8217;\u00daS.<\/strong><\/p>\n<p>RISK XXI, S.l.es titular dels drets de propietat intel\u00b7lectual i industrial reflectits en <a href=\"http:\/\/www.risk21.com\">www.risk21.com<\/a> \u00a0, aix\u00ed com de tots els elements continguts en aquest. L&#8217;usuari es compromet a respectar aquests drets<\/p>\n<p>La utilitzaci\u00f3 o la publicaci\u00f3, parcial o total, amb finalitats comercials, de qualsevol contingut de la web <a href=\"http:\/\/www.risk21.com\">www.risk21.com<\/a>\u00a0 est\u00e0 estrictament prohibida sense autoritzaci\u00f3 pr\u00e8via a RISK XXI, S.L. Est\u00e0 prohibit, tamb\u00e9, modificar o suprimir material o continguts els drets dels quals es reserva RISK XXI, S.L.<\/p>\n<p>Els encarregats de llocs web que cre\u00efn enlla\u00e7os amb la web de <a href=\"http:\/\/www.risk21.com\">www.risk21.com<\/a> \u00a0han d&#8217;informar a RISK XXI, S.L. per escrit al domicili social indicat en la identificaci\u00f3 del titular del lloc web d&#8217;aquest av\u00eds legal. Aquestes connexions no implicar\u00e0 cap mena d&#8217;associaci\u00f3 o participaci\u00f3 amb les entitats connectades. RISK XXI, S.L. es reserva el dret a denegar aquest acc\u00e9s en qualsevol moment.<\/p>\n<p>En el cas que qualsevol usuari de la web <a href=\"http:\/\/www.risk21.com\">www.risk21.com<\/a> \u00a0entengu\u00e9s que el contingut o els serveis prestats per les p\u00e0gines enlla\u00e7ades s\u00f3n il\u00b7l\u00edcits, vulneren valors o principis constitucionals, o lesionen b\u00e9ns o drets del propi usuari o d&#8217;un tercer, es prega que el comuniquin per escrit al domicili social indicat en la identificaci\u00f3 del titular del lloc web d&#8217;aquest av\u00eds legal.<\/p>\n<p>RISK XXI, S.L. no ser\u00e0 responsable, en cap cas, pels danys i perjudicis de qualsevol tipus derivats de la falta de lectura d&#8217;aquest av\u00eds, o de l&#8217;incompliment de les obligacions espec\u00edfiques en les condicions establertes en aquest. El visitant respondr\u00e0 dels danys i perjudicis que pogu\u00e9s ocasionar a la web <a href=\"http:\/\/www.risk21.com\">www.risk21.com<\/a><\/p>\n<p><strong>RESOLUCI\u00d3 DE CONFLICTES.<\/strong><\/p>\n<p>Ser\u00e0 aplicable la normativa espanyola vigent i qualsevol controv\u00e8rsia se sotmetr\u00e0 als Jutjats i Tribunals de la ciutat de Barcelona.<\/p>\n<p><strong>ACCEPTACI\u00d3 DE RESPONSABILITAT PER PART D&#8217;USUARI.<\/strong><\/p>\n<p>L&#8217;\u00fas de la web <a href=\"http:\/\/www.risk21.com\">www.risk21.com<\/a> \u00a0propietat de RISK XXI, S.L. implica l&#8217;acceptaci\u00f3 dels seus \u201cTermes d&#8217;\u00fas\u201d que s&#8217;han detallat anteriorment.<\/p>\n<p>&nbsp;<\/p>\n<p style=\"text-align: center;\"><strong>&#8212;&#8212;&#8212;&#8212;&#8212;&#8212;&#8212;&#8212;&#8212;&#8212;&#8212;&#8212;&#8212;&#8212;&#8212;&#8212;&#8212;&#8212;&#8212;&#8212;&#8212;&#8212;&#8212;-<\/strong><\/p>\n<h1><strong>Pol\u00edtica de privacitat.<\/strong><\/h1>\n<p>RISK XXI, S.L. \u00e9s el Responsable del tractament de les dades personals de l&#8217;Usuari i l&#8217;informa que aquestes dades seran tractades de conformitat amb el que es disposa en la normativa vigent en mat\u00e8ria de protecci\u00f3 de dades personals, i especialment en el Reglament (UE) 2016\/679 de 27 d&#8217;abril de 2016 relatiu a la protecci\u00f3 de les persones f\u00edsiques pel que fa al tractament de dades personals i a la lliure circulaci\u00f3 d&#8217;aquestes dades.<\/p>\n<p><strong>RESPONSABLE DEL TRACTAMENT DE LES DADES<\/strong><\/p>\n<p>Identitat: RISK XXI, S.L. &#8211; CIF: B62228598<\/p>\n<p>Adre\u00e7a: C\/ Girona 74 \u2013 08009 Barcelona (Barcelona)<\/p>\n<p>Tel\u00e8fon: +34 934 577 416<\/p>\n<p>E-mail general: <a href=\"mailto:mail@risk21.com\">mail@risk21.com<\/a><\/p>\n<p>Contacte Delegat de Protecci\u00f3 de Dades: <a href=\"mailto:dpo@risk21.com\" target=\"_blank\" rel=\"noopener\">dpo@risk21.com<\/a><\/p>\n<p>&nbsp;<\/p>\n<p><strong>FINALITAT DEL TRACTAMENT DE DADES PERSONALS.<\/strong><\/p>\n<p>Les seves dades personals es tractaran amb la finalitat d&#8217;atendre la seva sol\u00b7licitud en cadascun dels formularis presents en aquesta p\u00e0gina web. Aix\u00ed mateix seran usats per RISK XXI, S.L. per a informar-lo dels nostres serveis o novetats referides a aquests.<\/p>\n<p>RISK XXI, S.L. tractar\u00e0 la informaci\u00f3 per vost\u00e8 facilitada de manera confidencial i exclusivament per a les finalitats determinades, expl\u00edcits i leg\u00edtims, i no seran tractats ulteriorment de manera incompatible amb aquestes finalitats. En cas que es pretengui tractar els de dades personals per a una fi que no sigui aquell per al qual es van recollir, es proporcionar\u00e0 a l&#8217;interessat, amb anterioritat a aquest tractament sobrevingut, informaci\u00f3 sobre aquesta altra fi i qualsevol informaci\u00f3 addicional pertinent.<\/p>\n<p><strong>LEGITIMACI\u00d3 PER Al TRACTAMENT DE DADES PERSONALS.<\/strong><\/p>\n<p>La base jur\u00eddica que legitima el tractament de les seves dades personals \u00e9s el consentiment informat, expr\u00e9s, lliure i inequ\u00edvoc que ens facilita quan marca la casella \u00ff Accepto l&#8217;Av\u00eds Legal i Pol\u00edtica de Privacitat i el posterior enviament del formulari on verifica el seu consentiment.<\/p>\n<p>Les dades que li sol\u00b7licitem s\u00f3n adequats, pertinents i estrictament necessaris i en cap cas est\u00e0 obligat a facilitar-nos-els.<\/p>\n<p><strong>QUANT TEMPS CONSERVAREM LES DADES PERSONALS?<\/strong><\/p>\n<p>Les dades personals que ens proporciona seran conservats el temps m\u00ednim necessari per a la correcta prestaci\u00f3 del servei ofert, aix\u00ed com per a atendre les responsabilitats que es poguessin derivar del mateix i de qualsevol altra exig\u00e8ncia legal.<\/p>\n<p><strong>COMUNICACI\u00d3 DE DADES A TERCERS.<\/strong><\/p>\n<p>RISK XXI, S.L. no cedir\u00e0 les dades proporcionades per vost\u00e8 a terceres persones, excepte casos d&#8217;obligaci\u00f3 legal o mediant el seu consentiment expr\u00e9s.<\/p>\n<p><strong>ELS SEUS DRETS EN RELACI\u00d3 A LES DADES FACILITADES.<\/strong><\/p>\n<p>Qualsevol persona t\u00e9 dret a obtenir confirmaci\u00f3 sobre si en RISK XXI, S.L. estem tractant dades personals que el concerneixen, o no. Els drets de protecci\u00f3 de dades que vost\u00e8 pot exercitar s\u00f3n:<\/p>\n<ul>\n<li><strong>Dret d&#8217;acc\u00e9s, rectificaci\u00f3 o supressi\u00f3:<\/strong> Vost\u00e8 t\u00e9 dret a accedir a les seves dades personals, aix\u00ed com a sol\u00b7licitar la rectificaci\u00f3 de les dades inexactes o, si escau, sol\u00b7licitar la seva supressi\u00f3 quan, entre altres motius, les dades ja no siguin necessaris per a les finalitats que van ser recollits.<\/li>\n<li><strong>Dret d&#8217;oposici\u00f3:<\/strong> En determinades circumst\u00e0ncies vost\u00e8 podr\u00e0 oposar-se al tractament de les seves dades. RISK XXI, S.L. deixar\u00e0 de tractar les dades, excepte per motius leg\u00edtims imperiosos o l&#8217;exercici o la defensa de possibles reclamacions.<\/li>\n<li><strong>Dret a la portabilitat de les seves dades:<\/strong> Vost\u00e8 pot sol\u00b7licitar que les seves dades personals automatitzades siguin cedits o transferits a qualsevol altra empresa que ens indiqui en un format estructurat, intel\u00b7ligible i automatitzat.<\/li>\n<li><strong>Dret a sol\u00b7licitar la limitaci\u00f3 del seu tractament:<\/strong> En determinades circumst\u00e0ncies, vost\u00e8 pot sol\u00b7licitar la limitaci\u00f3 del tractament de les seves dades, en aquest cas \u00fanicament els conservarem per a l&#8217;exercici o la defensa de reclamacions.<\/li>\n<li><strong>Dret a no ser objecte de decisions individuals automatitzades.<\/strong><\/li>\n<\/ul>\n<p><strong>COM EXERCIR AQUESTS DRETS.<\/strong><\/p>\n<p>Vost\u00e8 podr\u00e0 exercitar els seus drets de protecci\u00f3 de dades personals dirigint una comunicaci\u00f3 per escrit al domicili social de RISK XXI, S.L. C\/ Girona 74 \u2013 08009 Barcelona (Barcelona), indicant la referencia &#8220;PROTECCI\u00d3 DE DADES&#8221; o al correu electr\u00f2nic habilitat a aquest efecte, <a href=\"mailto:dpo@risk21.com\" target=\"_blank\" rel=\"noopener\">dpo@risk21.com<\/a> , incloent en tots dos casos fotocopia del seu DNI o un altre document d&#8217;identificaci\u00f3 equivalent i indicant el seu nom i cognoms, petici\u00f3 en qu\u00e8 es concreta la sol\u00b7licitud, adre\u00e7a a l&#8217;efecte de notificacions, data i signatura.<\/p>\n<p><strong>PER QUIN MOTIU DISPOSEM DE LES SEVES DADES PERSONALS.<\/strong><\/p>\n<p>Les dades personals dels quals disposem han estat proporcionats directament per vost\u00e8 a trav\u00e9s dels contactes que ha tingut amb el nostre equip professional o mitjan\u00e7ant els diferents formularis dels quals disposa la p\u00e0gina web, o b\u00e9 a trav\u00e9s de les cookies instal\u00b7lades tal com pot consultar-se en la nostra Pol\u00edtica de Cookies.<\/p>\n<p><strong>RETIRADA DEL CONSENTIMENT.<\/strong><\/p>\n<p>Vost\u00e8 t\u00e9 el dret a retirar el consentiment en qualsevol moment, sense que aix\u00f2 afecti la licitud del tractament basat en el consentiment previ a la seva retirada.<\/p>\n<p><strong>RECLAMACIONS.<\/strong><\/p>\n<p>Si vost\u00e8 considera que les seves dades no s\u00f3n tractats correctament, pot dirigir les seves reclamacions al Delegat de Protecci\u00f3 de Dades de RISK XXI, S.L. <a href=\"mailto:dpo@risk21.com\" target=\"_blank\" rel=\"noopener\">dpo@risk21.com<\/a> \u00a0, o a l&#8217;autoritat de control, que en el territori nacional \u00e9s l&#8217;Ag\u00e8ncia Espanyola de Protecci\u00f3 de Dades, b\u00e9 a trav\u00e9s de la seu electr\u00f2nica del seu portal web (\u00a0<a href=\"http:\/\/www.agpd.es\">www.agpd.es<\/a> ), o b\u00e9 mitjan\u00e7ant escrit dirigit a la seva adre\u00e7a postal (C\/Jorge Juan, 6, 28001-Madrid).<\/p>\n<p><strong>QUINA INFORMACI\u00d3 RECOPILEM?<\/strong><\/p>\n<p>En general, pot usar el Lloc web sense facilitar cap informaci\u00f3 de car\u00e0cter personal.<\/p>\n<p>Disposem de diverses seccions en la nostra p\u00e0gina web en les quals existeixen formularis de recollida de dades personals que s\u00f3n necessaris per a poder prestar-li els serveis que ens sol\u00b7licita. Les dades d&#8217;emplenament obligatori s&#8217;especifiquen en el propi formulari, i la seva negativa a subministrar-los implicar\u00e0 no poder atendre la seva sol\u00b7licitud. Quan ens remet algun d&#8217;aquests formularis sol\u00b7licitant-nos informaci\u00f3, l&#8217;usuari garanteix l&#8217;autenticitat, exactitud i veracitat de tota la informaci\u00f3 que ens faciliti, comprometent-se a mantenir actualitzats les dades que ens faciliti de manera que els mateixos responguin, en tot moment, a la seva situaci\u00f3 real. L&#8217;Usuari ser\u00e0 l&#8217;\u00fanic responsable de les manifestacions falses o inexactes i dels perjudicis que les mateixes poguessin causar.<\/p>\n<p><strong>SEGURETAT I ACTUALITZACI\u00d3 DE LES SEVES DADES PERSONALS<\/strong><\/p>\n<p>Amb l&#8217;objectiu de mantenir la seguretat de les seves dades personals, l&#8217;informem que RISK XXI, S.L. ha adoptat totes les mesures d&#8217;\u00edndole t\u00e8cnica i organitzativa necess\u00e0ries per a garantir la seguretat de les dades personals subministrades. Tals com Xifrat de dades, confidencialitat dels sistemes de tractament, capacitat de resposta en cas d&#8217;incidents t\u00e8cnics, procediments peri\u00f2dics de verificaci\u00f3 i avaluaci\u00f3 de la seguretat del tractament, etc.<\/p>\n<p>&nbsp;<\/p>\n","protected":false},"excerpt":{"rendered":"<p>Av\u00eds legal. TITULAR DE LA P\u00c0GINA WEB. En compliment del que es preveu en l&#8217;art. 10 de la Llei 34\/2002, d&#8217;11 de juliol, de Serveis de la Societat de la Informaci\u00f3 i Comer\u00e7 Electr\u00f2nic, es posa de manifest que les dades d&#8217;identificaci\u00f3 del titular de www.risk21.com \u00a0s\u00f3n: Denominaci\u00f3 social: RISK XXI, S.L. CIF: B62228598 Domicili<br \/><a href=\"https:\/\/www.risk21.com\/ca\/avis-legal\/\" class=\"more\">Llegir m\u00e9s<\/a><\/p>\n","protected":false},"author":1,"featured_media":0,"parent":0,"menu_order":0,"comment_status":"closed","ping_status":"closed","template":"","meta":{"footnotes":""},"class_list":["post-6227","page","type-page","status-publish","hentry"],"yoast_head":"<!-- This site is optimized with the Yoast SEO plugin v25.3.1 - https:\/\/yoast.com\/wordpress\/plugins\/seo\/ -->\n<title>Av\u00eds Legal i Pol\u00edtica de Privacitat - Risk XXI<\/title>\n<meta name=\"robots\" content=\"index, follow, max-snippet:-1, max-image-preview:large, max-video-preview:-1\" \/>\n<link rel=\"canonical\" href=\"https:\/\/www.risk21.com\/ca\/avis-legal\/\" \/>\n<meta property=\"og:locale\" content=\"ca_ES\" \/>\n<meta property=\"og:type\" content=\"article\" \/>\n<meta property=\"og:title\" content=\"Av\u00eds Legal i Pol\u00edtica de Privacitat - Risk XXI\" \/>\n<meta property=\"og:description\" content=\"Av\u00eds legal. TITULAR DE LA P\u00c0GINA WEB. En compliment del que es preveu en l&#8217;art. 10 de la Llei 34\/2002, d&#8217;11 de juliol, de Serveis de la Societat de la Informaci\u00f3 i Comer\u00e7 Electr\u00f2nic, es posa de manifest que les dades d&#8217;identificaci\u00f3 del titular de www.risk21.com \u00a0s\u00f3n: Denominaci\u00f3 social: RISK XXI, S.L. CIF: B62228598 DomiciliLlegir m\u00e9s\" \/>\n<meta property=\"og:url\" content=\"https:\/\/www.risk21.com\/ca\/avis-legal\/\" \/>\n<meta property=\"og:site_name\" content=\"Risk XXI\" \/>\n<meta property=\"article:modified_time\" content=\"2023-11-09T07:57:03+00:00\" \/>\n<meta name=\"twitter:card\" content=\"summary_large_image\" \/>\n<meta name=\"twitter:label1\" content=\"Temps estimat de lectura\" \/>\n\t<meta name=\"twitter:data1\" content=\"7 minuts\" \/>\n<script type=\"application\/ld+json\" class=\"yoast-schema-graph\">{\"@context\":\"https:\/\/schema.org\",\"@graph\":[{\"@type\":\"WebPage\",\"@id\":\"https:\/\/www.risk21.com\/ca\/avis-legal\/\",\"url\":\"https:\/\/www.risk21.com\/ca\/avis-legal\/\",\"name\":\"Av\u00eds Legal i Pol\u00edtica de Privacitat - Risk XXI\",\"isPartOf\":{\"@id\":\"https:\/\/www.risk21.com\/#website\"},\"datePublished\":\"2017-02-10T09:44:06+00:00\",\"dateModified\":\"2023-11-09T07:57:03+00:00\",\"breadcrumb\":{\"@id\":\"https:\/\/www.risk21.com\/ca\/avis-legal\/#breadcrumb\"},\"inLanguage\":\"ca\",\"potentialAction\":[{\"@type\":\"ReadAction\",\"target\":[\"https:\/\/www.risk21.com\/ca\/avis-legal\/\"]}]},{\"@type\":\"BreadcrumbList\",\"@id\":\"https:\/\/www.risk21.com\/ca\/avis-legal\/#breadcrumb\",\"itemListElement\":[{\"@type\":\"ListItem\",\"position\":1,\"name\":\"Portada\",\"item\":\"https:\/\/www.risk21.com\/ca\/\"},{\"@type\":\"ListItem\",\"position\":2,\"name\":\"Av\u00eds Legal i Pol\u00edtica de Privacitat\"}]},{\"@type\":\"WebSite\",\"@id\":\"https:\/\/www.risk21.com\/#website\",\"url\":\"https:\/\/www.risk21.com\/\",\"name\":\"Risk XXI\",\"description\":\"Prl &amp; Services\",\"potentialAction\":[{\"@type\":\"SearchAction\",\"target\":{\"@type\":\"EntryPoint\",\"urlTemplate\":\"https:\/\/www.risk21.com\/?s={search_term_string}\"},\"query-input\":{\"@type\":\"PropertyValueSpecification\",\"valueRequired\":true,\"valueName\":\"search_term_string\"}}],\"inLanguage\":\"ca\"}]}<\/script>\n<!-- \/ Yoast SEO plugin. -->","yoast_head_json":{"title":"Av\u00eds Legal i Pol\u00edtica de Privacitat - Risk XXI","robots":{"index":"index","follow":"follow","max-snippet":"max-snippet:-1","max-image-preview":"max-image-preview:large","max-video-preview":"max-video-preview:-1"},"canonical":"https:\/\/www.risk21.com\/ca\/avis-legal\/","og_locale":"ca_ES","og_type":"article","og_title":"Av\u00eds Legal i Pol\u00edtica de Privacitat - Risk XXI","og_description":"Av\u00eds legal. TITULAR DE LA P\u00c0GINA WEB. En compliment del que es preveu en l&#8217;art. 10 de la Llei 34\/2002, d&#8217;11 de juliol, de Serveis de la Societat de la Informaci\u00f3 i Comer\u00e7 Electr\u00f2nic, es posa de manifest que les dades d&#8217;identificaci\u00f3 del titular de www.risk21.com \u00a0s\u00f3n: Denominaci\u00f3 social: RISK XXI, S.L. CIF: B62228598 DomiciliLlegir m\u00e9s","og_url":"https:\/\/www.risk21.com\/ca\/avis-legal\/","og_site_name":"Risk XXI","article_modified_time":"2023-11-09T07:57:03+00:00","twitter_card":"summary_large_image","twitter_misc":{"Temps estimat de lectura":"7 minuts"},"schema":{"@context":"https:\/\/schema.org","@graph":[{"@type":"WebPage","@id":"https:\/\/www.risk21.com\/ca\/avis-legal\/","url":"https:\/\/www.risk21.com\/ca\/avis-legal\/","name":"Av\u00eds Legal i Pol\u00edtica de Privacitat - Risk XXI","isPartOf":{"@id":"https:\/\/www.risk21.com\/#website"},"datePublished":"2017-02-10T09:44:06+00:00","dateModified":"2023-11-09T07:57:03+00:00","breadcrumb":{"@id":"https:\/\/www.risk21.com\/ca\/avis-legal\/#breadcrumb"},"inLanguage":"ca","potentialAction":[{"@type":"ReadAction","target":["https:\/\/www.risk21.com\/ca\/avis-legal\/"]}]},{"@type":"BreadcrumbList","@id":"https:\/\/www.risk21.com\/ca\/avis-legal\/#breadcrumb","itemListElement":[{"@type":"ListItem","position":1,"name":"Portada","item":"https:\/\/www.risk21.com\/ca\/"},{"@type":"ListItem","position":2,"name":"Av\u00eds Legal i Pol\u00edtica de Privacitat"}]},{"@type":"WebSite","@id":"https:\/\/www.risk21.com\/#website","url":"https:\/\/www.risk21.com\/","name":"Risk XXI","description":"Prl &amp; Services","potentialAction":[{"@type":"SearchAction","target":{"@type":"EntryPoint","urlTemplate":"https:\/\/www.risk21.com\/?s={search_term_string}"},"query-input":{"@type":"PropertyValueSpecification","valueRequired":true,"valueName":"search_term_string"}}],"inLanguage":"ca"}]}},"_links":{"self":[{"href":"https:\/\/www.risk21.com\/ca\/wp-json\/wp\/v2\/pages\/6227","targetHints":{"allow":["GET"]}}],"collection":[{"href":"https:\/\/www.risk21.com\/ca\/wp-json\/wp\/v2\/pages"}],"about":[{"href":"https:\/\/www.risk21.com\/ca\/wp-json\/wp\/v2\/types\/page"}],"author":[{"embeddable":true,"href":"https:\/\/www.risk21.com\/ca\/wp-json\/wp\/v2\/users\/1"}],"replies":[{"embeddable":true,"href":"https:\/\/www.risk21.com\/ca\/wp-json\/wp\/v2\/comments?post=6227"}],"version-history":[{"count":7,"href":"https:\/\/www.risk21.com\/ca\/wp-json\/wp\/v2\/pages\/6227\/revisions"}],"predecessor-version":[{"id":12156,"href":"https:\/\/www.risk21.com\/ca\/wp-json\/wp\/v2\/pages\/6227\/revisions\/12156"}],"wp:attachment":[{"href":"https:\/\/www.risk21.com\/ca\/wp-json\/wp\/v2\/media?parent=6227"}],"curies":[{"name":"wp","href":"https:\/\/api.w.org\/{rel}","templated":true}]}}