{"id":6143,"date":"2017-01-23T09:24:07","date_gmt":"2017-01-23T09:24:07","guid":{"rendered":"http:\/\/www.risk21.com\/ca\/?page_id=6143"},"modified":"2018-05-18T11:18:10","modified_gmt":"2018-05-18T11:18:10","slug":"metode-rhs","status":"publish","type":"page","link":"https:\/\/www.risk21.com\/ca\/metode-rhs\/","title":{"rendered":"M\u00e8tode RHS &#8211; Risk &#038; Hazards Simulators."},"content":{"rendered":"<div class=\"wpb-content-wrapper\"><p>[vc_row][vc_column css=&#8221;.vc_custom_1456763475711{margin-top: -50px !important;}&#8221;][vc_empty_space height=&#8221;60px&#8221;][vc_custom_heading source=&#8221;post_title&#8221; font_container=&#8221;tag:h2|font_size:36px|text_align:center|color:%23000000|line_height:40px&#8221; google_fonts=&#8221;font_family:Open%20Sans%3A300%2C300italic%2Cregular%2Citalic%2C600%2C600italic%2C700%2C700italic%2C800%2C800italic|font_style:300%20light%20regular%3A300%3Anormal&#8221;]<style type=\"text\/css\" >#l_hg09l2b70dpfp46t4a1x{width:100px;}#l_hg09l2b70dpfp46t4a1x.sc_line ,#l_hg09l2b70dpfp46t4a1x .sc_line { height:1px; background: #ff9900; background: -moz-linear-gradient(90deg, #ff9900 0%, #fab956 100%); background: -webkit-gradient(linear, left top, right bottom, color-stop(0%,#ff9900), color-stop(100%,#fab956)); background: -webkit-linear-gradient(90deg, #ff9900 0%,#fab956 100%); background: -o-linear-gradient(90deg, #ff9900 0%,#fab956 100%); background: -ms-linear-gradient(90deg, #ff9900 0%,#fab956 100%); background: linear-gradient(90deg, #ff9900 0%,#fab956 100%);}#l_hg09l2b70dpfp46t4a1x.sc_line ,#l_hg09l2b70dpfp46t4a1x .sc_line{margin-left:auto!important; margin-right:auto!important;}#l_hg09l2b70dpfp46t4a1x {margin:0px 0 20px 0; padding:0;}<\/style><div class=\"clearfix\"><\/div><div id=\"l_hg09l2b70dpfp46t4a1x\"  class=\"sc_line rd_line_normal\" ><\/div>[vc_single_image image=&#8221;6131&#8243; img_size=&#8221;full&#8221; alignment=&#8221;center&#8221; animation=&#8221;rda_fadeIn&#8221;][vc_column_text]El\u00a0<strong>M\u00c8TODE RHS<\/strong>\u00a0(Risk &amp; Hazards Simulators) \u00e9s un sistema de doc\u00e8ncia basat en la\u00a0<strong>PRACTICA AMB SIMULADORS.<\/strong><\/p>\n<p><strong>\u201cUna imatge val m\u00e9s que mil paraules, i una pr\u00e0ctica m\u00e9s que mil imatges\u201d.<\/strong><\/p>\n<p class=\"p1\"><strong><a href=\"https:\/\/www.risk21.com\/ca\/practica-la-seguritat-practica-metode-rhs\/\" target=\"_blank\" rel=\"noopener noreferrer\">VEURE VIDEO: M\u00c8TODE RHS: PRACTICA LA SEGURETAT PR\u00c0CTICA.<\/a><\/strong><\/p>\n<p class=\"p1\"><a href=\"http:\/\/www.risk21.com\/practica-la-seguridad-practica-metodo-rhs\/\"><img loading=\"lazy\" decoding=\"async\" class=\"alignleft wp-image-6336\" src=\"https:\/\/www.risk21.com\/wp-content\/uploads\/2017\/03\/Logo-m%C3%A9todo-RHS-1-300x300.png\" sizes=\"auto, (max-width: 171px) 100vw, 171px\" srcset=\"https:\/\/www.risk21.com\/wp-content\/uploads\/2017\/03\/Logo-m\u00e9todo-RHS-1-300x300.png 300w, https:\/\/www.risk21.com\/wp-content\/uploads\/2017\/03\/Logo-m\u00e9todo-RHS-1-150x150.png 150w, https:\/\/www.risk21.com\/wp-content\/uploads\/2017\/03\/Logo-m\u00e9todo-RHS-1-768x768.png 768w, https:\/\/www.risk21.com\/wp-content\/uploads\/2017\/03\/Logo-m\u00e9todo-RHS-1-570x570.png 570w, https:\/\/www.risk21.com\/wp-content\/uploads\/2017\/03\/Logo-m\u00e9todo-RHS-1-266x266.png 266w, https:\/\/www.risk21.com\/wp-content\/uploads\/2017\/03\/Logo-m\u00e9todo-RHS-1-24x24.png 24w, https:\/\/www.risk21.com\/wp-content\/uploads\/2017\/03\/Logo-m\u00e9todo-RHS-1-36x36.png 36w, https:\/\/www.risk21.com\/wp-content\/uploads\/2017\/03\/Logo-m\u00e9todo-RHS-1-48x48.png 48w, https:\/\/www.risk21.com\/wp-content\/uploads\/2017\/03\/Logo-m\u00e9todo-RHS-1.png 574w\" alt=\"\" width=\"171\" height=\"171\" data-lazy-loaded=\"true\" \/><\/a><\/p>\n<p>Aquest m\u00e8tode consta de:<\/p>\n<ul>\n<li>Simuladors per a realitzar les pr\u00e0ctiques<\/li>\n<li>Metodologia pr\u00f2pia i espec\u00edfica<\/li>\n<li>Instructors experts<\/li>\n<\/ul>\n<p>Avaluaci\u00f3 continuada i certificaci\u00f3 oficial (per <strong>RISK XXI \u2013 Prl &amp; Services<\/strong>, Servei de Prevenci\u00f3 acreditat SP 038 B)<\/p>\n<p>&nbsp;<\/p>\n<p><strong><a href=\"mailto:simuladores@risk21.com\">M\u00c9S INFORMACI\u00d3, SENSE CAP COMPROM\u00cdS.<\/a><\/strong><\/p>\n<p>&nbsp;<\/p>\n<p>Amb el\u00a0<strong>M\u00e8tode RHS<\/strong>\u00a0assegurem una formaci\u00f3\u00a0<strong>PR\u00c0CTICA, SUFICIENT I ADEQUADA<\/strong>\u00a0per donar compliment de sobra als requeriments legals en aquesta mat\u00e8ria.<\/p>\n<p>Es planteja com a ideal per als nostres objectius de formaci\u00f3\u00a0<strong>CONTINUADA,<\/strong>\u00a0des del moment de la incorporaci\u00f3 a un lloc de treball i a qualsevol altre moment posterior de la relaci\u00f3 laboral.<\/p>\n<p>Aporta valor, mitjan\u00e7ant el\u00a0<strong>SEGUIMENT I LA CERTIFICACI\u00d3 DOCUMENTAL<\/strong>\u00a0de l\u2019aprofitament de la formaci\u00f3 rebuda per part dels empleats.<\/p>\n<p>Una vegada realitzada la formaci\u00f3 inicial amb el nostre\u00a0<strong>M\u00e8tode RHS<\/strong>, comprovem de forma peri\u00f2dica i programada l\u2019efectiva aplicaci\u00f3 en el dia a dia del lloc de treball, dels coneixements practicats. I l\u2019hi certifiquem com a Servei de Prevenci\u00f3 Ali\u00e8 Acreditat que som.<\/p>\n<p>&nbsp;<\/p>\n<p class=\"p1\"><strong>RISK XXI \u2013 Prl &amp; Services<\/strong>\u00a0(SP 038 B).<\/p>\n<p class=\"p1\"><strong>\u201cANALITZEM ELS SEUS RISCOS I LES SEVES NECESSITATS DE FORMACI\u00d3 AMB LA FINALITAT D\u2019ADAPTAR I DESENVOLUPAR SIMULADORS ESPEC\u00cdFICS PER A LA SEVA EMPRESA O ORGANITZACI\u00d3\u201d. M\u00e8tode RHS.<\/strong><\/p>\n<p class=\"p1\"><a href=\"http:\/\/www.risk21.com\/practica-la-seguridad-practica-metodo-rhs\/\"><img loading=\"lazy\" decoding=\"async\" class=\"wp-image-6359 aligncenter\" src=\"https:\/\/www.risk21.com\/wp-content\/uploads\/2017\/01\/Logo-Practica-Seguridad-Practica-300x64.png\" sizes=\"auto, (max-width: 431px) 100vw, 431px\" srcset=\"https:\/\/www.risk21.com\/wp-content\/uploads\/2017\/01\/Logo-Practica-Seguridad-Practica-300x64.png 300w, https:\/\/www.risk21.com\/wp-content\/uploads\/2017\/01\/Logo-Practica-Seguridad-Practica-768x163.png 768w, https:\/\/www.risk21.com\/wp-content\/uploads\/2017\/01\/Logo-Practica-Seguridad-Practica-24x5.png 24w, https:\/\/www.risk21.com\/wp-content\/uploads\/2017\/01\/Logo-Practica-Seguridad-Practica-36x8.png 36w, https:\/\/www.risk21.com\/wp-content\/uploads\/2017\/01\/Logo-Practica-Seguridad-Practica-48x10.png 48w, https:\/\/www.risk21.com\/wp-content\/uploads\/2017\/01\/Logo-Practica-Seguridad-Practica.png 960w\" alt=\"\" width=\"431\" height=\"92\" data-lazy-loaded=\"true\" \/><\/a><\/p>\n<p>Amb el\u00a0<strong>M\u00e8tode RHS<\/strong>\u00a0assegurem a l\u2019empresa que el temps dedicat a l\u2019aprenentatge \u00e9s\u00a0<strong>EFICA\u00c7, INSTRUCTIU, AM\u00c8 I AMORTITZABLE.<\/strong><\/p>\n<p>\u00c9s una formaci\u00f3\u00a0<strong>\u201cGAMIFICADA\u201d<\/strong>\u00a0que permet aprendre divertint-se.<\/p>\n<p>Els assistents a les nostres sessions de formaci\u00f3 mitjan\u00e7ant el M\u00e8tode RHS practiquen la seguretat pr\u00e0ctica. Es poden equivocar sense risc per a ells, ni per a altres persones, ni per a les instal\u00b7lacions, assimilant d\u2019aquesta manera la magnitud dels riscos per defici\u00e8ncies de seguretat, en un entorn de risc controlat.<\/p>\n<p>De manera molt professional i amena.<\/p>\n<p>Disposem de simuladors de:<\/p>\n<ul>\n<li>Riscos per treballs amb\u00a0<strong>instal\u00b7lacions pneum\u00e0tiques i hidr\u00e0uliques.\u00a0<a href=\"https:\/\/www.risk21.com\/ca\/metodo-rhs-instalaciones-neumaticas-e-hidraulicas\/\" target=\"_blank\" rel=\"noopener noreferrer\">(VEURE V\u00cdDEO)<\/a><\/strong><\/li>\n<li>Riscos per\u00a0<strong>treballs en al\u00e7ada i maneig de c\u00e0rregues suspeses.\u00a0<a href=\"https:\/\/www.risk21.com\/ca\/metode-rhs-treballs-alcada-i-maneig-carregues-suspeses\/\" target=\"_blank\" rel=\"noopener noreferrer\">(VEURE V\u00cdDEO)<\/a><\/strong><\/li>\n<li>Risc per\u00a0<strong>electricitat i\/o curtcircuit el\u00e8ctric.\u00a0<a href=\"https:\/\/www.risk21.com\/ca\/metodo-rhs-electricidad-cuadro-electrico-cortocircuito-e-incendio\/\" target=\"_blank\" rel=\"noopener noreferrer\">(VEURE V\u00cdDEO)<\/a><\/strong><\/li>\n<li>Sistemes de\u00a0<strong>bloqueig, consignaci\u00f3 i etiquetatge. LOTO.\u00a0<a href=\"https:\/\/www.risk21.com\/ca\/metodo-rhs-bloqueo-etiquetado-loto\/\" target=\"_blank\" rel=\"noopener noreferrer\">(VEURE V\u00cdDEO)<\/a><\/strong><\/li>\n<li>Treballs amb\u00a0<strong>serra de cinta.<\/strong><\/li>\n<li>Altres\u00a0<strong>Simuladors \u201cA MIDA\u201d.\u00a0<a href=\"mailto:simuladores@risk21.com\" target=\"_blank\" rel=\"noopener noreferrer\">(PREGUNTI\u2019NS)<\/a><\/strong><\/li>\n<\/ul>\n<p>[\/vc_column_text][vc_single_image image=&#8221;6140&#8243; img_size=&#8221;full&#8221; alignment=&#8221;center&#8221; animation=&#8221;rda_fadeIn&#8221;][vc_single_image image=&#8221;6138&#8243; img_size=&#8221;full&#8221; alignment=&#8221;center&#8221; animation=&#8221;rda_fadeIn&#8221;][\/vc_column][\/vc_row]<\/p>\n<\/div>","protected":false},"excerpt":{"rendered":"<p>[vc_row][vc_column css=&#8221;.vc_custom_1456763475711{margin-top: -50px !important;}&#8221;][vc_empty_space height=&#8221;60px&#8221;][vc_custom_heading source=&#8221;post_title&#8221; font_container=&#8221;tag:h2|font_size:36px|text_align:center|color:%23000000|line_height:40px&#8221; google_fonts=&#8221;font_family:Open%20Sans%3A300%2C300italic%2Cregular%2Citalic%2C600%2C600italic%2C700%2C700italic%2C800%2C800italic|font_style:300%20light%20regular%3A300%3Anormal&#8221;][vc_single_image image=&#8221;6131&#8243; img_size=&#8221;full&#8221; alignment=&#8221;center&#8221; animation=&#8221;rda_fadeIn&#8221;][vc_column_text]El\u00a0M\u00c8TODE RHS\u00a0(Risk &amp; Hazards Simulators) \u00e9s un sistema de doc\u00e8ncia basat en la\u00a0PRACTICA AMB SIMULADORS. \u201cUna imatge val m\u00e9s que mil paraules, i una pr\u00e0ctica m\u00e9s que mil imatges\u201d. VEURE VIDEO: M\u00c8TODE RHS: PRACTICA LA SEGURETAT PR\u00c0CTICA. Aquest m\u00e8tode consta de: Simuladors per a<br \/><a href=\"https:\/\/www.risk21.com\/ca\/metode-rhs\/\" class=\"more\">Llegir m\u00e9s<\/a><\/p>\n","protected":false},"author":1,"featured_media":0,"parent":0,"menu_order":0,"comment_status":"closed","ping_status":"closed","template":"","meta":{"footnotes":""},"class_list":["post-6143","page","type-page","status-publish","hentry"],"yoast_head":"<!-- This site is optimized with the Yoast SEO plugin v25.3.1 - https:\/\/yoast.com\/wordpress\/plugins\/seo\/ -->\n<title>M\u00e8tode RHS - Risk &amp; Hazards Simulators. - Risk XXI<\/title>\n<meta name=\"robots\" content=\"index, follow, max-snippet:-1, max-image-preview:large, max-video-preview:-1\" \/>\n<link rel=\"canonical\" href=\"https:\/\/www.risk21.com\/ca\/metode-rhs\/\" \/>\n<meta property=\"og:locale\" content=\"ca_ES\" \/>\n<meta property=\"og:type\" content=\"article\" \/>\n<meta property=\"og:title\" content=\"M\u00e8tode RHS - Risk &amp; Hazards Simulators. - Risk XXI\" \/>\n<meta property=\"og:description\" content=\"[vc_row][vc_column css=&#8221;.vc_custom_1456763475711{margin-top: -50px !important;}&#8221;][vc_empty_space height=&#8221;60px&#8221;][vc_custom_heading source=&#8221;post_title&#8221; font_container=&#8221;tag:h2|font_size:36px|text_align:center|color:%23000000|line_height:40px&#8221; google_fonts=&#8221;font_family:Open%20Sans%3A300%2C300italic%2Cregular%2Citalic%2C600%2C600italic%2C700%2C700italic%2C800%2C800italic|font_style:300%20light%20regular%3A300%3Anormal&#8221;][vc_single_image image=&#8221;6131&#8243; img_size=&#8221;full&#8221; alignment=&#8221;center&#8221; animation=&#8221;rda_fadeIn&#8221;][vc_column_text]El\u00a0M\u00c8TODE RHS\u00a0(Risk &amp; Hazards Simulators) \u00e9s un sistema de doc\u00e8ncia basat en la\u00a0PRACTICA AMB SIMULADORS. \u201cUna imatge val m\u00e9s que mil paraules, i una pr\u00e0ctica m\u00e9s que mil imatges\u201d. VEURE VIDEO: M\u00c8TODE RHS: PRACTICA LA SEGURETAT PR\u00c0CTICA. Aquest m\u00e8tode consta de: Simuladors per aLlegir m\u00e9s\" \/>\n<meta property=\"og:url\" content=\"https:\/\/www.risk21.com\/ca\/metode-rhs\/\" \/>\n<meta property=\"og:site_name\" content=\"Risk XXI\" \/>\n<meta property=\"article:modified_time\" content=\"2018-05-18T11:18:10+00:00\" \/>\n<meta property=\"og:image\" content=\"https:\/\/www.risk21.com\/wp-content\/uploads\/2017\/03\/Logo-m%C3%A9todo-RHS-1-300x300.png\" \/>\n<meta name=\"twitter:card\" content=\"summary_large_image\" \/>\n<meta name=\"twitter:label1\" content=\"Temps estimat de lectura\" \/>\n\t<meta name=\"twitter:data1\" content=\"3 minuts\" \/>\n<script type=\"application\/ld+json\" class=\"yoast-schema-graph\">{\"@context\":\"https:\/\/schema.org\",\"@graph\":[{\"@type\":\"WebPage\",\"@id\":\"https:\/\/www.risk21.com\/ca\/metode-rhs\/\",\"url\":\"https:\/\/www.risk21.com\/ca\/metode-rhs\/\",\"name\":\"M\u00e8tode RHS - Risk & Hazards Simulators. - Risk XXI\",\"isPartOf\":{\"@id\":\"https:\/\/www.risk21.com\/#website\"},\"primaryImageOfPage\":{\"@id\":\"https:\/\/www.risk21.com\/ca\/metode-rhs\/#primaryimage\"},\"image\":{\"@id\":\"https:\/\/www.risk21.com\/ca\/metode-rhs\/#primaryimage\"},\"thumbnailUrl\":\"https:\/\/www.risk21.com\/wp-content\/uploads\/2017\/03\/Logo-m%C3%A9todo-RHS-1-300x300.png\",\"datePublished\":\"2017-01-23T09:24:07+00:00\",\"dateModified\":\"2018-05-18T11:18:10+00:00\",\"breadcrumb\":{\"@id\":\"https:\/\/www.risk21.com\/ca\/metode-rhs\/#breadcrumb\"},\"inLanguage\":\"ca\",\"potentialAction\":[{\"@type\":\"ReadAction\",\"target\":[\"https:\/\/www.risk21.com\/ca\/metode-rhs\/\"]}]},{\"@type\":\"ImageObject\",\"inLanguage\":\"ca\",\"@id\":\"https:\/\/www.risk21.com\/ca\/metode-rhs\/#primaryimage\",\"url\":\"https:\/\/www.risk21.com\/wp-content\/uploads\/2017\/03\/Logo-m%C3%A9todo-RHS-1-300x300.png\",\"contentUrl\":\"https:\/\/www.risk21.com\/wp-content\/uploads\/2017\/03\/Logo-m%C3%A9todo-RHS-1-300x300.png\"},{\"@type\":\"BreadcrumbList\",\"@id\":\"https:\/\/www.risk21.com\/ca\/metode-rhs\/#breadcrumb\",\"itemListElement\":[{\"@type\":\"ListItem\",\"position\":1,\"name\":\"Portada\",\"item\":\"https:\/\/www.risk21.com\/ca\/\"},{\"@type\":\"ListItem\",\"position\":2,\"name\":\"M\u00e8tode RHS &#8211; Risk &#038; Hazards Simulators.\"}]},{\"@type\":\"WebSite\",\"@id\":\"https:\/\/www.risk21.com\/#website\",\"url\":\"https:\/\/www.risk21.com\/\",\"name\":\"Risk XXI\",\"description\":\"Prl &amp; Services\",\"potentialAction\":[{\"@type\":\"SearchAction\",\"target\":{\"@type\":\"EntryPoint\",\"urlTemplate\":\"https:\/\/www.risk21.com\/?s={search_term_string}\"},\"query-input\":{\"@type\":\"PropertyValueSpecification\",\"valueRequired\":true,\"valueName\":\"search_term_string\"}}],\"inLanguage\":\"ca\"}]}<\/script>\n<!-- \/ Yoast SEO plugin. -->","yoast_head_json":{"title":"M\u00e8tode RHS - Risk & Hazards Simulators. - Risk XXI","robots":{"index":"index","follow":"follow","max-snippet":"max-snippet:-1","max-image-preview":"max-image-preview:large","max-video-preview":"max-video-preview:-1"},"canonical":"https:\/\/www.risk21.com\/ca\/metode-rhs\/","og_locale":"ca_ES","og_type":"article","og_title":"M\u00e8tode RHS - Risk & Hazards Simulators. - Risk XXI","og_description":"[vc_row][vc_column css=&#8221;.vc_custom_1456763475711{margin-top: -50px !important;}&#8221;][vc_empty_space height=&#8221;60px&#8221;][vc_custom_heading source=&#8221;post_title&#8221; font_container=&#8221;tag:h2|font_size:36px|text_align:center|color:%23000000|line_height:40px&#8221; google_fonts=&#8221;font_family:Open%20Sans%3A300%2C300italic%2Cregular%2Citalic%2C600%2C600italic%2C700%2C700italic%2C800%2C800italic|font_style:300%20light%20regular%3A300%3Anormal&#8221;][vc_single_image image=&#8221;6131&#8243; img_size=&#8221;full&#8221; alignment=&#8221;center&#8221; animation=&#8221;rda_fadeIn&#8221;][vc_column_text]El\u00a0M\u00c8TODE RHS\u00a0(Risk &amp; Hazards Simulators) \u00e9s un sistema de doc\u00e8ncia basat en la\u00a0PRACTICA AMB SIMULADORS. \u201cUna imatge val m\u00e9s que mil paraules, i una pr\u00e0ctica m\u00e9s que mil imatges\u201d. VEURE VIDEO: M\u00c8TODE RHS: PRACTICA LA SEGURETAT PR\u00c0CTICA. Aquest m\u00e8tode consta de: Simuladors per aLlegir m\u00e9s","og_url":"https:\/\/www.risk21.com\/ca\/metode-rhs\/","og_site_name":"Risk XXI","article_modified_time":"2018-05-18T11:18:10+00:00","og_image":[{"url":"https:\/\/www.risk21.com\/wp-content\/uploads\/2017\/03\/Logo-m%C3%A9todo-RHS-1-300x300.png","type":"","width":"","height":""}],"twitter_card":"summary_large_image","twitter_misc":{"Temps estimat de lectura":"3 minuts"},"schema":{"@context":"https:\/\/schema.org","@graph":[{"@type":"WebPage","@id":"https:\/\/www.risk21.com\/ca\/metode-rhs\/","url":"https:\/\/www.risk21.com\/ca\/metode-rhs\/","name":"M\u00e8tode RHS - Risk & Hazards Simulators. - Risk XXI","isPartOf":{"@id":"https:\/\/www.risk21.com\/#website"},"primaryImageOfPage":{"@id":"https:\/\/www.risk21.com\/ca\/metode-rhs\/#primaryimage"},"image":{"@id":"https:\/\/www.risk21.com\/ca\/metode-rhs\/#primaryimage"},"thumbnailUrl":"https:\/\/www.risk21.com\/wp-content\/uploads\/2017\/03\/Logo-m%C3%A9todo-RHS-1-300x300.png","datePublished":"2017-01-23T09:24:07+00:00","dateModified":"2018-05-18T11:18:10+00:00","breadcrumb":{"@id":"https:\/\/www.risk21.com\/ca\/metode-rhs\/#breadcrumb"},"inLanguage":"ca","potentialAction":[{"@type":"ReadAction","target":["https:\/\/www.risk21.com\/ca\/metode-rhs\/"]}]},{"@type":"ImageObject","inLanguage":"ca","@id":"https:\/\/www.risk21.com\/ca\/metode-rhs\/#primaryimage","url":"https:\/\/www.risk21.com\/wp-content\/uploads\/2017\/03\/Logo-m%C3%A9todo-RHS-1-300x300.png","contentUrl":"https:\/\/www.risk21.com\/wp-content\/uploads\/2017\/03\/Logo-m%C3%A9todo-RHS-1-300x300.png"},{"@type":"BreadcrumbList","@id":"https:\/\/www.risk21.com\/ca\/metode-rhs\/#breadcrumb","itemListElement":[{"@type":"ListItem","position":1,"name":"Portada","item":"https:\/\/www.risk21.com\/ca\/"},{"@type":"ListItem","position":2,"name":"M\u00e8tode RHS &#8211; Risk &#038; Hazards Simulators."}]},{"@type":"WebSite","@id":"https:\/\/www.risk21.com\/#website","url":"https:\/\/www.risk21.com\/","name":"Risk XXI","description":"Prl &amp; Services","potentialAction":[{"@type":"SearchAction","target":{"@type":"EntryPoint","urlTemplate":"https:\/\/www.risk21.com\/?s={search_term_string}"},"query-input":{"@type":"PropertyValueSpecification","valueRequired":true,"valueName":"search_term_string"}}],"inLanguage":"ca"}]}},"_links":{"self":[{"href":"https:\/\/www.risk21.com\/ca\/wp-json\/wp\/v2\/pages\/6143","targetHints":{"allow":["GET"]}}],"collection":[{"href":"https:\/\/www.risk21.com\/ca\/wp-json\/wp\/v2\/pages"}],"about":[{"href":"https:\/\/www.risk21.com\/ca\/wp-json\/wp\/v2\/types\/page"}],"author":[{"embeddable":true,"href":"https:\/\/www.risk21.com\/ca\/wp-json\/wp\/v2\/users\/1"}],"replies":[{"embeddable":true,"href":"https:\/\/www.risk21.com\/ca\/wp-json\/wp\/v2\/comments?post=6143"}],"version-history":[{"count":14,"href":"https:\/\/www.risk21.com\/ca\/wp-json\/wp\/v2\/pages\/6143\/revisions"}],"predecessor-version":[{"id":8052,"href":"https:\/\/www.risk21.com\/ca\/wp-json\/wp\/v2\/pages\/6143\/revisions\/8052"}],"wp:attachment":[{"href":"https:\/\/www.risk21.com\/ca\/wp-json\/wp\/v2\/media?parent=6143"}],"curies":[{"name":"wp","href":"https:\/\/api.w.org\/{rel}","templated":true}]}}