{"id":5760,"date":"2016-07-28T07:59:31","date_gmt":"2016-07-28T07:59:31","guid":{"rendered":"http:\/\/www.risk21.com\/ca\/?page_id=5760"},"modified":"2016-07-28T10:14:14","modified_gmt":"2016-07-28T10:14:14","slug":"docencia-alumnes","status":"publish","type":"page","link":"https:\/\/www.risk21.com\/ca\/cursos\/docencia-alumnes\/","title":{"rendered":"Doc\u00e8ncia &#8211; Alumnes"},"content":{"rendered":"<div class=\"wpb-content-wrapper\"><p>[vc_row css=&#8221;.vc_custom_1446722153850{margin-bottom: 0px !important;border-top-width: 1px !important;padding-top: 14px !important;background-color: #ffffff !important;border-top-color: #ffffff !important;}&#8221;][vc_column][vc_column_text]<\/p>\n<h1>PRL &#8211; Sectors<\/h1>\n<h3>Doc\u00e8ncia &#8211; Alumnes<\/h3>\n<p>[\/vc_column_text]<style type=\"text\/css\" >#l_o4ii380m0u88robvk2m9.sc_line ,#l_o4ii380m0u88robvk2m9 .sc_line { height:1px; background: #ff9900; background: -moz-linear-gradient(90deg, #ff9900 0%, #fab956 100%); background: -webkit-gradient(linear, left top, right bottom, color-stop(0%,#ff9900), color-stop(100%,#fab956)); background: -webkit-linear-gradient(90deg, #ff9900 0%,#fab956 100%); background: -o-linear-gradient(90deg, #ff9900 0%,#fab956 100%); background: -ms-linear-gradient(90deg, #ff9900 0%,#fab956 100%); background: linear-gradient(90deg, #ff9900 0%,#fab956 100%);}#l_o4ii380m0u88robvk2m9.sc_line ,#l_o4ii380m0u88robvk2m9 .sc_line{margin-left:auto!important; margin-right:auto!important;}#l_o4ii380m0u88robvk2m9 {margin:-20px 0 20px 0; padding:0;}<\/style><div class=\"clearfix\"><\/div><div id=\"l_o4ii380m0u88robvk2m9\"  class=\"sc_line rd_line_normal\" ><\/div><script>jQuery.noConflict(); var $ = jQuery; <\/script><div id=\"random7wnzlu6vrancipiuv5o0_port\" class=\"portfolio\"><style type=\"text\/css\" >#random7wnzlu6vrancipiuv5o0_port .filter_type_1 #options .selected a,#random7wnzlu6vrancipiuv5o0_port .filter_type_1 #options a:hover{background:#ff881e; border:1px solid #ff881e; color:#fff;}#random7wnzlu6vrancipiuv5o0_port .filter_type_1 #options a{border:1px solid #ecf0f1}#random7wnzlu6vrancipiuv5o0_port .filter_type_1 #options a{background:#ffffff}#random7wnzlu6vrancipiuv5o0_port .filter_type_1 #options a{color:#353535}<\/style><style type=\"text\/css\" >#random7wnzlu6vrancipiuv5o0_port figcaption h2{color:;}#random7wnzlu6vrancipiuv5o0_port figcaption p{color:;}#random7wnzlu6vrancipiuv5o0_port .ico_link{background:!important;}<\/style><style type=\"text\/css\" >#random7wnzlu6vrancipiuv5o0_port .filter_img{border:1px solid #ecf0f1; border-bottom:none;}#random7wnzlu6vrancipiuv5o0_port .port_item_details{border:1px solid #ecf0f1; border-top:none;}#random7wnzlu6vrancipiuv5o0_port .port_item_details {background:#ffffff}#random7wnzlu6vrancipiuv5o0_port .port_item_details a h2{color:#000000}#random7wnzlu6vrancipiuv5o0_port .port_item_details h3{color:#353535}#random7wnzlu6vrancipiuv5o0_port .element:hover .filter_img{border:1px solid #ff9900; border-bottom:none;}#random7wnzlu6vrancipiuv5o0_port .element:hover .port_item_details{border:1px solid #ff9900; border-top:none;}#random7wnzlu6vrancipiuv5o0_port .element:hover .port_item_details{background:#ff9900}#random7wnzlu6vrancipiuv5o0_port .element:hover .port_item_details a h2{color:#ffffff}#random7wnzlu6vrancipiuv5o0_port .element:hover .port_item_details h3{color:#353535}<\/style><div class=\"portfolio_block image-grid columns3 port_type_5 rd_hover_steve thumbnail_type_3\" id=\"list\"><div data-category=\"\" class=\" element\">\r\n\t\t<div class=\"filter_img\">\r\n\t\t<div class=\"port_thumb_ctn\">\r\n\t\t<div class=\"port_overlay\"><\/div>\r\n        <a _self href=\"https:\/\/www.risk21.com\/ca\/cursos-cat\/vull-apendre-a-alimentar-me-be-i-tu\/\" target=\"_self\" class=\"ico_link\"><img loading=\"lazy\" decoding=\"async\" width=\"768\" height=\"384\" src=\"https:\/\/www.risk21.com\/wp-content\/uploads\/2016\/04\/alumnos-alimentacion-768x384.jpg\" class=\"attachment-portfolio_landscape size-portfolio_landscape wp-post-image\" alt=\"\" \/>\r\n\t\t<\/a><figcaption><div>\r\n\t\t<h2>Vull Apendre a Alimentar-me b\u00e9, i tu?<\/h2>\r\n\t\t<p><\/p>\r\n\t\t<\/div>\r\n\t\t<a href=\"https:\/\/www.risk21.com\/ca\/cursos-cat\/vull-apendre-a-alimentar-me-be-i-tu\/\" target=\"_self\">View more<\/a>\r\n\t\t<\/figcaption><a href=\"https:\/\/www.risk21.com\/wp-content\/uploads\/2016\/04\/alumnos-alimentacion.jpg\" class=\"prettyPhoto port_img_link\"><span class='img_link'><\/span><\/a><a href='https:\/\/www.risk21.com\/ca\/cursos-cat\/vull-apendre-a-alimentar-me-be-i-tu\/' target='_self' class='port_post_link'><span class='post_link'><h2 class='fw_port_link'>Vull Apendre a Alimentar-me b\u00e9, i tu?<\/h2><h3 class='fw_port_tag'><\/h3><\/span><\/a><div class=\"portfolio_desc\">\r\n\t\t<h2><a href=\"https:\/\/www.risk21.com\/ca\/cursos-cat\/vull-apendre-a-alimentar-me-be-i-tu\/\" target=\"_self\">Vull Apendre a Alimentar-me b\u00e9, i tu?<\/a><\/h2>\r\n\t\t<h3><\/h3>\r\n        <\/div>\r\n\t\t<\/div><!-- port_thumb_ctn END -->\r\n\t\t<\/div><!-- Filter img END -->\r\n\t\t<div class=\"port_item_details\"><a href=\"https:\/\/www.risk21.com\/ca\/cursos-cat\/vull-apendre-a-alimentar-me-be-i-tu\/\" target=\"_self\"><h2>Vull Apendre a Alimentar-me b\u00e9, i tu?<\/h2><\/a><h3><\/h3>\r\n\t\t<div class=\"item_details_info\"><div class=\"item_details_date\">04\/07\/2016<\/div><a href=\"#\" class=\"zilla-likes\" id=\"zilla-likes-5554\" title=\"Like this\"><span class=\"zilla-likes-count\">1<\/span> <span class=\"zilla-likes-postfix\"><\/span><\/a><\/div><div class=\"port_small_excerpt\"><div class=\"port_project_buttons\"><a class=\"view-portfolio-item\" href=\"https:\/\/www.risk21.com\/ca\/cursos-cat\/vull-apendre-a-alimentar-me-be-i-tu\/\" target=\"_self\">View More<\/a><\/div><\/div>\r\n\t\t<\/div><div class=\"portfolio_sub_info\"><div class=\"isotope_portfolio_name\">Vull Apendre a Alimentar-me b\u00e9, i tu?<\/div><div class=\"isotope_portfolio_date\">2016-04-07<\/div><\/div><\/div><!-- element END --><div data-category=\"\" class=\" element\">\r\n\t\t<div class=\"filter_img\">\r\n\t\t<div class=\"port_thumb_ctn\">\r\n\t\t<div class=\"port_overlay\"><\/div>\r\n        <a _self href=\"https:\/\/www.risk21.com\/ca\/cursos-cat\/conflictos-la-asignatura-que-podemos-aprobar\/\" target=\"_self\" class=\"ico_link\"><img loading=\"lazy\" decoding=\"async\" width=\"768\" height=\"384\" src=\"https:\/\/www.risk21.com\/wp-content\/uploads\/2016\/04\/conflictos-768x384.jpg\" class=\"attachment-portfolio_landscape size-portfolio_landscape wp-post-image\" alt=\"\" \/>\r\n\t\t<\/a><figcaption><div>\r\n\t\t<h2>CONFLICTOS. La asignatura que podemos aprobar<\/h2>\r\n\t\t<p><\/p>\r\n\t\t<\/div>\r\n\t\t<a href=\"https:\/\/www.risk21.com\/ca\/cursos-cat\/conflictos-la-asignatura-que-podemos-aprobar\/\" target=\"_self\">View more<\/a>\r\n\t\t<\/figcaption><a href=\"https:\/\/www.risk21.com\/wp-content\/uploads\/2016\/04\/conflictos.jpg\" class=\"prettyPhoto port_img_link\"><span class='img_link'><\/span><\/a><a href='https:\/\/www.risk21.com\/ca\/cursos-cat\/conflictos-la-asignatura-que-podemos-aprobar\/' target='_self' class='port_post_link'><span class='post_link'><h2 class='fw_port_link'>CONFLICTOS. La asignatura que podemos aprobar<\/h2><h3 class='fw_port_tag'><\/h3><\/span><\/a><div class=\"portfolio_desc\">\r\n\t\t<h2><a href=\"https:\/\/www.risk21.com\/ca\/cursos-cat\/conflictos-la-asignatura-que-podemos-aprobar\/\" target=\"_self\">CONFLICTOS. La asignatura que podemos aprobar<\/a><\/h2>\r\n\t\t<h3><\/h3>\r\n        <\/div>\r\n\t\t<\/div><!-- port_thumb_ctn END -->\r\n\t\t<\/div><!-- Filter img END -->\r\n\t\t<div class=\"port_item_details\"><a href=\"https:\/\/www.risk21.com\/ca\/cursos-cat\/conflictos-la-asignatura-que-podemos-aprobar\/\" target=\"_self\"><h2>CONFLICTOS. La asignatura que podemos aprobar<\/h2><\/a><h3><\/h3>\r\n\t\t<div class=\"item_details_info\"><div class=\"item_details_date\">04\/07\/2016<\/div><a href=\"#\" class=\"zilla-likes\" id=\"zilla-likes-5557\" title=\"Like this\"><span class=\"zilla-likes-count\">1<\/span> <span class=\"zilla-likes-postfix\"><\/span><\/a><\/div><div class=\"port_small_excerpt\"><div class=\"port_project_buttons\"><a class=\"view-portfolio-item\" href=\"https:\/\/www.risk21.com\/ca\/cursos-cat\/conflictos-la-asignatura-que-podemos-aprobar\/\" target=\"_self\">View More<\/a><\/div><\/div>\r\n\t\t<\/div><div class=\"portfolio_sub_info\"><div class=\"isotope_portfolio_name\">CONFLICTOS. La asignatura que podemos aprobar<\/div><div class=\"isotope_portfolio_date\">2016-04-07<\/div><\/div><\/div><!-- element END -->\r\n\r\n                <\/div><!-- .portfolio_block -->\r\n\r\n                <div class=\"rd_clear\"><!-- ClearFix --><\/div><\/div>  <script>\r\n\r\n\r\n\r\njQuery.noConflict();\r\njQuery(document).ready(function($){\r\n\"use strict\";\r\n            \r\n $(window).load(function(){\r\n\r\n\t$(\"#random7wnzlu6vrancipiuv5o0_port .optionset li a\").each(function() {\r\n\r\n\t\t\t\t\t\t\t\tvar filter_class = $(this).attr('data-option-value');\r\n\t\t\t\t\t\t\t\t if ($('#random7wnzlu6vrancipiuv5o0_port').find(filter_class).length){ \/\/ implies *not* zero\r\n\t\t\t\t\t\t\t\t$(this).parent('li').show();\r\n\t\t\t\t\t\t\t\t }else{\r\n\t\t\t\t\t\t\t\t$(this).parent('li').hide();\r\n\t\t\t\t\t\t\t\t }\r\n\r\n\r\n\t\t\t\t\t\t\t\t});\r\n\r\n                            $('#portfolio-tags').css('opacity','1');\r\nfunction watchport() {\r\n\r\n$(\"#random7wnzlu6vrancipiuv5o0_port .portfolio_block\").isotope('layout');\r\n\t\t\t\r\n}\r\n\r\nsetInterval(watchport, 100);\r\n\r\n\r\n\r\n                });\r\n\r\n                });\r\n            <\/script>\r\n  [vc_empty_space height=&#8221;20px&#8221;][\/vc_column][\/vc_row]<\/p>\n<\/div>","protected":false},"excerpt":{"rendered":"<p>[vc_row][vc_column][vc_empty_space height=&#8221;20px&#8221;][\/vc_column][\/vc_row][vc_row css=&#8221;.vc_custom_1446721174539{padding-top: 10px !important;padding-right: 10px !important;padding-bottom: 10px !important;padding-left: 10px !important;background-color: #f9fafb !important;}&#8221;][vc_column][vc_column_text] Duraci\u00f3:\u00a016 hores Codi:\u00a0701.6 Document: CONFLICTES. L&#8217;assignatura que podem aprovar. [\/vc_column_text][\/vc_column][\/vc_row][vc_row][vc_column][vc_single_image image=&#8221;4972&#8243; img_size=&#8221;full&#8221; add_caption=&#8221;yes&#8221;][\/vc_column][\/vc_row][vc_row][vc_column][vc_column_text] Objectius: \u2022 Con\u00e8ixer en qu\u00e8 consisteix un conflicte i qu\u00e8 m&#8217;aporten a la meva desenvolupament com a persona. \u2022 Aprendre a identificar un conflicte. \u2022 Adquirir eines per gestionar<br \/><a href=\"https:\/\/www.risk21.com\/ca\/cursos-cat\/conflictos-la-asignatura-que-podemos-aprobar\/\" class=\"more\">Llegir m\u00e9s<\/a><\/p>\n","protected":false},"author":1,"featured_media":0,"parent":5748,"menu_order":0,"comment_status":"closed","ping_status":"closed","template":"","meta":{"footnotes":""},"class_list":["post-5760","page","type-page","status-publish","hentry"],"yoast_head":"<!-- This site is optimized with the Yoast SEO plugin v25.3.1 - https:\/\/yoast.com\/wordpress\/plugins\/seo\/ -->\n<title>Doc\u00e8ncia - Alumnes - Risk XXI<\/title>\n<meta name=\"robots\" content=\"index, follow, max-snippet:-1, max-image-preview:large, max-video-preview:-1\" \/>\n<link rel=\"canonical\" href=\"https:\/\/www.risk21.com\/ca\/cursos\/docencia-alumnes\/\" \/>\n<meta property=\"og:locale\" content=\"ca_ES\" \/>\n<meta property=\"og:type\" content=\"article\" \/>\n<meta property=\"og:title\" content=\"Doc\u00e8ncia - Alumnes - Risk XXI\" \/>\n<meta property=\"og:description\" content=\"[vc_row][vc_column][vc_empty_space height=&#8221;20px&#8221;][\/vc_column][\/vc_row][vc_row css=&#8221;.vc_custom_1446721174539{padding-top: 10px !important;padding-right: 10px !important;padding-bottom: 10px !important;padding-left: 10px !important;background-color: #f9fafb !important;}&#8221;][vc_column][vc_column_text] Duraci\u00f3:\u00a016 hores Codi:\u00a0701.6 Document: CONFLICTES. L&#8217;assignatura que podem aprovar. [\/vc_column_text][\/vc_column][\/vc_row][vc_row][vc_column][vc_single_image image=&#8221;4972&#8243; img_size=&#8221;full&#8221; add_caption=&#8221;yes&#8221;][\/vc_column][\/vc_row][vc_row][vc_column][vc_column_text] Objectius: \u2022 Con\u00e8ixer en qu\u00e8 consisteix un conflicte i qu\u00e8 m&#8217;aporten a la meva desenvolupament com a persona. \u2022 Aprendre a identificar un conflicte. \u2022 Adquirir eines per gestionarLlegir m\u00e9s\" \/>\n<meta property=\"og:url\" content=\"https:\/\/www.risk21.com\/ca\/cursos\/docencia-alumnes\/\" \/>\n<meta property=\"og:site_name\" content=\"Risk XXI\" \/>\n<meta property=\"article:modified_time\" content=\"2016-07-28T10:14:14+00:00\" \/>\n<meta name=\"twitter:card\" content=\"summary_large_image\" \/>\n<script type=\"application\/ld+json\" class=\"yoast-schema-graph\">{\"@context\":\"https:\/\/schema.org\",\"@graph\":[{\"@type\":\"WebPage\",\"@id\":\"https:\/\/www.risk21.com\/ca\/cursos\/docencia-alumnes\/\",\"url\":\"https:\/\/www.risk21.com\/ca\/cursos\/docencia-alumnes\/\",\"name\":\"Doc\u00e8ncia - Alumnes - Risk XXI\",\"isPartOf\":{\"@id\":\"https:\/\/www.risk21.com\/#website\"},\"datePublished\":\"2016-07-28T07:59:31+00:00\",\"dateModified\":\"2016-07-28T10:14:14+00:00\",\"breadcrumb\":{\"@id\":\"https:\/\/www.risk21.com\/ca\/cursos\/docencia-alumnes\/#breadcrumb\"},\"inLanguage\":\"ca\",\"potentialAction\":[{\"@type\":\"ReadAction\",\"target\":[\"https:\/\/www.risk21.com\/ca\/cursos\/docencia-alumnes\/\"]}]},{\"@type\":\"BreadcrumbList\",\"@id\":\"https:\/\/www.risk21.com\/ca\/cursos\/docencia-alumnes\/#breadcrumb\",\"itemListElement\":[{\"@type\":\"ListItem\",\"position\":1,\"name\":\"Portada\",\"item\":\"https:\/\/www.risk21.com\/ca\/\"},{\"@type\":\"ListItem\",\"position\":2,\"name\":\"Cursos\",\"item\":\"https:\/\/www.risk21.com\/ca\/cursos\/\"},{\"@type\":\"ListItem\",\"position\":3,\"name\":\"Doc\u00e8ncia &#8211; Alumnes\"}]},{\"@type\":\"WebSite\",\"@id\":\"https:\/\/www.risk21.com\/#website\",\"url\":\"https:\/\/www.risk21.com\/\",\"name\":\"Risk XXI\",\"description\":\"Prl &amp; Services\",\"potentialAction\":[{\"@type\":\"SearchAction\",\"target\":{\"@type\":\"EntryPoint\",\"urlTemplate\":\"https:\/\/www.risk21.com\/?s={search_term_string}\"},\"query-input\":{\"@type\":\"PropertyValueSpecification\",\"valueRequired\":true,\"valueName\":\"search_term_string\"}}],\"inLanguage\":\"ca\"}]}<\/script>\n<!-- \/ Yoast SEO plugin. -->","yoast_head_json":{"title":"Doc\u00e8ncia - Alumnes - Risk XXI","robots":{"index":"index","follow":"follow","max-snippet":"max-snippet:-1","max-image-preview":"max-image-preview:large","max-video-preview":"max-video-preview:-1"},"canonical":"https:\/\/www.risk21.com\/ca\/cursos\/docencia-alumnes\/","og_locale":"ca_ES","og_type":"article","og_title":"Doc\u00e8ncia - Alumnes - Risk XXI","og_description":"[vc_row][vc_column][vc_empty_space height=&#8221;20px&#8221;][\/vc_column][\/vc_row][vc_row css=&#8221;.vc_custom_1446721174539{padding-top: 10px !important;padding-right: 10px !important;padding-bottom: 10px !important;padding-left: 10px !important;background-color: #f9fafb !important;}&#8221;][vc_column][vc_column_text] Duraci\u00f3:\u00a016 hores Codi:\u00a0701.6 Document: CONFLICTES. L&#8217;assignatura que podem aprovar. [\/vc_column_text][\/vc_column][\/vc_row][vc_row][vc_column][vc_single_image image=&#8221;4972&#8243; img_size=&#8221;full&#8221; add_caption=&#8221;yes&#8221;][\/vc_column][\/vc_row][vc_row][vc_column][vc_column_text] Objectius: \u2022 Con\u00e8ixer en qu\u00e8 consisteix un conflicte i qu\u00e8 m&#8217;aporten a la meva desenvolupament com a persona. \u2022 Aprendre a identificar un conflicte. \u2022 Adquirir eines per gestionarLlegir m\u00e9s","og_url":"https:\/\/www.risk21.com\/ca\/cursos\/docencia-alumnes\/","og_site_name":"Risk XXI","article_modified_time":"2016-07-28T10:14:14+00:00","twitter_card":"summary_large_image","schema":{"@context":"https:\/\/schema.org","@graph":[{"@type":"WebPage","@id":"https:\/\/www.risk21.com\/ca\/cursos\/docencia-alumnes\/","url":"https:\/\/www.risk21.com\/ca\/cursos\/docencia-alumnes\/","name":"Doc\u00e8ncia - Alumnes - Risk XXI","isPartOf":{"@id":"https:\/\/www.risk21.com\/#website"},"datePublished":"2016-07-28T07:59:31+00:00","dateModified":"2016-07-28T10:14:14+00:00","breadcrumb":{"@id":"https:\/\/www.risk21.com\/ca\/cursos\/docencia-alumnes\/#breadcrumb"},"inLanguage":"ca","potentialAction":[{"@type":"ReadAction","target":["https:\/\/www.risk21.com\/ca\/cursos\/docencia-alumnes\/"]}]},{"@type":"BreadcrumbList","@id":"https:\/\/www.risk21.com\/ca\/cursos\/docencia-alumnes\/#breadcrumb","itemListElement":[{"@type":"ListItem","position":1,"name":"Portada","item":"https:\/\/www.risk21.com\/ca\/"},{"@type":"ListItem","position":2,"name":"Cursos","item":"https:\/\/www.risk21.com\/ca\/cursos\/"},{"@type":"ListItem","position":3,"name":"Doc\u00e8ncia &#8211; Alumnes"}]},{"@type":"WebSite","@id":"https:\/\/www.risk21.com\/#website","url":"https:\/\/www.risk21.com\/","name":"Risk XXI","description":"Prl &amp; Services","potentialAction":[{"@type":"SearchAction","target":{"@type":"EntryPoint","urlTemplate":"https:\/\/www.risk21.com\/?s={search_term_string}"},"query-input":{"@type":"PropertyValueSpecification","valueRequired":true,"valueName":"search_term_string"}}],"inLanguage":"ca"}]}},"_links":{"self":[{"href":"https:\/\/www.risk21.com\/ca\/wp-json\/wp\/v2\/pages\/5760","targetHints":{"allow":["GET"]}}],"collection":[{"href":"https:\/\/www.risk21.com\/ca\/wp-json\/wp\/v2\/pages"}],"about":[{"href":"https:\/\/www.risk21.com\/ca\/wp-json\/wp\/v2\/types\/page"}],"author":[{"embeddable":true,"href":"https:\/\/www.risk21.com\/ca\/wp-json\/wp\/v2\/users\/1"}],"replies":[{"embeddable":true,"href":"https:\/\/www.risk21.com\/ca\/wp-json\/wp\/v2\/comments?post=5760"}],"version-history":[{"count":0,"href":"https:\/\/www.risk21.com\/ca\/wp-json\/wp\/v2\/pages\/5760\/revisions"}],"up":[{"embeddable":true,"href":"https:\/\/www.risk21.com\/ca\/wp-json\/wp\/v2\/pages\/5748"}],"wp:attachment":[{"href":"https:\/\/www.risk21.com\/ca\/wp-json\/wp\/v2\/media?parent=5760"}],"curies":[{"name":"wp","href":"https:\/\/api.w.org\/{rel}","templated":true}]}}