{"id":5052,"date":"2015-07-20T12:10:55","date_gmt":"2015-07-20T12:10:55","guid":{"rendered":"http:\/\/www.risk21.com\/ca\/contacto\/"},"modified":"2025-10-30T16:43:52","modified_gmt":"2025-10-30T16:43:52","slug":"contacte","status":"publish","type":"page","link":"https:\/\/www.risk21.com\/ca\/contacte\/","title":{"rendered":"Contacte"},"content":{"rendered":"<div class=\"wpb-content-wrapper\"><p>[vc_row][vc_column][vc_custom_heading text=&#8221;Contacta amb nosaltres&#8221; font_container=&#8221;tag:h2|font_size:36|text_align:center|color:%23333333|line_height:40px&#8221; google_fonts=&#8221;font_family:Open%20Sans%3A300%2C300italic%2Cregular%2Citalic%2C600%2C600italic%2C700%2C700italic%2C800%2C800italic|font_style:300%20light%20regular%3A300%3Anormal&#8221; css=&#8221;.vc_custom_1761841747496{margin-top: 10px !important;margin-bottom: 10px !important;border-bottom-width: 10px !important;padding-top: 10px !important;}&#8221;]<style type=\"text\/css\" >#l_5yl6gr4q703kukwyf0m5{width:100px;}#l_5yl6gr4q703kukwyf0m5.sc_line ,#l_5yl6gr4q703kukwyf0m5 .sc_line { height:1px; background: #ff9900; background: -moz-linear-gradient(90deg, #ff9900 0%, #ed6600 100%); background: -webkit-gradient(linear, left top, right bottom, color-stop(0%,#ff9900), color-stop(100%,#ed6600)); background: -webkit-linear-gradient(90deg, #ff9900 0%,#ed6600 100%); background: -o-linear-gradient(90deg, #ff9900 0%,#ed6600 100%); background: -ms-linear-gradient(90deg, #ff9900 0%,#ed6600 100%); background: linear-gradient(90deg, #ff9900 0%,#ed6600 100%);}#l_5yl6gr4q703kukwyf0m5.sc_line ,#l_5yl6gr4q703kukwyf0m5 .sc_line{margin-left:auto!important; margin-right:auto!important;}#l_5yl6gr4q703kukwyf0m5 {margin:0px 0 19px 0; padding:0;}<\/style><div class=\"clearfix\"><\/div><div id=\"l_5yl6gr4q703kukwyf0m5\"  class=\"sc_line rd_line_normal\" ><\/div>[\/vc_column][\/vc_row][vc_row][vc_column width=&#8221;1\/2&#8243;][vc_column_text css=&#8221;&#8221;]<\/p>\n<h4 style=\"text-align: left;\"><strong>A trav\u00e9s del formulari&#8230;<\/strong><\/h4>\n<p>Podeu contactar amb nosaltres per sol\u00b7licitar informaci\u00f3 sobre la nostra oferta formativa i cursos, demanar un pressupost o una proposta de col\u00b7laboraci\u00f3 sense comprom\u00eds, enviar-nos el vostre curr\u00edculum si voleu treballar amb nosaltres, subscriure-us al nostre butllet\u00ed informatiu i molt m\u00e9s.<\/p>\n<p style=\"text-align: left;\"><strong>Qualsevol consulta o suggeriment seran ben rebuts. <\/strong><\/p>\n<p style=\"text-align: left;\"><strong>No dubti a contactar-nos.<\/strong><\/p>\n<p>[\/vc_column_text][\/vc_column][vc_column width=&#8221;1\/2&#8243;]<style type=\"text\/css\" >#rd_i0ye77u2ay9djx56oaex .wpcf7,#rd_i0ye77u2ay9djx56oaex input:not([type=submit]):not([type=checkbox]),#rd_i0ye77u2ay9djx56oaex textarea,#rd_i0ye77u2ay9djx56oaex .wpcf7 select,#rd_i0ye77u2ay9djx56oaex .wpcf7 input[type=\"checkbox\"]:checked{color:#333333;}#rd_i0ye77u2ay9djx56oaex .wpcf7 input[type=\"checkbox\"]{background:rgba(0,0,0,0); color:rgba(0,0,0,0);}#rd_i0ye77u2ay9djx56oaex ::-webkit-input-placeholder{color:#999999;}#rd_i0ye77u2ay9djx56oaex :-moz-placeholder{color:#999999;}#rd_i0ye77u2ay9djx56oaex ::-moz-placeholder{color:#999999;}#rd_i0ye77u2ay9djx56oaex :-ms-input-placeholder{color:#999999;}#rd_i0ye77u2ay9djx56oaex .wpcf7 select{color:#999999;}#rd_i0ye77u2ay9djx56oaex .wpcf7 input[type=submit]{font-size:14px; font-weight:bold; border-radius:3px; padding:15px 15px 15px; border-bottom:1px solid rgba(0,0,0,0.3);  margin-top:13px; width:100%;}#rd_i0ye77u2ay9djx56oaex .wpcf7 input[type=submit]:hover {background:#e28000; color:#ffffff !important;}#rd_i0ye77u2ay9djx56oaex .wpcf7 textarea{height:120px;}#rd_i0ye77u2ay9djx56oaex .wpcf7 input:not([type=submit]):not([type=checkbox]),#rd_i0ye77u2ay9djx56oaex textarea,#rd_i0ye77u2ay9djx56oaex .wpcf7 select{border-radius:4px;}#rd_i0ye77u2ay9djx56oaex .wpcf7 input:not([type=submit]),#rd_i0ye77u2ay9djx56oaex textarea,#rd_i0ye77u2ay9djx56oaex .wpcf7 input[type=submit],#rd_i0ye77u2ay9djx56oaex .wpcf7 select{margin-top:3px;}#rd_i0ye77u2ay9djx56oaex p{margin-bottom:23px;}#rd_i0ye77u2ay9djx56oaex .wpcf7 input:not([type=submit]):not([type=checkbox]),#rd_i0ye77u2ay9djx56oaex .wpcf7  textarea,#rd_i0ye77u2ay9djx56oaex .wpcf7 select{border:1px solid #e8e8e8; background:#ffffff;}#rd_i0ye77u2ay9djx56oaex .wpcf7 input[type=submit]{background:#ff9900; color:#ffffff !important;}<\/style><div id=\"rd_i0ye77u2ay9djx56oaex\" class=\"\">\n<div class=\"wpcf7 no-js\" id=\"wpcf7-f6272-o1\" lang=\"es-ES\" dir=\"ltr\" data-wpcf7-id=\"6272\">\n<div class=\"screen-reader-response\"><p role=\"status\" aria-live=\"polite\" aria-atomic=\"true\"><\/p> <ul><\/ul><\/div>\n<form action=\"\/ca\/wp-json\/wp\/v2\/pages\/5052#wpcf7-f6272-o1\" method=\"post\" class=\"wpcf7-form init\" aria-label=\"Formulario de contacto\" novalidate=\"novalidate\" data-status=\"init\">\n<div style=\"display: none;\">\n<input type=\"hidden\" name=\"_wpcf7\" value=\"6272\" \/>\n<input type=\"hidden\" name=\"_wpcf7_version\" value=\"6.0.6\" \/>\n<input type=\"hidden\" name=\"_wpcf7_locale\" value=\"es_ES\" \/>\n<input type=\"hidden\" name=\"_wpcf7_unit_tag\" value=\"wpcf7-f6272-o1\" \/>\n<input type=\"hidden\" name=\"_wpcf7_container_post\" value=\"0\" \/>\n<input type=\"hidden\" name=\"_wpcf7_posted_data_hash\" value=\"\" \/>\n<input type=\"hidden\" name=\"_wpcf7dtx_version\" value=\"5.0.3\" \/>\n<input type=\"hidden\" name=\"_wpcf7_recaptcha_response\" value=\"\" \/>\n<\/div>\n<p>Nom*\n<\/p>\n<p><span class=\"wpcf7-form-control-wrap\" data-name=\"your-name\"><input size=\"40\" maxlength=\"400\" class=\"wpcf7-form-control wpcf7-text wpcf7-validates-as-required\" aria-required=\"true\" aria-invalid=\"false\" value=\"\" type=\"text\" name=\"your-name\" \/><\/span>\n<\/p>\n<p>Cognoms*\n<\/p>\n<p><span class=\"wpcf7-form-control-wrap\" data-name=\"your-cognoms\"><input size=\"40\" maxlength=\"400\" class=\"wpcf7-form-control wpcf7-text wpcf7-validates-as-required\" aria-required=\"true\" aria-invalid=\"false\" value=\"\" type=\"text\" name=\"your-cognoms\" \/><\/span>\n<\/p>\n<p>Empresa*\n<\/p>\n<p><span class=\"wpcf7-form-control-wrap\" data-name=\"empresa\"><input size=\"40\" maxlength=\"400\" class=\"wpcf7-form-control wpcf7-text wpcf7-validates-as-required\" aria-required=\"true\" aria-invalid=\"false\" value=\"\" type=\"text\" name=\"empresa\" \/><\/span>\n<\/p>\n<p>E-mail*\n<\/p>\n<p><span class=\"wpcf7-form-control-wrap\" data-name=\"your-email\"><input size=\"40\" maxlength=\"400\" class=\"wpcf7-form-control wpcf7-email wpcf7-validates-as-required wpcf7-text wpcf7-validates-as-email\" aria-required=\"true\" aria-invalid=\"false\" value=\"\" type=\"email\" name=\"your-email\" \/><\/span>\n<\/p>\n<p>Tel\u00e8fono*\n<\/p>\n<p><span class=\"wpcf7-form-control-wrap\" data-name=\"telefon\"><input size=\"40\" maxlength=\"400\" class=\"wpcf7-form-control wpcf7-text wpcf7-validates-as-required\" aria-required=\"true\" aria-invalid=\"false\" value=\"\" type=\"text\" name=\"telefon\" \/><\/span>\n<\/p>\n<p>Categoria*\n<\/p>\n<p><span class=\"wpcf7-form-control-wrap\" data-name=\"menu-234\"><select class=\"wpcf7-form-control wpcf7-select wpcf7-validates-as-required\" aria-required=\"true\" aria-invalid=\"false\" name=\"menu-234\"><option value=\"Contacte\">Contacte<\/option><option value=\"Sol\u00b7licitut Pressupost\">Sol\u00b7licitut Pressupost<\/option><option value=\"Treballa amb nosaltres\">Treballa amb nosaltres<\/option><\/select><\/span>\n<\/p>\n<p>Missatge\n<\/p>\n<p><span class=\"wpcf7-form-control-wrap\" data-name=\"your-message\"><textarea cols=\"40\" rows=\"10\" maxlength=\"2000\" class=\"wpcf7-form-control wpcf7-textarea\" aria-invalid=\"false\" name=\"your-message\"><\/textarea><\/span>\n<\/p>\n<p><span class=\"wpcf7-form-control-wrap\" data-name=\"acceptance-817\"><span class=\"wpcf7-form-control wpcf7-acceptance\"><span class=\"wpcf7-list-item\"><input type=\"checkbox\" name=\"acceptance-817\" value=\"1\" aria-invalid=\"false\" \/><\/span><\/span><\/span> Accepto la <a href=\"https:\/\/www.risk21.com\/ca\/avis-legal\/\" target=_blank>pol\u00edtica de privacitat i protecci\u00f3 de dades personals<\/a>\n<\/p>\n\n<p><input class=\"wpcf7-form-control wpcf7-submit has-spinner\" type=\"submit\" value=\"Enviar\" \/>\n<\/p><div class=\"wpcf7-response-output\" aria-hidden=\"true\"><\/div>\n<\/form>\n<\/div>\n<\/div>[\/vc_column][\/vc_row][vc_row][vc_column width=&#8221;1\/3&#8243;][vc_custom_heading text=&#8221;Oficines&#8221; font_container=&#8221;tag:h2|font_size:20|text_align:center|color:%23333333|line_height:25px&#8221; google_fonts=&#8221;font_family:Open%20Sans%3A300%2C300italic%2Cregular%2Citalic%2C600%2C600italic%2C700%2C700italic%2C800%2C800italic|font_style:300%20light%20regular%3A300%3Anormal&#8221; css=&#8221;.vc_custom_1527064480524{margin-bottom: 23px !important;}&#8221;]<style type=\"text\/css\" >#l_acmfwtusmpqajc0bhi9e{width:100px;}#l_acmfwtusmpqajc0bhi9e.sc_line ,#l_acmfwtusmpqajc0bhi9e .sc_line { height:1px; background: #ff9900; background: -moz-linear-gradient(90deg, #ff9900 0%, #ed6600 100%); background: -webkit-gradient(linear, left top, right bottom, color-stop(0%,#ff9900), color-stop(100%,#ed6600)); background: -webkit-linear-gradient(90deg, #ff9900 0%,#ed6600 100%); background: -o-linear-gradient(90deg, #ff9900 0%,#ed6600 100%); background: -ms-linear-gradient(90deg, #ff9900 0%,#ed6600 100%); background: linear-gradient(90deg, #ff9900 0%,#ed6600 100%);}#l_acmfwtusmpqajc0bhi9e.sc_line ,#l_acmfwtusmpqajc0bhi9e .sc_line{margin-left:auto!important; margin-right:auto!important;}#l_acmfwtusmpqajc0bhi9e {margin:0px 0 19px 0; padding:0;}<\/style><div class=\"clearfix\"><\/div><div id=\"l_acmfwtusmpqajc0bhi9e\"  class=\"sc_line rd_line_normal\" ><\/div>[vc_column_text]<\/p>\n<p style=\"text-align: center;\"><strong>BARCELONA<br \/>\n<\/strong>C\/ Girona 74<\/p>\n<p style=\"text-align: center;\">08009 Barcelona<\/p>\n<p style=\"text-align: center;\">T \u00a0934 577 416<\/p>\n<p style=\"text-align: center;\"><a href=\"mailto:hola@risk21.com\" target=\"_blank\" rel=\"noopener noreferrer\">hola@risk21.com<\/a><\/p>\n<p style=\"text-align: center;\"><strong>MADRID<br \/>\n<\/strong>C\/ Narciso Serra 25<\/p>\n<p style=\"text-align: center;\">28007 Madrid<\/p>\n<p style=\"text-align: center;\">T \u00a0911 108 111<\/p>\n<p style=\"text-align: center;\"><a href=\"mailto:madrid@risk21.com\" target=\"_blank\" rel=\"noopener noreferrer\">madrid@risk21.com\u00a0<\/a><\/p>\n<p style=\"text-align: center;\"><strong>\u00a0<\/strong><\/p>\n<p>[\/vc_column_text][\/vc_column][vc_column width=&#8221;1\/3&#8243;][vc_custom_heading text=&#8221;Reconeixements m\u00e8dics&#8221; font_container=&#8221;tag:h2|font_size:20|text_align:center|color:%23333333|line_height:25px&#8221; google_fonts=&#8221;font_family:Open%20Sans%3A300%2C300italic%2Cregular%2Citalic%2C600%2C600italic%2C700%2C700italic%2C800%2C800italic|font_style:300%20light%20regular%3A300%3Anormal&#8221; css=&#8221;.vc_custom_1527064492258{margin-bottom: 23px !important;}&#8221;]<style type=\"text\/css\" >#l_mcb5xm12t6rnyo2g391y{width:100px;}#l_mcb5xm12t6rnyo2g391y.sc_line ,#l_mcb5xm12t6rnyo2g391y .sc_line { height:1px; background: #ff9900; background: -moz-linear-gradient(90deg, #ff9900 0%, #ed6600 100%); background: -webkit-gradient(linear, left top, right bottom, color-stop(0%,#ff9900), color-stop(100%,#ed6600)); background: -webkit-linear-gradient(90deg, #ff9900 0%,#ed6600 100%); background: -o-linear-gradient(90deg, #ff9900 0%,#ed6600 100%); background: -ms-linear-gradient(90deg, #ff9900 0%,#ed6600 100%); background: linear-gradient(90deg, #ff9900 0%,#ed6600 100%);}#l_mcb5xm12t6rnyo2g391y.sc_line ,#l_mcb5xm12t6rnyo2g391y .sc_line{margin-left:auto!important; margin-right:auto!important;}#l_mcb5xm12t6rnyo2g391y {margin:0px 0 19px 0; padding:0;}<\/style><div class=\"clearfix\"><\/div><div id=\"l_mcb5xm12t6rnyo2g391y\"  class=\"sc_line rd_line_normal\" ><\/div>[vc_column_text]<\/p>\n<p style=\"text-align: center;\"><strong>BARCELONA<\/strong><br \/>\nC\/ Girona 74 \u00a0&#8211; \u00a008009 Barcelona (zona Eixample)<\/p>\n<p style=\"text-align: center;\"><a href=\"mailto:rrmm@risk21.com\" target=\"_blank\" rel=\"noopener noreferrer\">rrmm@risk21.com<\/a><\/p>\n<p style=\"text-align: center;\"><strong>MADRID<\/strong><br \/>\nC\/ Narciso Serra 25\u00a0 &#8211; 28007 Madrid \u00a0(Zona Pac\u00edfico \/ Atocha)<\/p>\n<p style=\"text-align: center;\"><a href=\"mailto:rrmm.madrid@risk21.com\" target=\"_blank\" rel=\"noopener noreferrer\">rrmm.madrid@risk21.com<\/a><\/p>\n<p>[\/vc_column_text][\/vc_column][vc_column width=&#8221;1\/3&#8243;][vc_custom_heading text=&#8221;Altres centres i\/o poblacions&#8221; font_container=&#8221;tag:h2|font_size:20|text_align:center|color:%23333333|line_height:25px&#8221; google_fonts=&#8221;font_family:Open%20Sans%3A300%2C300italic%2Cregular%2Citalic%2C600%2C600italic%2C700%2C700italic%2C800%2C800italic|font_style:300%20light%20regular%3A300%3Anormal&#8221; css=&#8221;.vc_custom_1527064502609{margin-bottom: 23px !important;}&#8221;]<style type=\"text\/css\" >#l_4qnpdha52qu6x2grz8qy{width:100px;}#l_4qnpdha52qu6x2grz8qy.sc_line ,#l_4qnpdha52qu6x2grz8qy .sc_line { height:1px; background: #ff9900; background: -moz-linear-gradient(90deg, #ff9900 0%, #ed6600 100%); background: -webkit-gradient(linear, left top, right bottom, color-stop(0%,#ff9900), color-stop(100%,#ed6600)); background: -webkit-linear-gradient(90deg, #ff9900 0%,#ed6600 100%); background: -o-linear-gradient(90deg, #ff9900 0%,#ed6600 100%); background: -ms-linear-gradient(90deg, #ff9900 0%,#ed6600 100%); background: linear-gradient(90deg, #ff9900 0%,#ed6600 100%);}#l_4qnpdha52qu6x2grz8qy.sc_line ,#l_4qnpdha52qu6x2grz8qy .sc_line{margin-left:auto!important; margin-right:auto!important;}#l_4qnpdha52qu6x2grz8qy {margin:0px 0 19px 0; padding:0;}<\/style><div class=\"clearfix\"><\/div><div id=\"l_4qnpdha52qu6x2grz8qy\"  class=\"sc_line rd_line_normal\" ><\/div>[vc_column_text]<\/p>\n<p style=\"text-align: center;\"><a href=\"mailto:medicina.laboral@risk21.com?subject=CONSULTA%20SOBRE%20CENTROS%20M%C3%89DICOS%20PARA%20RECONOCIMIENTOS%20\">CONSULTAR<\/a><\/p>\n<p>[\/vc_column_text][\/vc_column][\/vc_row][vc_row type=&#8221;full-width-section&#8221; css=&#8221;.vc_custom_1446723491434{margin-bottom: 0px !important;padding-top: 20px !important;padding-bottom: 0px !important;background-color: #ff9900 !important;}&#8221;][vc_column width=&#8221;2\/3&#8243; css=&#8221;.vc_custom_1437554972179{padding-top: 55px !important;}&#8221;][vc_custom_heading text=&#8221;Subscriu-te al nostre newsletter&#8221; font_container=&#8221;tag:h2|font_size:30|text_align:left|color:%23ffffff|line_height:36px&#8221; google_fonts=&#8221;font_family:Open%20Sans%3A300%2C300italic%2Cregular%2Citalic%2C600%2C600italic%2C700%2C700italic%2C800%2C800italic|font_style:300%20light%20regular%3A300%3Anormal&#8221; css=&#8221;.vc_custom_1464683179193{margin-bottom: 0px !important;}&#8221;][\/vc_column][vc_column width=&#8221;1\/3&#8243; css=&#8221;.vc_custom_1437554721615{padding-top: 40px !important;padding-bottom: 60px !important;}&#8221;]<style type=\"text\/css\" >#b_lqj3lm0gwgv5w3mg0vch a{color:#ffffff; background:rgba(255,255,255,0.01); border-style:solid; border-color:#ffffff; margin-top:0px; margin-bottom:0px;  margin-left:0px; margin-right:0px; font-weight:900; border-radius:3px;}#b_lqj3lm0gwgv5w3mg0vch a:hover{color:#ffffff ; background:#000000 ; border-color:#000000;}<\/style><div class=\"ta_right tf_btn_pos\" id=\"b_lqj3lm0gwgv5w3mg0vch\" ><a class=\"rd_stroke_bt mediumlarge_rd_bt border_1px  \" href=\"#\" target=\"yes\"   >SUBSCRIURE&#8217;S<\/a><\/div>[\/vc_column][\/vc_row]<\/p>\n<\/div>","protected":false},"excerpt":{"rendered":"<p>[vc_row][vc_column][vc_custom_heading text=&#8221;Contacta amb nosaltres&#8221; font_container=&#8221;tag:h2|font_size:36|text_align:center|color:%23333333|line_height:40px&#8221; google_fonts=&#8221;font_family:Open%20Sans%3A300%2C300italic%2Cregular%2Citalic%2C600%2C600italic%2C700%2C700italic%2C800%2C800italic|font_style:300%20light%20regular%3A300%3Anormal&#8221; css=&#8221;.vc_custom_1761841747496{margin-top: 10px !important;margin-bottom: 10px !important;border-bottom-width: 10px !important;padding-top: 10px !important;}&#8221;][\/vc_column][\/vc_row][vc_row][vc_column width=&#8221;1\/2&#8243;][vc_column_text css=&#8221;&#8221;] A trav\u00e9s del formulari&#8230; Podeu contactar amb nosaltres per sol\u00b7licitar informaci\u00f3 sobre la nostra oferta formativa i cursos, demanar un pressupost o una proposta de col\u00b7laboraci\u00f3 sense comprom\u00eds, enviar-nos el vostre curr\u00edculum si voleu treballar amb nosaltres, subscriure-us<br \/><a href=\"https:\/\/www.risk21.com\/ca\/contacte\/\" class=\"more\">Llegir m\u00e9s<\/a><\/p>\n","protected":false},"author":1,"featured_media":0,"parent":0,"menu_order":0,"comment_status":"closed","ping_status":"closed","template":"","meta":{"footnotes":""},"class_list":["post-5052","page","type-page","status-publish","hentry"],"yoast_head":"<!-- This site is optimized with the Yoast SEO plugin v25.3.1 - https:\/\/yoast.com\/wordpress\/plugins\/seo\/ -->\n<title>Contacte - Risk XXI<\/title>\n<meta name=\"robots\" content=\"index, follow, max-snippet:-1, max-image-preview:large, max-video-preview:-1\" \/>\n<link rel=\"canonical\" href=\"https:\/\/www.risk21.com\/ca\/contacte\/\" \/>\n<meta property=\"og:locale\" content=\"ca_ES\" \/>\n<meta property=\"og:type\" content=\"article\" \/>\n<meta property=\"og:title\" content=\"Contacte - Risk XXI\" \/>\n<meta property=\"og:description\" content=\"[vc_row][vc_column][vc_custom_heading text=&#8221;Contacta amb nosaltres&#8221; font_container=&#8221;tag:h2|font_size:36|text_align:center|color:%23333333|line_height:40px&#8221; google_fonts=&#8221;font_family:Open%20Sans%3A300%2C300italic%2Cregular%2Citalic%2C600%2C600italic%2C700%2C700italic%2C800%2C800italic|font_style:300%20light%20regular%3A300%3Anormal&#8221; css=&#8221;.vc_custom_1761841747496{margin-top: 10px !important;margin-bottom: 10px !important;border-bottom-width: 10px !important;padding-top: 10px !important;}&#8221;][\/vc_column][\/vc_row][vc_row][vc_column width=&#8221;1\/2&#8243;][vc_column_text css=&#8221;&#8221;] A trav\u00e9s del formulari&#8230; Podeu contactar amb nosaltres per sol\u00b7licitar informaci\u00f3 sobre la nostra oferta formativa i cursos, demanar un pressupost o una proposta de col\u00b7laboraci\u00f3 sense comprom\u00eds, enviar-nos el vostre curr\u00edculum si voleu treballar amb nosaltres, subscriure-usLlegir m\u00e9s\" \/>\n<meta property=\"og:url\" content=\"https:\/\/www.risk21.com\/ca\/contacte\/\" \/>\n<meta property=\"og:site_name\" content=\"Risk XXI\" \/>\n<meta property=\"article:modified_time\" content=\"2025-10-30T16:43:52+00:00\" \/>\n<meta name=\"twitter:card\" content=\"summary_large_image\" \/>\n<meta name=\"twitter:label1\" content=\"Temps estimat de lectura\" \/>\n\t<meta name=\"twitter:data1\" content=\"2 minuts\" \/>\n<script type=\"application\/ld+json\" class=\"yoast-schema-graph\">{\"@context\":\"https:\/\/schema.org\",\"@graph\":[{\"@type\":\"WebPage\",\"@id\":\"https:\/\/www.risk21.com\/ca\/contacte\/\",\"url\":\"https:\/\/www.risk21.com\/ca\/contacte\/\",\"name\":\"Contacte - Risk XXI\",\"isPartOf\":{\"@id\":\"https:\/\/www.risk21.com\/#website\"},\"datePublished\":\"2015-07-20T12:10:55+00:00\",\"dateModified\":\"2025-10-30T16:43:52+00:00\",\"breadcrumb\":{\"@id\":\"https:\/\/www.risk21.com\/ca\/contacte\/#breadcrumb\"},\"inLanguage\":\"ca\",\"potentialAction\":[{\"@type\":\"ReadAction\",\"target\":[\"https:\/\/www.risk21.com\/ca\/contacte\/\"]}]},{\"@type\":\"BreadcrumbList\",\"@id\":\"https:\/\/www.risk21.com\/ca\/contacte\/#breadcrumb\",\"itemListElement\":[{\"@type\":\"ListItem\",\"position\":1,\"name\":\"Portada\",\"item\":\"https:\/\/www.risk21.com\/ca\/\"},{\"@type\":\"ListItem\",\"position\":2,\"name\":\"Contacte\"}]},{\"@type\":\"WebSite\",\"@id\":\"https:\/\/www.risk21.com\/#website\",\"url\":\"https:\/\/www.risk21.com\/\",\"name\":\"Risk XXI\",\"description\":\"Prl &amp; Services\",\"potentialAction\":[{\"@type\":\"SearchAction\",\"target\":{\"@type\":\"EntryPoint\",\"urlTemplate\":\"https:\/\/www.risk21.com\/?s={search_term_string}\"},\"query-input\":{\"@type\":\"PropertyValueSpecification\",\"valueRequired\":true,\"valueName\":\"search_term_string\"}}],\"inLanguage\":\"ca\"}]}<\/script>\n<!-- \/ Yoast SEO plugin. -->","yoast_head_json":{"title":"Contacte - Risk XXI","robots":{"index":"index","follow":"follow","max-snippet":"max-snippet:-1","max-image-preview":"max-image-preview:large","max-video-preview":"max-video-preview:-1"},"canonical":"https:\/\/www.risk21.com\/ca\/contacte\/","og_locale":"ca_ES","og_type":"article","og_title":"Contacte - Risk XXI","og_description":"[vc_row][vc_column][vc_custom_heading text=&#8221;Contacta amb nosaltres&#8221; font_container=&#8221;tag:h2|font_size:36|text_align:center|color:%23333333|line_height:40px&#8221; google_fonts=&#8221;font_family:Open%20Sans%3A300%2C300italic%2Cregular%2Citalic%2C600%2C600italic%2C700%2C700italic%2C800%2C800italic|font_style:300%20light%20regular%3A300%3Anormal&#8221; css=&#8221;.vc_custom_1761841747496{margin-top: 10px !important;margin-bottom: 10px !important;border-bottom-width: 10px !important;padding-top: 10px !important;}&#8221;][\/vc_column][\/vc_row][vc_row][vc_column width=&#8221;1\/2&#8243;][vc_column_text css=&#8221;&#8221;] A trav\u00e9s del formulari&#8230; Podeu contactar amb nosaltres per sol\u00b7licitar informaci\u00f3 sobre la nostra oferta formativa i cursos, demanar un pressupost o una proposta de col\u00b7laboraci\u00f3 sense comprom\u00eds, enviar-nos el vostre curr\u00edculum si voleu treballar amb nosaltres, subscriure-usLlegir m\u00e9s","og_url":"https:\/\/www.risk21.com\/ca\/contacte\/","og_site_name":"Risk XXI","article_modified_time":"2025-10-30T16:43:52+00:00","twitter_card":"summary_large_image","twitter_misc":{"Temps estimat de lectura":"2 minuts"},"schema":{"@context":"https:\/\/schema.org","@graph":[{"@type":"WebPage","@id":"https:\/\/www.risk21.com\/ca\/contacte\/","url":"https:\/\/www.risk21.com\/ca\/contacte\/","name":"Contacte - Risk XXI","isPartOf":{"@id":"https:\/\/www.risk21.com\/#website"},"datePublished":"2015-07-20T12:10:55+00:00","dateModified":"2025-10-30T16:43:52+00:00","breadcrumb":{"@id":"https:\/\/www.risk21.com\/ca\/contacte\/#breadcrumb"},"inLanguage":"ca","potentialAction":[{"@type":"ReadAction","target":["https:\/\/www.risk21.com\/ca\/contacte\/"]}]},{"@type":"BreadcrumbList","@id":"https:\/\/www.risk21.com\/ca\/contacte\/#breadcrumb","itemListElement":[{"@type":"ListItem","position":1,"name":"Portada","item":"https:\/\/www.risk21.com\/ca\/"},{"@type":"ListItem","position":2,"name":"Contacte"}]},{"@type":"WebSite","@id":"https:\/\/www.risk21.com\/#website","url":"https:\/\/www.risk21.com\/","name":"Risk XXI","description":"Prl &amp; Services","potentialAction":[{"@type":"SearchAction","target":{"@type":"EntryPoint","urlTemplate":"https:\/\/www.risk21.com\/?s={search_term_string}"},"query-input":{"@type":"PropertyValueSpecification","valueRequired":true,"valueName":"search_term_string"}}],"inLanguage":"ca"}]}},"_links":{"self":[{"href":"https:\/\/www.risk21.com\/ca\/wp-json\/wp\/v2\/pages\/5052","targetHints":{"allow":["GET"]}}],"collection":[{"href":"https:\/\/www.risk21.com\/ca\/wp-json\/wp\/v2\/pages"}],"about":[{"href":"https:\/\/www.risk21.com\/ca\/wp-json\/wp\/v2\/types\/page"}],"author":[{"embeddable":true,"href":"https:\/\/www.risk21.com\/ca\/wp-json\/wp\/v2\/users\/1"}],"replies":[{"embeddable":true,"href":"https:\/\/www.risk21.com\/ca\/wp-json\/wp\/v2\/comments?post=5052"}],"version-history":[{"count":16,"href":"https:\/\/www.risk21.com\/ca\/wp-json\/wp\/v2\/pages\/5052\/revisions"}],"predecessor-version":[{"id":12374,"href":"https:\/\/www.risk21.com\/ca\/wp-json\/wp\/v2\/pages\/5052\/revisions\/12374"}],"wp:attachment":[{"href":"https:\/\/www.risk21.com\/ca\/wp-json\/wp\/v2\/media?parent=5052"}],"curies":[{"name":"wp","href":"https:\/\/api.w.org\/{rel}","templated":true}]}}