{"id":5050,"date":"2016-03-18T14:27:58","date_gmt":"2016-03-18T14:27:58","guid":{"rendered":"http:\/\/www.risk21.com\/ca\/servicio-risk-xxi-area-legal-asesoria-tecnico-juridica-en-prl\/"},"modified":"2016-05-31T08:20:40","modified_gmt":"2016-05-31T08:20:40","slug":"servei-risk-xxi-area-legal-assesoria-tecnico-juridica-en-prl","status":"publish","type":"page","link":"https:\/\/www.risk21.com\/ca\/servei-risk-xxi-area-legal-assesoria-tecnico-juridica-en-prl\/","title":{"rendered":"RISK XXI &#8211; \u00c0rea Legal (Assesoria T\u00e8cnico Jur\u00eddica en PRL)"},"content":{"rendered":"<div class=\"wpb-content-wrapper\"><p>[vc_row][vc_column css=&#8221;.vc_custom_1456763475711{margin-top: -50px !important;}&#8221;][vc_empty_space height=&#8221;60px&#8221;][vc_custom_heading source=&#8221;post_title&#8221; font_container=&#8221;tag:h2|font_size:36px|text_align:center|color:%23000000|line_height:40px&#8221; google_fonts=&#8221;font_family:Open%20Sans%3A300%2C300italic%2Cregular%2Citalic%2C600%2C600italic%2C700%2C700italic%2C800%2C800italic|font_style:300%20light%20regular%3A300%3Anormal&#8221;]<style type=\"text\/css\" >#l_pg4nku9rsdii4b2jrhn9{width:100px;}#l_pg4nku9rsdii4b2jrhn9.sc_line ,#l_pg4nku9rsdii4b2jrhn9 .sc_line { height:1px; background: #ff9900; background: -moz-linear-gradient(90deg, #ff9900 0%, #fab956 100%); background: -webkit-gradient(linear, left top, right bottom, color-stop(0%,#ff9900), color-stop(100%,#fab956)); background: -webkit-linear-gradient(90deg, #ff9900 0%,#fab956 100%); background: -o-linear-gradient(90deg, #ff9900 0%,#fab956 100%); background: -ms-linear-gradient(90deg, #ff9900 0%,#fab956 100%); background: linear-gradient(90deg, #ff9900 0%,#fab956 100%);}#l_pg4nku9rsdii4b2jrhn9.sc_line ,#l_pg4nku9rsdii4b2jrhn9 .sc_line{margin-left:auto!important; margin-right:auto!important;}#l_pg4nku9rsdii4b2jrhn9 {margin:0px 0 20px 0; padding:0;}<\/style><div class=\"clearfix\"><\/div><div id=\"l_pg4nku9rsdii4b2jrhn9\"  class=\"sc_line rd_line_normal\" ><\/div>[vc_single_image image=&#8221;4351&#8243; img_size=&#8221;full&#8221; alignment=&#8221;center&#8221; animation=&#8221;rda_fadeIn&#8221;][vc_column_text]<\/p>\n<div id=\"content-title\">\n<p class=\"rtejustify\">PERITATJES I SUPORT T\u00c8CNIC EN PREVENCI\u00d3 DE RISCOS LABORALS PER A ADVOCATS, GRADUATS SOCIALS, RR.LL. I ALTRES OPERADORS JUR\u00cdDICS.<\/p>\n<p class=\"rtejustify\">Els assumptes relatius a Prevenci\u00f3 de Riscos Laborals (PRL) deriven cada vegada m\u00e9s en expedients administratius, sancions, rec\u00e0rrecs de prestacions, reclamacions de responsabilitat civil, responsabilitats penals i conflictes laborals varis per a les empreses, els seus administradors, directius, responsables i\/o treballadors. Aix\u00f2 comporta un increment considerable del volum d&#8217;escrits d&#8217;al\u00b7legacions recursos i plantejaments de defensa jur\u00eddica.<br \/>\nDes de l&#8217;entrada en vigor de la Llei 31\/1995 de Prevenci\u00f3 de Riscos Laborals no cessen d&#8217;apar\u00e8ixer noves normatives i exig\u00e8ncies, algunes de les quals tenen una gran component t\u00e8cnic, que complica l\u2019actuaci\u00f3 dels Advocats, Graduats Socials i operadors jur\u00eddics en general, ja siguin interns o externs a l&#8217;empresa.<\/p>\n<p class=\"rtejustify\">La nostra experi\u00e8ncia ens mostra que al tractar-se d&#8217;un assumpte amb tanta c\u00e0rrega t\u00e8cnica, a m\u00e9s del seu component estrictament legal, a l&#8217;hora de plantejar-se qualsevol intervenci\u00f3 en procediment administratiu, jur\u00eddic i\/o processal, \u00e9s de gran utilitat per a l&#8217;especialista de\u00a0 l\u2019\u00e0mbit jur\u00eddic contar amb el suport de veritables especialistes en PRL.<\/p>\n<p class=\"rtejustify\"><strong>RISK XXI<\/strong>, col\u00b7labora des de fa anys amb prestigiosos professionals de\u00a0 l\u2019\u00e0mbit jur\u00eddic, emetent Informes Pericials de part en assumptes de PRL, amb la seva posterior compareixen\u00e7a en judici en qualitat de perit, as\u00ed com en la preparaci\u00f3, an\u00e0lisi, redacci\u00f3 i definici\u00f3 de documents i actuacions relacionats amb la PRL.<\/p>\n<ul>\n<li class=\"rtejustify\">Al\u00b7legacions contra actes de infracci\u00f3.<\/li>\n<li class=\"rtejustify\">Peritatjes en assumptes de PRL.<\/li>\n<li class=\"rtejustify\">Informes t\u00e8cnics de m\u00e0quines (aplicaci\u00f3 correcta del RD 1215\/1997).<\/li>\n<li class=\"rtejustify\">Informes t\u00e8cnics sobre condicions de treball.<\/li>\n<li class=\"rtejustify\">Informes t\u00e8cnics sobre pres\u00e8ncia de contaminants.<\/li>\n<li class=\"rtejustify\">Informes t\u00e8cnics sobre ergonomia laboral.<\/li>\n<li class=\"rtejustify\">Informes de compliment de normativa PRL.<\/li>\n<li class=\"rtejustify\">Recursos contra actuacions i sent\u00e8ncies judicials.<\/li>\n<\/ul>\n<p class=\"rtejustify\">La nostra traject\u00f2ria professional combinada amb la pr\u00e0ctica di\u00e0ria en PRL ens dota de l&#8217;experi\u00e8ncia necess\u00e0ria per a la intervenci\u00f3n en assumptes tant en fase administrativa com en fase judicial. Per haver intervingut en nombrosos assumptes tant en fase administrativa com en fase judicial, ja sigui en seu laboral o penal, podem proposar i redactar informes que -en l\u00ednia de l&#8217;estrat\u00e8gia processal que es plantegi- serveixin com element clau per a la defensa dels plantejaments i interessos.<\/p>\n<p class=\"rtejustify\">A aquest efecte disposem de professionals i col\u00b7laboradors experimentats (t\u00e8cnics en PRL, enginyers, itc..) que li garanteixen una implicaci\u00f3, professionalitat i un resultat t\u00e8cnic i jur\u00eddic del m\u00e0xim nivell.<\/p>\n<p class=\"rtejustify\">Som el suport idoni per als professionals de\u00a0 l\u2019\u00e0mbit jur\u00eddic que en assumptes de PRL, tant en la seu administrativa com en la Judicial.<\/p>\n<\/div>\n<p>[\/vc_column_text]<style type=\"text\/css\" >#b_2rzoeof2sss9rtbh0d2i a{color:; background:; border-style:solid; border-color:; margin-top:0px; margin-bottom:0px;  margin-left:0px; margin-right:0px; font-weight:900; border-radius:0px;}#b_2rzoeof2sss9rtbh0d2i a:hover{color: ; background: ; border-color:;}<\/style><div class=\"ta_center tf_btn_pos\" id=\"b_2rzoeof2sss9rtbh0d2i\" ><a class=\"rd_stroke_bt medium_rd_bt border_1px  bt_icon_left   \" href=\"https:\/\/issuu.com\/riskxxi\/docs\/catalogo_legal?e=3862035\/3382188\" target=\"yes\"   ><i class=\"en-book-2\" ><\/i><span>Veure el cat\u00e0leg<\/span><\/a><\/div><style type='text\/css'> @font-face{font-family: 'en'; src:url('https:\/\/www.risk21.com\/wp-content\/themes\/thefox\/includes\/4k-icons\/icons\/4k-icons-pack02\/icons\/fonts\/en.eot'); src:url('https:\/\/www.risk21.com\/wp-content\/themes\/thefox\/includes\/4k-icons\/icons\/4k-icons-pack02\/icons\/fonts\/en.eot?#iefix') format('embedded-opentype'), url('https:\/\/www.risk21.com\/wp-content\/themes\/thefox\/includes\/4k-icons\/icons\/4k-icons-pack02\/icons\/fonts\/en.woff') format('woff'), url('https:\/\/www.risk21.com\/wp-content\/themes\/thefox\/includes\/4k-icons\/icons\/4k-icons-pack02\/icons\/fonts\/en.ttf') format('truetype'), url('https:\/\/www.risk21.com\/wp-content\/themes\/thefox\/includes\/4k-icons\/icons\/4k-icons-pack02\/icons\/fonts\/en.svg#oi') format('svg'); font-weight: normal; font-style: normal;}#b_2rzoeof2sss9rtbh0d2i .en-book-2:before{font-family: 'en'; font-weight: normal; font-style: normal;}#b_2rzoeof2sss9rtbh0d2i .en-book-2:before{content: \"\\e0aa\";}<\/style>\n[\/vc_column][\/vc_row]<\/p>\n<\/div>","protected":false},"excerpt":{"rendered":"<p>[vc_row][vc_column css=&#8221;.vc_custom_1456763475711{margin-top: -50px !important;}&#8221;][vc_empty_space height=&#8221;60px&#8221;][vc_custom_heading source=&#8221;post_title&#8221; font_container=&#8221;tag:h2|font_size:36px|text_align:center|color:%23000000|line_height:40px&#8221; google_fonts=&#8221;font_family:Open%20Sans%3A300%2C300italic%2Cregular%2Citalic%2C600%2C600italic%2C700%2C700italic%2C800%2C800italic|font_style:300%20light%20regular%3A300%3Anormal&#8221;][vc_single_image image=&#8221;4351&#8243; img_size=&#8221;full&#8221; alignment=&#8221;center&#8221; animation=&#8221;rda_fadeIn&#8221;][vc_column_text] PERITATJES I SUPORT T\u00c8CNIC EN PREVENCI\u00d3 DE RISCOS LABORALS PER A ADVOCATS, GRADUATS SOCIALS, RR.LL. I ALTRES OPERADORS JUR\u00cdDICS. Els assumptes relatius a Prevenci\u00f3 de Riscos Laborals (PRL) deriven cada vegada m\u00e9s en expedients administratius, sancions, rec\u00e0rrecs de prestacions, reclamacions de responsabilitat civil,<br \/><a href=\"https:\/\/www.risk21.com\/ca\/servei-risk-xxi-area-legal-assesoria-tecnico-juridica-en-prl\/\" class=\"more\">Llegir m\u00e9s<\/a><\/p>\n","protected":false},"author":1,"featured_media":0,"parent":0,"menu_order":0,"comment_status":"closed","ping_status":"closed","template":"","meta":{"footnotes":""},"class_list":["post-5050","page","type-page","status-publish","hentry"],"yoast_head":"<!-- This site is optimized with the Yoast SEO plugin v25.3.1 - https:\/\/yoast.com\/wordpress\/plugins\/seo\/ -->\n<title>RISK XXI - \u00c0rea Legal (Assesoria T\u00e8cnico Jur\u00eddica en PRL) - Risk XXI<\/title>\n<meta name=\"robots\" content=\"index, follow, max-snippet:-1, max-image-preview:large, max-video-preview:-1\" \/>\n<link rel=\"canonical\" href=\"https:\/\/www.risk21.com\/ca\/servei-risk-xxi-area-legal-assesoria-tecnico-juridica-en-prl\/\" \/>\n<meta property=\"og:locale\" content=\"ca_ES\" \/>\n<meta property=\"og:type\" content=\"article\" \/>\n<meta property=\"og:title\" content=\"RISK XXI - \u00c0rea Legal (Assesoria T\u00e8cnico Jur\u00eddica en PRL) - Risk XXI\" \/>\n<meta property=\"og:description\" content=\"[vc_row][vc_column css=&#8221;.vc_custom_1456763475711{margin-top: -50px !important;}&#8221;][vc_empty_space height=&#8221;60px&#8221;][vc_custom_heading source=&#8221;post_title&#8221; font_container=&#8221;tag:h2|font_size:36px|text_align:center|color:%23000000|line_height:40px&#8221; google_fonts=&#8221;font_family:Open%20Sans%3A300%2C300italic%2Cregular%2Citalic%2C600%2C600italic%2C700%2C700italic%2C800%2C800italic|font_style:300%20light%20regular%3A300%3Anormal&#8221;][vc_single_image image=&#8221;4351&#8243; img_size=&#8221;full&#8221; alignment=&#8221;center&#8221; animation=&#8221;rda_fadeIn&#8221;][vc_column_text] PERITATJES I SUPORT T\u00c8CNIC EN PREVENCI\u00d3 DE RISCOS LABORALS PER A ADVOCATS, GRADUATS SOCIALS, RR.LL. I ALTRES OPERADORS JUR\u00cdDICS. Els assumptes relatius a Prevenci\u00f3 de Riscos Laborals (PRL) deriven cada vegada m\u00e9s en expedients administratius, sancions, rec\u00e0rrecs de prestacions, reclamacions de responsabilitat civil,Llegir m\u00e9s\" \/>\n<meta property=\"og:url\" content=\"https:\/\/www.risk21.com\/ca\/servei-risk-xxi-area-legal-assesoria-tecnico-juridica-en-prl\/\" \/>\n<meta property=\"og:site_name\" content=\"Risk XXI\" \/>\n<meta property=\"article:modified_time\" content=\"2016-05-31T08:20:40+00:00\" \/>\n<meta name=\"twitter:card\" content=\"summary_large_image\" \/>\n<meta name=\"twitter:label1\" content=\"Temps estimat de lectura\" \/>\n\t<meta name=\"twitter:data1\" content=\"3 minuts\" \/>\n<script type=\"application\/ld+json\" class=\"yoast-schema-graph\">{\"@context\":\"https:\/\/schema.org\",\"@graph\":[{\"@type\":\"WebPage\",\"@id\":\"https:\/\/www.risk21.com\/ca\/servei-risk-xxi-area-legal-assesoria-tecnico-juridica-en-prl\/\",\"url\":\"https:\/\/www.risk21.com\/ca\/servei-risk-xxi-area-legal-assesoria-tecnico-juridica-en-prl\/\",\"name\":\"RISK XXI - \u00c0rea Legal (Assesoria T\u00e8cnico Jur\u00eddica en PRL) - Risk XXI\",\"isPartOf\":{\"@id\":\"https:\/\/www.risk21.com\/#website\"},\"datePublished\":\"2016-03-18T14:27:58+00:00\",\"dateModified\":\"2016-05-31T08:20:40+00:00\",\"breadcrumb\":{\"@id\":\"https:\/\/www.risk21.com\/ca\/servei-risk-xxi-area-legal-assesoria-tecnico-juridica-en-prl\/#breadcrumb\"},\"inLanguage\":\"ca\",\"potentialAction\":[{\"@type\":\"ReadAction\",\"target\":[\"https:\/\/www.risk21.com\/ca\/servei-risk-xxi-area-legal-assesoria-tecnico-juridica-en-prl\/\"]}]},{\"@type\":\"BreadcrumbList\",\"@id\":\"https:\/\/www.risk21.com\/ca\/servei-risk-xxi-area-legal-assesoria-tecnico-juridica-en-prl\/#breadcrumb\",\"itemListElement\":[{\"@type\":\"ListItem\",\"position\":1,\"name\":\"Portada\",\"item\":\"https:\/\/www.risk21.com\/ca\/\"},{\"@type\":\"ListItem\",\"position\":2,\"name\":\"RISK XXI &#8211; \u00c0rea Legal (Assesoria T\u00e8cnico Jur\u00eddica en PRL)\"}]},{\"@type\":\"WebSite\",\"@id\":\"https:\/\/www.risk21.com\/#website\",\"url\":\"https:\/\/www.risk21.com\/\",\"name\":\"Risk XXI\",\"description\":\"Prl &amp; Services\",\"potentialAction\":[{\"@type\":\"SearchAction\",\"target\":{\"@type\":\"EntryPoint\",\"urlTemplate\":\"https:\/\/www.risk21.com\/?s={search_term_string}\"},\"query-input\":{\"@type\":\"PropertyValueSpecification\",\"valueRequired\":true,\"valueName\":\"search_term_string\"}}],\"inLanguage\":\"ca\"}]}<\/script>\n<!-- \/ Yoast SEO plugin. -->","yoast_head_json":{"title":"RISK XXI - \u00c0rea Legal (Assesoria T\u00e8cnico Jur\u00eddica en PRL) - Risk XXI","robots":{"index":"index","follow":"follow","max-snippet":"max-snippet:-1","max-image-preview":"max-image-preview:large","max-video-preview":"max-video-preview:-1"},"canonical":"https:\/\/www.risk21.com\/ca\/servei-risk-xxi-area-legal-assesoria-tecnico-juridica-en-prl\/","og_locale":"ca_ES","og_type":"article","og_title":"RISK XXI - \u00c0rea Legal (Assesoria T\u00e8cnico Jur\u00eddica en PRL) - Risk XXI","og_description":"[vc_row][vc_column css=&#8221;.vc_custom_1456763475711{margin-top: -50px !important;}&#8221;][vc_empty_space height=&#8221;60px&#8221;][vc_custom_heading source=&#8221;post_title&#8221; font_container=&#8221;tag:h2|font_size:36px|text_align:center|color:%23000000|line_height:40px&#8221; google_fonts=&#8221;font_family:Open%20Sans%3A300%2C300italic%2Cregular%2Citalic%2C600%2C600italic%2C700%2C700italic%2C800%2C800italic|font_style:300%20light%20regular%3A300%3Anormal&#8221;][vc_single_image image=&#8221;4351&#8243; img_size=&#8221;full&#8221; alignment=&#8221;center&#8221; animation=&#8221;rda_fadeIn&#8221;][vc_column_text] PERITATJES I SUPORT T\u00c8CNIC EN PREVENCI\u00d3 DE RISCOS LABORALS PER A ADVOCATS, GRADUATS SOCIALS, RR.LL. I ALTRES OPERADORS JUR\u00cdDICS. Els assumptes relatius a Prevenci\u00f3 de Riscos Laborals (PRL) deriven cada vegada m\u00e9s en expedients administratius, sancions, rec\u00e0rrecs de prestacions, reclamacions de responsabilitat civil,Llegir m\u00e9s","og_url":"https:\/\/www.risk21.com\/ca\/servei-risk-xxi-area-legal-assesoria-tecnico-juridica-en-prl\/","og_site_name":"Risk XXI","article_modified_time":"2016-05-31T08:20:40+00:00","twitter_card":"summary_large_image","twitter_misc":{"Temps estimat de lectura":"3 minuts"},"schema":{"@context":"https:\/\/schema.org","@graph":[{"@type":"WebPage","@id":"https:\/\/www.risk21.com\/ca\/servei-risk-xxi-area-legal-assesoria-tecnico-juridica-en-prl\/","url":"https:\/\/www.risk21.com\/ca\/servei-risk-xxi-area-legal-assesoria-tecnico-juridica-en-prl\/","name":"RISK XXI - \u00c0rea Legal (Assesoria T\u00e8cnico Jur\u00eddica en PRL) - Risk XXI","isPartOf":{"@id":"https:\/\/www.risk21.com\/#website"},"datePublished":"2016-03-18T14:27:58+00:00","dateModified":"2016-05-31T08:20:40+00:00","breadcrumb":{"@id":"https:\/\/www.risk21.com\/ca\/servei-risk-xxi-area-legal-assesoria-tecnico-juridica-en-prl\/#breadcrumb"},"inLanguage":"ca","potentialAction":[{"@type":"ReadAction","target":["https:\/\/www.risk21.com\/ca\/servei-risk-xxi-area-legal-assesoria-tecnico-juridica-en-prl\/"]}]},{"@type":"BreadcrumbList","@id":"https:\/\/www.risk21.com\/ca\/servei-risk-xxi-area-legal-assesoria-tecnico-juridica-en-prl\/#breadcrumb","itemListElement":[{"@type":"ListItem","position":1,"name":"Portada","item":"https:\/\/www.risk21.com\/ca\/"},{"@type":"ListItem","position":2,"name":"RISK XXI &#8211; \u00c0rea Legal (Assesoria T\u00e8cnico Jur\u00eddica en PRL)"}]},{"@type":"WebSite","@id":"https:\/\/www.risk21.com\/#website","url":"https:\/\/www.risk21.com\/","name":"Risk XXI","description":"Prl &amp; Services","potentialAction":[{"@type":"SearchAction","target":{"@type":"EntryPoint","urlTemplate":"https:\/\/www.risk21.com\/?s={search_term_string}"},"query-input":{"@type":"PropertyValueSpecification","valueRequired":true,"valueName":"search_term_string"}}],"inLanguage":"ca"}]}},"_links":{"self":[{"href":"https:\/\/www.risk21.com\/ca\/wp-json\/wp\/v2\/pages\/5050","targetHints":{"allow":["GET"]}}],"collection":[{"href":"https:\/\/www.risk21.com\/ca\/wp-json\/wp\/v2\/pages"}],"about":[{"href":"https:\/\/www.risk21.com\/ca\/wp-json\/wp\/v2\/types\/page"}],"author":[{"embeddable":true,"href":"https:\/\/www.risk21.com\/ca\/wp-json\/wp\/v2\/users\/1"}],"replies":[{"embeddable":true,"href":"https:\/\/www.risk21.com\/ca\/wp-json\/wp\/v2\/comments?post=5050"}],"version-history":[{"count":0,"href":"https:\/\/www.risk21.com\/ca\/wp-json\/wp\/v2\/pages\/5050\/revisions"}],"wp:attachment":[{"href":"https:\/\/www.risk21.com\/ca\/wp-json\/wp\/v2\/media?parent=5050"}],"curies":[{"name":"wp","href":"https:\/\/api.w.org\/{rel}","templated":true}]}}