{"id":5047,"date":"2016-03-18T14:25:57","date_gmt":"2016-03-18T14:25:57","guid":{"rendered":"http:\/\/www.risk21.com\/ca\/servicio-especifico-para-el-sector-audiovisual\/"},"modified":"2025-10-20T20:27:34","modified_gmt":"2025-10-20T20:27:34","slug":"servei-especific-per-al-sector-audiovisual","status":"publish","type":"page","link":"https:\/\/www.risk21.com\/ca\/servei-especific-per-al-sector-audiovisual\/","title":{"rendered":"Espec\u00edfics per al sector audiovisual"},"content":{"rendered":"<div class=\"wpb-content-wrapper\"><p>[vc_row][vc_column css=&#8221;.vc_custom_1456763475711{margin-top: -50px !important;}&#8221;][vc_empty_space height=&#8221;60px&#8221;][vc_custom_heading source=&#8221;post_title&#8221; font_container=&#8221;tag:h2|font_size:36px|text_align:center|color:%23000000|line_height:40px&#8221; google_fonts=&#8221;font_family:Open%20Sans%3A300%2C300italic%2Cregular%2Citalic%2C600%2C600italic%2C700%2C700italic%2C800%2C800italic|font_style:300%20light%20regular%3A300%3Anormal&#8221;]<style type=\"text\/css\" >#l_ou1yql7g7q5eh90llui8{width:100px;}#l_ou1yql7g7q5eh90llui8.sc_line ,#l_ou1yql7g7q5eh90llui8 .sc_line { height:1px; background: #ff9900; background: -moz-linear-gradient(90deg, #ff9900 0%, #fab956 100%); background: -webkit-gradient(linear, left top, right bottom, color-stop(0%,#ff9900), color-stop(100%,#fab956)); background: -webkit-linear-gradient(90deg, #ff9900 0%,#fab956 100%); background: -o-linear-gradient(90deg, #ff9900 0%,#fab956 100%); background: -ms-linear-gradient(90deg, #ff9900 0%,#fab956 100%); background: linear-gradient(90deg, #ff9900 0%,#fab956 100%);}#l_ou1yql7g7q5eh90llui8.sc_line ,#l_ou1yql7g7q5eh90llui8 .sc_line{margin-left:auto!important; margin-right:auto!important;}#l_ou1yql7g7q5eh90llui8 {margin:0px 0 20px 0; padding:0;}<\/style><div class=\"clearfix\"><\/div><div id=\"l_ou1yql7g7q5eh90llui8\"  class=\"sc_line rd_line_normal\" ><\/div>[vc_single_image image=&#8221;4349&#8243; img_size=&#8221;full&#8221; alignment=&#8221;center&#8221; animation=&#8221;rda_fadeIn&#8221;][vc_column_text css=&#8221;&#8221;]<\/p>\n<div id=\"content-title\">\n<h2 class=\"content title rtejustify\">Coneixem b\u00e9 el sector audiovisual<\/h2>\n<div class=\"node author-manuelmurillo node-full node-type-pagina node-158\">\n<div class=\"content clearfix\">\n<p class=\"rtejustify\">Productores de cinema, de TV i de Publicitat, emissores de r\u00e0dio, canals de TV, Serveis auxiliars (unitats m\u00f2bils, conexi\u00f3 via sat\u00e8l\u00b7lit, edici\u00f3, etc..), il\u00b7luminaci\u00f3, sonoritzaci\u00f3, escenaris i muntatges ef\u00edmers, espectacles musicals, esdeveniments, espectacles teatrals, &#8220;mass media&#8221;, publicitat, etc&#8230;<\/p>\n<p class=\"rtejustify\">Els nostres t\u00e8cnics con\u00e8ixen be les particularitats i les problem\u00e0tiques espec\u00edfiques del sector audiovisual.<\/p>\n<p class=\"rtejustify\">Tenim experi\u00e8ncia en el sector.<\/p>\n<p class=\"rtejustify\">Treballem per a gestionar la PRL en:<\/p>\n<ul>\n<li class=\"rtejustify\">Rodatges de Cinema (plat\u00f3 i exteriors)<\/li>\n<li class=\"rtejustify\">Enregistrament de programes de TV (plat\u00f3 i exteriors)<\/li>\n<li class=\"rtejustify\">Coordinaci\u00f3 amb empreses subcontratades , Aut\u00f2noms i \u201cFree Lances\u201d<\/li>\n<li class=\"rtejustify\">Seguiment a peu de rodatge<\/li>\n<li class=\"rtejustify\">Seguretat en escenes amb &#8220;especialistes&#8221;<\/li>\n<li class=\"rtejustify\">Informes per a treball amb actors menors d&#8217;edat<\/li>\n<li class=\"rtejustify\">Figurants<\/li>\n<li class=\"rtejustify\">Altres<\/li>\n<\/ul>\n<\/div>\n<\/div>\n<\/div>\n<p>[\/vc_column_text]<style type=\"text\/css\" >#b_pl637u2upn0exzd066u6 a{color:; background:; border-style:solid; border-color:; margin-top:0px; margin-bottom:0px;  margin-left:0px; margin-right:0px; font-weight:900; border-radius:0px;}#b_pl637u2upn0exzd066u6 a:hover{color: ; background: ; border-color:;}<\/style><div class=\"ta_center tf_btn_pos\" id=\"b_pl637u2upn0exzd066u6\" ><a class=\"rd_stroke_bt medium_rd_bt border_1px  bt_icon_left   \" href=\"https:\/\/drive.google.com\/file\/d\/1uIqHip3AebKAviIqTp85WC4iKZchL2Ns\/view?usp=share_link\" target=\"yes\"   ><i class=\"en-book-2\" ><\/i><span>Cat\u00e0leg de Serveis Audiovisuals<\/span><\/a><\/div><style type='text\/css'> @font-face{font-family: 'en'; src:url('https:\/\/www.risk21.com\/wp-content\/themes\/thefox\/includes\/4k-icons\/icons\/4k-icons-pack02\/icons\/fonts\/en.eot'); src:url('https:\/\/www.risk21.com\/wp-content\/themes\/thefox\/includes\/4k-icons\/icons\/4k-icons-pack02\/icons\/fonts\/en.eot?#iefix') format('embedded-opentype'), url('https:\/\/www.risk21.com\/wp-content\/themes\/thefox\/includes\/4k-icons\/icons\/4k-icons-pack02\/icons\/fonts\/en.woff') format('woff'), url('https:\/\/www.risk21.com\/wp-content\/themes\/thefox\/includes\/4k-icons\/icons\/4k-icons-pack02\/icons\/fonts\/en.ttf') format('truetype'), url('https:\/\/www.risk21.com\/wp-content\/themes\/thefox\/includes\/4k-icons\/icons\/4k-icons-pack02\/icons\/fonts\/en.svg#oi') format('svg'); font-weight: normal; font-style: normal;}#b_pl637u2upn0exzd066u6 .en-book-2:before{font-family: 'en'; font-weight: normal; font-style: normal;}#b_pl637u2upn0exzd066u6 .en-book-2:before{content: \"\\e0aa\";}<\/style>\n[\/vc_column][\/vc_row]<\/p>\n<\/div>","protected":false},"excerpt":{"rendered":"<p>[vc_row][vc_column css=&#8221;.vc_custom_1456763475711{margin-top: -50px !important;}&#8221;][vc_empty_space height=&#8221;60px&#8221;][vc_custom_heading source=&#8221;post_title&#8221; font_container=&#8221;tag:h2|font_size:36px|text_align:center|color:%23000000|line_height:40px&#8221; google_fonts=&#8221;font_family:Open%20Sans%3A300%2C300italic%2Cregular%2Citalic%2C600%2C600italic%2C700%2C700italic%2C800%2C800italic|font_style:300%20light%20regular%3A300%3Anormal&#8221;][vc_single_image image=&#8221;4349&#8243; img_size=&#8221;full&#8221; alignment=&#8221;center&#8221; animation=&#8221;rda_fadeIn&#8221;][vc_column_text css=&#8221;&#8221;] Coneixem b\u00e9 el sector audiovisual Productores de cinema, de TV i de Publicitat, emissores de r\u00e0dio, canals de TV, Serveis auxiliars (unitats m\u00f2bils, conexi\u00f3 via sat\u00e8l\u00b7lit, edici\u00f3, etc..), il\u00b7luminaci\u00f3, sonoritzaci\u00f3, escenaris i muntatges ef\u00edmers, espectacles musicals, esdeveniments, espectacles teatrals, &#8220;mass media&#8221;, publicitat,<br \/><a href=\"https:\/\/www.risk21.com\/ca\/servei-especific-per-al-sector-audiovisual\/\" class=\"more\">Llegir m\u00e9s<\/a><\/p>\n","protected":false},"author":1,"featured_media":0,"parent":0,"menu_order":0,"comment_status":"closed","ping_status":"closed","template":"","meta":{"footnotes":""},"class_list":["post-5047","page","type-page","status-publish","hentry"],"yoast_head":"<!-- This site is optimized with the Yoast SEO plugin v25.3.1 - https:\/\/yoast.com\/wordpress\/plugins\/seo\/ -->\n<title>Espec\u00edfics per al sector audiovisual - Risk XXI<\/title>\n<meta name=\"robots\" content=\"index, follow, max-snippet:-1, max-image-preview:large, max-video-preview:-1\" \/>\n<link rel=\"canonical\" href=\"https:\/\/www.risk21.com\/ca\/servei-especific-per-al-sector-audiovisual\/\" \/>\n<meta property=\"og:locale\" content=\"ca_ES\" \/>\n<meta property=\"og:type\" content=\"article\" \/>\n<meta property=\"og:title\" content=\"Espec\u00edfics per al sector audiovisual - Risk XXI\" \/>\n<meta property=\"og:description\" content=\"[vc_row][vc_column css=&#8221;.vc_custom_1456763475711{margin-top: -50px !important;}&#8221;][vc_empty_space height=&#8221;60px&#8221;][vc_custom_heading source=&#8221;post_title&#8221; font_container=&#8221;tag:h2|font_size:36px|text_align:center|color:%23000000|line_height:40px&#8221; google_fonts=&#8221;font_family:Open%20Sans%3A300%2C300italic%2Cregular%2Citalic%2C600%2C600italic%2C700%2C700italic%2C800%2C800italic|font_style:300%20light%20regular%3A300%3Anormal&#8221;][vc_single_image image=&#8221;4349&#8243; img_size=&#8221;full&#8221; alignment=&#8221;center&#8221; animation=&#8221;rda_fadeIn&#8221;][vc_column_text css=&#8221;&#8221;] Coneixem b\u00e9 el sector audiovisual Productores de cinema, de TV i de Publicitat, emissores de r\u00e0dio, canals de TV, Serveis auxiliars (unitats m\u00f2bils, conexi\u00f3 via sat\u00e8l\u00b7lit, edici\u00f3, etc..), il\u00b7luminaci\u00f3, sonoritzaci\u00f3, escenaris i muntatges ef\u00edmers, espectacles musicals, esdeveniments, espectacles teatrals, &#8220;mass media&#8221;, publicitat,Llegir m\u00e9s\" \/>\n<meta property=\"og:url\" content=\"https:\/\/www.risk21.com\/ca\/servei-especific-per-al-sector-audiovisual\/\" \/>\n<meta property=\"og:site_name\" content=\"Risk XXI\" \/>\n<meta property=\"article:modified_time\" content=\"2025-10-20T20:27:34+00:00\" \/>\n<meta name=\"twitter:card\" content=\"summary_large_image\" \/>\n<meta name=\"twitter:label1\" content=\"Temps estimat de lectura\" \/>\n\t<meta name=\"twitter:data1\" content=\"1 minut\" \/>\n<script type=\"application\/ld+json\" class=\"yoast-schema-graph\">{\"@context\":\"https:\/\/schema.org\",\"@graph\":[{\"@type\":\"WebPage\",\"@id\":\"https:\/\/www.risk21.com\/ca\/servei-especific-per-al-sector-audiovisual\/\",\"url\":\"https:\/\/www.risk21.com\/ca\/servei-especific-per-al-sector-audiovisual\/\",\"name\":\"Espec\u00edfics per al sector audiovisual - Risk XXI\",\"isPartOf\":{\"@id\":\"https:\/\/www.risk21.com\/#website\"},\"datePublished\":\"2016-03-18T14:25:57+00:00\",\"dateModified\":\"2025-10-20T20:27:34+00:00\",\"breadcrumb\":{\"@id\":\"https:\/\/www.risk21.com\/ca\/servei-especific-per-al-sector-audiovisual\/#breadcrumb\"},\"inLanguage\":\"ca\",\"potentialAction\":[{\"@type\":\"ReadAction\",\"target\":[\"https:\/\/www.risk21.com\/ca\/servei-especific-per-al-sector-audiovisual\/\"]}]},{\"@type\":\"BreadcrumbList\",\"@id\":\"https:\/\/www.risk21.com\/ca\/servei-especific-per-al-sector-audiovisual\/#breadcrumb\",\"itemListElement\":[{\"@type\":\"ListItem\",\"position\":1,\"name\":\"Portada\",\"item\":\"https:\/\/www.risk21.com\/ca\/\"},{\"@type\":\"ListItem\",\"position\":2,\"name\":\"Espec\u00edfics per al sector audiovisual\"}]},{\"@type\":\"WebSite\",\"@id\":\"https:\/\/www.risk21.com\/#website\",\"url\":\"https:\/\/www.risk21.com\/\",\"name\":\"Risk XXI\",\"description\":\"Prl &amp; Services\",\"potentialAction\":[{\"@type\":\"SearchAction\",\"target\":{\"@type\":\"EntryPoint\",\"urlTemplate\":\"https:\/\/www.risk21.com\/?s={search_term_string}\"},\"query-input\":{\"@type\":\"PropertyValueSpecification\",\"valueRequired\":true,\"valueName\":\"search_term_string\"}}],\"inLanguage\":\"ca\"}]}<\/script>\n<!-- \/ Yoast SEO plugin. -->","yoast_head_json":{"title":"Espec\u00edfics per al sector audiovisual - Risk XXI","robots":{"index":"index","follow":"follow","max-snippet":"max-snippet:-1","max-image-preview":"max-image-preview:large","max-video-preview":"max-video-preview:-1"},"canonical":"https:\/\/www.risk21.com\/ca\/servei-especific-per-al-sector-audiovisual\/","og_locale":"ca_ES","og_type":"article","og_title":"Espec\u00edfics per al sector audiovisual - Risk XXI","og_description":"[vc_row][vc_column css=&#8221;.vc_custom_1456763475711{margin-top: -50px !important;}&#8221;][vc_empty_space height=&#8221;60px&#8221;][vc_custom_heading source=&#8221;post_title&#8221; font_container=&#8221;tag:h2|font_size:36px|text_align:center|color:%23000000|line_height:40px&#8221; google_fonts=&#8221;font_family:Open%20Sans%3A300%2C300italic%2Cregular%2Citalic%2C600%2C600italic%2C700%2C700italic%2C800%2C800italic|font_style:300%20light%20regular%3A300%3Anormal&#8221;][vc_single_image image=&#8221;4349&#8243; img_size=&#8221;full&#8221; alignment=&#8221;center&#8221; animation=&#8221;rda_fadeIn&#8221;][vc_column_text css=&#8221;&#8221;] Coneixem b\u00e9 el sector audiovisual Productores de cinema, de TV i de Publicitat, emissores de r\u00e0dio, canals de TV, Serveis auxiliars (unitats m\u00f2bils, conexi\u00f3 via sat\u00e8l\u00b7lit, edici\u00f3, etc..), il\u00b7luminaci\u00f3, sonoritzaci\u00f3, escenaris i muntatges ef\u00edmers, espectacles musicals, esdeveniments, espectacles teatrals, &#8220;mass media&#8221;, publicitat,Llegir m\u00e9s","og_url":"https:\/\/www.risk21.com\/ca\/servei-especific-per-al-sector-audiovisual\/","og_site_name":"Risk XXI","article_modified_time":"2025-10-20T20:27:34+00:00","twitter_card":"summary_large_image","twitter_misc":{"Temps estimat de lectura":"1 minut"},"schema":{"@context":"https:\/\/schema.org","@graph":[{"@type":"WebPage","@id":"https:\/\/www.risk21.com\/ca\/servei-especific-per-al-sector-audiovisual\/","url":"https:\/\/www.risk21.com\/ca\/servei-especific-per-al-sector-audiovisual\/","name":"Espec\u00edfics per al sector audiovisual - Risk XXI","isPartOf":{"@id":"https:\/\/www.risk21.com\/#website"},"datePublished":"2016-03-18T14:25:57+00:00","dateModified":"2025-10-20T20:27:34+00:00","breadcrumb":{"@id":"https:\/\/www.risk21.com\/ca\/servei-especific-per-al-sector-audiovisual\/#breadcrumb"},"inLanguage":"ca","potentialAction":[{"@type":"ReadAction","target":["https:\/\/www.risk21.com\/ca\/servei-especific-per-al-sector-audiovisual\/"]}]},{"@type":"BreadcrumbList","@id":"https:\/\/www.risk21.com\/ca\/servei-especific-per-al-sector-audiovisual\/#breadcrumb","itemListElement":[{"@type":"ListItem","position":1,"name":"Portada","item":"https:\/\/www.risk21.com\/ca\/"},{"@type":"ListItem","position":2,"name":"Espec\u00edfics per al sector audiovisual"}]},{"@type":"WebSite","@id":"https:\/\/www.risk21.com\/#website","url":"https:\/\/www.risk21.com\/","name":"Risk XXI","description":"Prl &amp; Services","potentialAction":[{"@type":"SearchAction","target":{"@type":"EntryPoint","urlTemplate":"https:\/\/www.risk21.com\/?s={search_term_string}"},"query-input":{"@type":"PropertyValueSpecification","valueRequired":true,"valueName":"search_term_string"}}],"inLanguage":"ca"}]}},"_links":{"self":[{"href":"https:\/\/www.risk21.com\/ca\/wp-json\/wp\/v2\/pages\/5047","targetHints":{"allow":["GET"]}}],"collection":[{"href":"https:\/\/www.risk21.com\/ca\/wp-json\/wp\/v2\/pages"}],"about":[{"href":"https:\/\/www.risk21.com\/ca\/wp-json\/wp\/v2\/types\/page"}],"author":[{"embeddable":true,"href":"https:\/\/www.risk21.com\/ca\/wp-json\/wp\/v2\/users\/1"}],"replies":[{"embeddable":true,"href":"https:\/\/www.risk21.com\/ca\/wp-json\/wp\/v2\/comments?post=5047"}],"version-history":[{"count":2,"href":"https:\/\/www.risk21.com\/ca\/wp-json\/wp\/v2\/pages\/5047\/revisions"}],"predecessor-version":[{"id":12352,"href":"https:\/\/www.risk21.com\/ca\/wp-json\/wp\/v2\/pages\/5047\/revisions\/12352"}],"wp:attachment":[{"href":"https:\/\/www.risk21.com\/ca\/wp-json\/wp\/v2\/media?parent=5047"}],"curies":[{"name":"wp","href":"https:\/\/api.w.org\/{rel}","templated":true}]}}