{"id":5043,"date":"2016-03-18T14:20:29","date_gmt":"2016-03-18T14:20:29","guid":{"rendered":"http:\/\/www.risk21.com\/ca\/servicio-medicina-del-trabajo-y-vigilancia-de-la-salud\/"},"modified":"2017-03-06T14:34:02","modified_gmt":"2017-03-06T14:34:02","slug":"servei-medicina-del-treball-i-vigilancia-de-la-salut","status":"publish","type":"page","link":"https:\/\/www.risk21.com\/ca\/servei-medicina-del-treball-i-vigilancia-de-la-salut\/","title":{"rendered":"Medicina del Treball i Vigil\u00e0ncia de la Salut"},"content":{"rendered":"<div class=\"wpb-content-wrapper\"><p>[vc_row][vc_column css=&#8221;.vc_custom_1456763475711{margin-top: -50px !important;}&#8221;][vc_empty_space height=&#8221;60px&#8221;][vc_custom_heading source=&#8221;post_title&#8221; font_container=&#8221;tag:h2|font_size:36px|text_align:center|color:%23000000|line_height:40px&#8221; google_fonts=&#8221;font_family:Open%20Sans%3A300%2C300italic%2Cregular%2Citalic%2C600%2C600italic%2C700%2C700italic%2C800%2C800italic|font_style:300%20light%20regular%3A300%3Anormal&#8221;]<style type=\"text\/css\" >#l_j5wucjpisfwo990n28u6{width:100px;}#l_j5wucjpisfwo990n28u6.sc_line ,#l_j5wucjpisfwo990n28u6 .sc_line { height:1px; background: #ff9900; background: -moz-linear-gradient(90deg, #ff9900 0%, #fab956 100%); background: -webkit-gradient(linear, left top, right bottom, color-stop(0%,#ff9900), color-stop(100%,#fab956)); background: -webkit-linear-gradient(90deg, #ff9900 0%,#fab956 100%); background: -o-linear-gradient(90deg, #ff9900 0%,#fab956 100%); background: -ms-linear-gradient(90deg, #ff9900 0%,#fab956 100%); background: linear-gradient(90deg, #ff9900 0%,#fab956 100%);}#l_j5wucjpisfwo990n28u6.sc_line ,#l_j5wucjpisfwo990n28u6 .sc_line{margin-left:auto!important; margin-right:auto!important;}#l_j5wucjpisfwo990n28u6 {margin:0px 0 20px 0; padding:0;}<\/style><div class=\"clearfix\"><\/div><div id=\"l_j5wucjpisfwo990n28u6\"  class=\"sc_line rd_line_normal\" ><\/div>[vc_single_image image=&#8221;4340&#8243; img_size=&#8221;full&#8221; alignment=&#8221;center&#8221; animation=&#8221;rda_fadeIn&#8221;][vc_column_text]<\/p>\n<div id=\"content-title\">\n<p>A m\u00e9s de les disciplines t\u00e8cniques de Prevenci\u00f3 de Riscos Laborals, <strong>RISK XXI &#8211; Prl &amp; Services<\/strong> tamb\u00e9 pot oferir serveis de Medicina del Treball i Vigil\u00e0ncia de la Salut per als seus empleats, ja sigui:<\/p>\n<p><strong>Individual:<\/strong> a trav\u00e9s d&#8217;examen de Salut: Inicial, peri\u00f2dic, posterior a una baixa perllongada, treballadors especialment sensibles (menors d&#8217;edat, embarassades, discapacitats, altres&#8230;)<\/p>\n<p><strong>Inicial :<\/strong> Al moment d&#8217;incorporar-se a l&#8217;empresa o de l&#8217;assignaci\u00f3 de determinades tasques espec\u00edfiques amb nous riscos per a la salut.<\/p>\n<p><strong>Peri\u00f2dica :<\/strong> A intervals segons protocols vigents.<\/p>\n<p>Despr\u00e9s d&#8217;una abs\u00e8ncia perllongada per motius de salut.<br \/>\n<strong>Col\u00b7lectiva :<\/strong> Estudis epidemiol\u00f2gics, avaluaci\u00f3 de riscos. Promoci\u00f3 de la salut en el lloc de treball: Vacunes, formaci\u00f3 en h\u00e0bits saludables, formaci\u00f3 en primers auxilis, Campanyes de promoci\u00f3 de la salut,&#8230;.<\/p>\n<p class=\"rtejustify\">Disposem de centres m\u00e8dics propis i concertats que ens permeten cobrir gran part de la geografia de la nostra acreditaci\u00f3.<\/p>\n<p>Podem oferir-li, a m\u00e9s, una unitat m\u00f2bil per a la realitzaci\u00f3 de reconeixements m\u00e8dics de Vigil\u00e0ncia de la Salut en la seva pr\u00f2pia empresa.<\/p>\n<\/div>\n<p>[\/vc_column_text]<style type=\"text\/css\" >#b_hkl4t3qdi0y9aux6hzf7 a{color:; background:; border-style:solid; border-color:; margin-top:0px; margin-bottom:0px;  margin-left:0px; margin-right:0px; font-weight:900; border-radius:0px;}#b_hkl4t3qdi0y9aux6hzf7 a:hover{color: ; background: ; border-color:;}<\/style><div class=\"ta_center tf_btn_pos\" id=\"b_hkl4t3qdi0y9aux6hzf7\" ><a class=\"rd_stroke_bt medium_rd_bt border_1px  bt_icon_left   \" href=\"mailto:mail@risk21.com\" target=\"yes\"   ><i class=\"mp-info-1\" ><\/i><span>Sol\u00b7liciti&#8217;ns informaci\u00f3<\/span><\/a><\/div><style type='text\/css'> @font-face{font-family: 'mp'; src:url('https:\/\/www.risk21.com\/wp-content\/themes\/thefox\/includes\/4k-icons\/icons\/4k-icons-pack04\/icons\/fonts\/mp.eot'); src:url('https:\/\/www.risk21.com\/wp-content\/themes\/thefox\/includes\/4k-icons\/icons\/4k-icons-pack04\/icons\/fonts\/mp.eot?#iefix') format('embedded-opentype'), url('https:\/\/www.risk21.com\/wp-content\/themes\/thefox\/includes\/4k-icons\/icons\/4k-icons-pack04\/icons\/fonts\/mp.woff') format('woff'), url('https:\/\/www.risk21.com\/wp-content\/themes\/thefox\/includes\/4k-icons\/icons\/4k-icons-pack04\/icons\/fonts\/mp.ttf') format('truetype'), url('https:\/\/www.risk21.com\/wp-content\/themes\/thefox\/includes\/4k-icons\/icons\/4k-icons-pack04\/icons\/fonts\/mp.svg#oi') format('svg'); font-weight: normal; font-style: normal;}#b_hkl4t3qdi0y9aux6hzf7 .mp-info-1:before{font-family: 'mp'; font-weight: normal; font-style: normal;}#b_hkl4t3qdi0y9aux6hzf7 .mp-info-1:before{content: \"\\e93d\";}<\/style>\n[\/vc_column][\/vc_row]<\/p>\n<\/div>","protected":false},"excerpt":{"rendered":"<p>[vc_row][vc_column css=&#8221;.vc_custom_1456763475711{margin-top: -50px !important;}&#8221;][vc_empty_space height=&#8221;60px&#8221;][vc_custom_heading source=&#8221;post_title&#8221; font_container=&#8221;tag:h2|font_size:36px|text_align:center|color:%23000000|line_height:40px&#8221; google_fonts=&#8221;font_family:Open%20Sans%3A300%2C300italic%2Cregular%2Citalic%2C600%2C600italic%2C700%2C700italic%2C800%2C800italic|font_style:300%20light%20regular%3A300%3Anormal&#8221;][vc_single_image image=&#8221;4340&#8243; img_size=&#8221;full&#8221; alignment=&#8221;center&#8221; animation=&#8221;rda_fadeIn&#8221;][vc_column_text] A m\u00e9s de les disciplines t\u00e8cniques de Prevenci\u00f3 de Riscos Laborals, RISK XXI &#8211; Prl &amp; Services tamb\u00e9 pot oferir serveis de Medicina del Treball i Vigil\u00e0ncia de la Salut per als seus empleats, ja sigui: Individual: a trav\u00e9s d&#8217;examen de Salut: Inicial,<br \/><a href=\"https:\/\/www.risk21.com\/ca\/servei-medicina-del-treball-i-vigilancia-de-la-salut\/\" class=\"more\">Llegir m\u00e9s<\/a><\/p>\n","protected":false},"author":1,"featured_media":0,"parent":0,"menu_order":0,"comment_status":"closed","ping_status":"closed","template":"","meta":{"footnotes":""},"class_list":["post-5043","page","type-page","status-publish","hentry"],"yoast_head":"<!-- This site is optimized with the Yoast SEO plugin v25.3.1 - https:\/\/yoast.com\/wordpress\/plugins\/seo\/ -->\n<title>Medicina del Treball i Vigil\u00e0ncia de la Salut - Risk XXI<\/title>\n<meta name=\"robots\" content=\"index, follow, max-snippet:-1, max-image-preview:large, max-video-preview:-1\" \/>\n<link rel=\"canonical\" href=\"https:\/\/www.risk21.com\/ca\/servei-medicina-del-treball-i-vigilancia-de-la-salut\/\" \/>\n<meta property=\"og:locale\" content=\"ca_ES\" \/>\n<meta property=\"og:type\" content=\"article\" \/>\n<meta property=\"og:title\" content=\"Medicina del Treball i Vigil\u00e0ncia de la Salut - Risk XXI\" \/>\n<meta property=\"og:description\" content=\"[vc_row][vc_column css=&#8221;.vc_custom_1456763475711{margin-top: -50px !important;}&#8221;][vc_empty_space height=&#8221;60px&#8221;][vc_custom_heading source=&#8221;post_title&#8221; font_container=&#8221;tag:h2|font_size:36px|text_align:center|color:%23000000|line_height:40px&#8221; google_fonts=&#8221;font_family:Open%20Sans%3A300%2C300italic%2Cregular%2Citalic%2C600%2C600italic%2C700%2C700italic%2C800%2C800italic|font_style:300%20light%20regular%3A300%3Anormal&#8221;][vc_single_image image=&#8221;4340&#8243; img_size=&#8221;full&#8221; alignment=&#8221;center&#8221; animation=&#8221;rda_fadeIn&#8221;][vc_column_text] A m\u00e9s de les disciplines t\u00e8cniques de Prevenci\u00f3 de Riscos Laborals, RISK XXI &#8211; Prl &amp; Services tamb\u00e9 pot oferir serveis de Medicina del Treball i Vigil\u00e0ncia de la Salut per als seus empleats, ja sigui: Individual: a trav\u00e9s d&#8217;examen de Salut: Inicial,Llegir m\u00e9s\" \/>\n<meta property=\"og:url\" content=\"https:\/\/www.risk21.com\/ca\/servei-medicina-del-treball-i-vigilancia-de-la-salut\/\" \/>\n<meta property=\"og:site_name\" content=\"Risk XXI\" \/>\n<meta property=\"article:modified_time\" content=\"2017-03-06T14:34:02+00:00\" \/>\n<meta name=\"twitter:card\" content=\"summary_large_image\" \/>\n<meta name=\"twitter:label1\" content=\"Temps estimat de lectura\" \/>\n\t<meta name=\"twitter:data1\" content=\"2 minuts\" \/>\n<script type=\"application\/ld+json\" class=\"yoast-schema-graph\">{\"@context\":\"https:\/\/schema.org\",\"@graph\":[{\"@type\":\"WebPage\",\"@id\":\"https:\/\/www.risk21.com\/ca\/servei-medicina-del-treball-i-vigilancia-de-la-salut\/\",\"url\":\"https:\/\/www.risk21.com\/ca\/servei-medicina-del-treball-i-vigilancia-de-la-salut\/\",\"name\":\"Medicina del Treball i Vigil\u00e0ncia de la Salut - Risk XXI\",\"isPartOf\":{\"@id\":\"https:\/\/www.risk21.com\/#website\"},\"datePublished\":\"2016-03-18T14:20:29+00:00\",\"dateModified\":\"2017-03-06T14:34:02+00:00\",\"breadcrumb\":{\"@id\":\"https:\/\/www.risk21.com\/ca\/servei-medicina-del-treball-i-vigilancia-de-la-salut\/#breadcrumb\"},\"inLanguage\":\"ca\",\"potentialAction\":[{\"@type\":\"ReadAction\",\"target\":[\"https:\/\/www.risk21.com\/ca\/servei-medicina-del-treball-i-vigilancia-de-la-salut\/\"]}]},{\"@type\":\"BreadcrumbList\",\"@id\":\"https:\/\/www.risk21.com\/ca\/servei-medicina-del-treball-i-vigilancia-de-la-salut\/#breadcrumb\",\"itemListElement\":[{\"@type\":\"ListItem\",\"position\":1,\"name\":\"Portada\",\"item\":\"https:\/\/www.risk21.com\/ca\/\"},{\"@type\":\"ListItem\",\"position\":2,\"name\":\"Medicina del Treball i Vigil\u00e0ncia de la Salut\"}]},{\"@type\":\"WebSite\",\"@id\":\"https:\/\/www.risk21.com\/#website\",\"url\":\"https:\/\/www.risk21.com\/\",\"name\":\"Risk XXI\",\"description\":\"Prl &amp; Services\",\"potentialAction\":[{\"@type\":\"SearchAction\",\"target\":{\"@type\":\"EntryPoint\",\"urlTemplate\":\"https:\/\/www.risk21.com\/?s={search_term_string}\"},\"query-input\":{\"@type\":\"PropertyValueSpecification\",\"valueRequired\":true,\"valueName\":\"search_term_string\"}}],\"inLanguage\":\"ca\"}]}<\/script>\n<!-- \/ Yoast SEO plugin. -->","yoast_head_json":{"title":"Medicina del Treball i Vigil\u00e0ncia de la Salut - Risk XXI","robots":{"index":"index","follow":"follow","max-snippet":"max-snippet:-1","max-image-preview":"max-image-preview:large","max-video-preview":"max-video-preview:-1"},"canonical":"https:\/\/www.risk21.com\/ca\/servei-medicina-del-treball-i-vigilancia-de-la-salut\/","og_locale":"ca_ES","og_type":"article","og_title":"Medicina del Treball i Vigil\u00e0ncia de la Salut - Risk XXI","og_description":"[vc_row][vc_column css=&#8221;.vc_custom_1456763475711{margin-top: -50px !important;}&#8221;][vc_empty_space height=&#8221;60px&#8221;][vc_custom_heading source=&#8221;post_title&#8221; font_container=&#8221;tag:h2|font_size:36px|text_align:center|color:%23000000|line_height:40px&#8221; google_fonts=&#8221;font_family:Open%20Sans%3A300%2C300italic%2Cregular%2Citalic%2C600%2C600italic%2C700%2C700italic%2C800%2C800italic|font_style:300%20light%20regular%3A300%3Anormal&#8221;][vc_single_image image=&#8221;4340&#8243; img_size=&#8221;full&#8221; alignment=&#8221;center&#8221; animation=&#8221;rda_fadeIn&#8221;][vc_column_text] A m\u00e9s de les disciplines t\u00e8cniques de Prevenci\u00f3 de Riscos Laborals, RISK XXI &#8211; Prl &amp; Services tamb\u00e9 pot oferir serveis de Medicina del Treball i Vigil\u00e0ncia de la Salut per als seus empleats, ja sigui: Individual: a trav\u00e9s d&#8217;examen de Salut: Inicial,Llegir m\u00e9s","og_url":"https:\/\/www.risk21.com\/ca\/servei-medicina-del-treball-i-vigilancia-de-la-salut\/","og_site_name":"Risk XXI","article_modified_time":"2017-03-06T14:34:02+00:00","twitter_card":"summary_large_image","twitter_misc":{"Temps estimat de lectura":"2 minuts"},"schema":{"@context":"https:\/\/schema.org","@graph":[{"@type":"WebPage","@id":"https:\/\/www.risk21.com\/ca\/servei-medicina-del-treball-i-vigilancia-de-la-salut\/","url":"https:\/\/www.risk21.com\/ca\/servei-medicina-del-treball-i-vigilancia-de-la-salut\/","name":"Medicina del Treball i Vigil\u00e0ncia de la Salut - Risk XXI","isPartOf":{"@id":"https:\/\/www.risk21.com\/#website"},"datePublished":"2016-03-18T14:20:29+00:00","dateModified":"2017-03-06T14:34:02+00:00","breadcrumb":{"@id":"https:\/\/www.risk21.com\/ca\/servei-medicina-del-treball-i-vigilancia-de-la-salut\/#breadcrumb"},"inLanguage":"ca","potentialAction":[{"@type":"ReadAction","target":["https:\/\/www.risk21.com\/ca\/servei-medicina-del-treball-i-vigilancia-de-la-salut\/"]}]},{"@type":"BreadcrumbList","@id":"https:\/\/www.risk21.com\/ca\/servei-medicina-del-treball-i-vigilancia-de-la-salut\/#breadcrumb","itemListElement":[{"@type":"ListItem","position":1,"name":"Portada","item":"https:\/\/www.risk21.com\/ca\/"},{"@type":"ListItem","position":2,"name":"Medicina del Treball i Vigil\u00e0ncia de la Salut"}]},{"@type":"WebSite","@id":"https:\/\/www.risk21.com\/#website","url":"https:\/\/www.risk21.com\/","name":"Risk XXI","description":"Prl &amp; Services","potentialAction":[{"@type":"SearchAction","target":{"@type":"EntryPoint","urlTemplate":"https:\/\/www.risk21.com\/?s={search_term_string}"},"query-input":{"@type":"PropertyValueSpecification","valueRequired":true,"valueName":"search_term_string"}}],"inLanguage":"ca"}]}},"_links":{"self":[{"href":"https:\/\/www.risk21.com\/ca\/wp-json\/wp\/v2\/pages\/5043","targetHints":{"allow":["GET"]}}],"collection":[{"href":"https:\/\/www.risk21.com\/ca\/wp-json\/wp\/v2\/pages"}],"about":[{"href":"https:\/\/www.risk21.com\/ca\/wp-json\/wp\/v2\/types\/page"}],"author":[{"embeddable":true,"href":"https:\/\/www.risk21.com\/ca\/wp-json\/wp\/v2\/users\/1"}],"replies":[{"embeddable":true,"href":"https:\/\/www.risk21.com\/ca\/wp-json\/wp\/v2\/comments?post=5043"}],"version-history":[{"count":2,"href":"https:\/\/www.risk21.com\/ca\/wp-json\/wp\/v2\/pages\/5043\/revisions"}],"predecessor-version":[{"id":6327,"href":"https:\/\/www.risk21.com\/ca\/wp-json\/wp\/v2\/pages\/5043\/revisions\/6327"}],"wp:attachment":[{"href":"https:\/\/www.risk21.com\/ca\/wp-json\/wp\/v2\/media?parent=5043"}],"curies":[{"name":"wp","href":"https:\/\/api.w.org\/{rel}","templated":true}]}}