{"id":5041,"date":"2016-03-18T14:18:19","date_gmt":"2016-03-18T14:18:19","guid":{"rendered":"http:\/\/www.risk21.com\/ca\/servicio-de-prevencion-ajeno-spa\/"},"modified":"2018-03-02T17:44:09","modified_gmt":"2018-03-02T17:44:09","slug":"servei-de-prevencio-alie-spa","status":"publish","type":"page","link":"https:\/\/www.risk21.com\/ca\/servei-de-prevencio-alie-spa\/","title":{"rendered":"Servei de Prevenci\u00f3 Ali\u00e8 (SPA)"},"content":{"rendered":"<div class=\"wpb-content-wrapper\"><p>[vc_row][vc_column css=&#8221;.vc_custom_1456763475711{margin-top: -50px !important;}&#8221;][vc_empty_space height=&#8221;60px&#8221;][vc_custom_heading source=&#8221;post_title&#8221; font_container=&#8221;tag:h2|font_size:36px|text_align:center|color:%23000000|line_height:40px&#8221; google_fonts=&#8221;font_family:Open%20Sans%3A300%2C300italic%2Cregular%2Citalic%2C600%2C600italic%2C700%2C700italic%2C800%2C800italic|font_style:300%20light%20regular%3A300%3Anormal&#8221;]<style type=\"text\/css\" >#l_qp546pjdcuar60fn80vl{width:100px;}#l_qp546pjdcuar60fn80vl.sc_line ,#l_qp546pjdcuar60fn80vl .sc_line { height:1px; background: #ff9900; background: -moz-linear-gradient(90deg, #ff9900 0%, #fab956 100%); background: -webkit-gradient(linear, left top, right bottom, color-stop(0%,#ff9900), color-stop(100%,#fab956)); background: -webkit-linear-gradient(90deg, #ff9900 0%,#fab956 100%); background: -o-linear-gradient(90deg, #ff9900 0%,#fab956 100%); background: -ms-linear-gradient(90deg, #ff9900 0%,#fab956 100%); background: linear-gradient(90deg, #ff9900 0%,#fab956 100%);}#l_qp546pjdcuar60fn80vl.sc_line ,#l_qp546pjdcuar60fn80vl .sc_line{margin-left:auto!important; margin-right:auto!important;}#l_qp546pjdcuar60fn80vl {margin:0px 0 20px 0; padding:0;}<\/style><div class=\"clearfix\"><\/div><div id=\"l_qp546pjdcuar60fn80vl\"  class=\"sc_line rd_line_normal\" ><\/div>[vc_single_image image=&#8221;4336&#8243; img_size=&#8221;full&#8221; alignment=&#8221;center&#8221; animation=&#8221;rda_fadeIn&#8221;][vc_column_text]<strong>RISK XXI \u2013 Prl &amp; Services.<\/strong><\/p>\n<p>Som ESPECIALISTES EN PREVENCI\u00d3 DE RISCOS LABORALS.<\/p>\n<p>Oferim un SERVEI INTEGRAL a la mesura dels nostres clients en mat\u00e8ria de prevenci\u00f3 de riscos laborals \u2013 PRL.<\/p>\n<p>Servei de Prevenci\u00f3 Ali\u00e8 (SPA). D&#8217;acord amb la <a href=\"http:\/\/www.boe.es\/buscar\/act.php?id=BOE-A-1995-24292\" target=\"_blank\" rel=\"noopener noreferrer\">Llei 31\/1995 de Prevenci\u00f3 de Riscos laborals<\/a> i el <a href=\"http:\/\/www.boe.es\/buscar\/act.php?id=BOE-A-1997-1853\" target=\"_blank\" rel=\"noopener noreferrer\">RD 39\/1997 pel qual s&#8217;aprova el Reglament dels Serveis de Prevenci\u00f3<\/a>. Quan l&#8217;empresa pugui o hagi de contractar un servei de prevenci\u00f3 ali\u00e8, pot fer-ho amb nosaltres en la mesura que estem acreditats per l&#8217;autoritat laboral des de l&#8217;any 2.001, amb el n\u00famero d&#8217;acreditaci\u00f3 SP 038 B.<\/p>\n<p>Estem en disposici\u00f3 de cobrir totes les disciplines preventives en tot el territori espanyol:<\/p>\n<ul>\n<li>Seguretat.<\/li>\n<li>Higiene Industrial.<\/li>\n<li>Ergonomia + Psicosociolog\u00eda.<\/li>\n<li>Medicina del Treball i Vigil\u00e0ncia de la salut.<\/li>\n<\/ul>\n<p>Comptem amb una dilatada experi\u00e8ncia, un equip de professionals molt competents i disposem d&#8217;unes instal\u00b7lacions que fan de <strong>RISK XXI \u2013 Prl &amp; Services<\/strong> la millor opci\u00f3 per concertar el seu Servei de Prevenci\u00f3 Ali\u00e8.<\/p>\n<p>[\/vc_column_text][\/vc_column][\/vc_row]<\/p>\n<\/div>","protected":false},"excerpt":{"rendered":"<p>[vc_row][vc_column css=&#8221;.vc_custom_1456763475711{margin-top: -50px !important;}&#8221;][vc_empty_space height=&#8221;60px&#8221;][vc_custom_heading source=&#8221;post_title&#8221; font_container=&#8221;tag:h2|font_size:36px|text_align:center|color:%23000000|line_height:40px&#8221; google_fonts=&#8221;font_family:Open%20Sans%3A300%2C300italic%2Cregular%2Citalic%2C600%2C600italic%2C700%2C700italic%2C800%2C800italic|font_style:300%20light%20regular%3A300%3Anormal&#8221;][vc_single_image image=&#8221;4336&#8243; img_size=&#8221;full&#8221; alignment=&#8221;center&#8221; animation=&#8221;rda_fadeIn&#8221;][vc_column_text]RISK XXI \u2013 Prl &amp; Services. Som ESPECIALISTES EN PREVENCI\u00d3 DE RISCOS LABORALS. Oferim un SERVEI INTEGRAL a la mesura dels nostres clients en mat\u00e8ria de prevenci\u00f3 de riscos laborals \u2013 PRL. Servei de Prevenci\u00f3 Ali\u00e8 (SPA). D&#8217;acord amb la Llei 31\/1995 de Prevenci\u00f3<br \/><a href=\"https:\/\/www.risk21.com\/ca\/servei-de-prevencio-alie-spa\/\" class=\"more\">Llegir m\u00e9s<\/a><\/p>\n","protected":false},"author":1,"featured_media":0,"parent":0,"menu_order":0,"comment_status":"closed","ping_status":"closed","template":"","meta":{"footnotes":""},"class_list":["post-5041","page","type-page","status-publish","hentry"],"yoast_head":"<!-- This site is optimized with the Yoast SEO plugin v25.3.1 - https:\/\/yoast.com\/wordpress\/plugins\/seo\/ -->\n<title>Servei de Prevenci\u00f3 Ali\u00e8 (SPA) - Risk XXI<\/title>\n<meta name=\"robots\" content=\"index, follow, max-snippet:-1, max-image-preview:large, max-video-preview:-1\" \/>\n<link rel=\"canonical\" href=\"https:\/\/www.risk21.com\/ca\/servei-de-prevencio-alie-spa\/\" \/>\n<meta property=\"og:locale\" content=\"ca_ES\" \/>\n<meta property=\"og:type\" content=\"article\" \/>\n<meta property=\"og:title\" content=\"Servei de Prevenci\u00f3 Ali\u00e8 (SPA) - Risk XXI\" \/>\n<meta property=\"og:description\" content=\"[vc_row][vc_column css=&#8221;.vc_custom_1456763475711{margin-top: -50px !important;}&#8221;][vc_empty_space height=&#8221;60px&#8221;][vc_custom_heading source=&#8221;post_title&#8221; font_container=&#8221;tag:h2|font_size:36px|text_align:center|color:%23000000|line_height:40px&#8221; google_fonts=&#8221;font_family:Open%20Sans%3A300%2C300italic%2Cregular%2Citalic%2C600%2C600italic%2C700%2C700italic%2C800%2C800italic|font_style:300%20light%20regular%3A300%3Anormal&#8221;][vc_single_image image=&#8221;4336&#8243; img_size=&#8221;full&#8221; alignment=&#8221;center&#8221; animation=&#8221;rda_fadeIn&#8221;][vc_column_text]RISK XXI \u2013 Prl &amp; Services. Som ESPECIALISTES EN PREVENCI\u00d3 DE RISCOS LABORALS. Oferim un SERVEI INTEGRAL a la mesura dels nostres clients en mat\u00e8ria de prevenci\u00f3 de riscos laborals \u2013 PRL. Servei de Prevenci\u00f3 Ali\u00e8 (SPA). D&#8217;acord amb la Llei 31\/1995 de Prevenci\u00f3Llegir m\u00e9s\" \/>\n<meta property=\"og:url\" content=\"https:\/\/www.risk21.com\/ca\/servei-de-prevencio-alie-spa\/\" \/>\n<meta property=\"og:site_name\" content=\"Risk XXI\" \/>\n<meta property=\"article:modified_time\" content=\"2018-03-02T17:44:09+00:00\" \/>\n<meta name=\"twitter:card\" content=\"summary_large_image\" \/>\n<meta name=\"twitter:label1\" content=\"Temps estimat de lectura\" \/>\n\t<meta name=\"twitter:data1\" content=\"1 minut\" \/>\n<script type=\"application\/ld+json\" class=\"yoast-schema-graph\">{\"@context\":\"https:\/\/schema.org\",\"@graph\":[{\"@type\":\"WebPage\",\"@id\":\"https:\/\/www.risk21.com\/ca\/servei-de-prevencio-alie-spa\/\",\"url\":\"https:\/\/www.risk21.com\/ca\/servei-de-prevencio-alie-spa\/\",\"name\":\"Servei de Prevenci\u00f3 Ali\u00e8 (SPA) - Risk XXI\",\"isPartOf\":{\"@id\":\"https:\/\/www.risk21.com\/#website\"},\"datePublished\":\"2016-03-18T14:18:19+00:00\",\"dateModified\":\"2018-03-02T17:44:09+00:00\",\"breadcrumb\":{\"@id\":\"https:\/\/www.risk21.com\/ca\/servei-de-prevencio-alie-spa\/#breadcrumb\"},\"inLanguage\":\"ca\",\"potentialAction\":[{\"@type\":\"ReadAction\",\"target\":[\"https:\/\/www.risk21.com\/ca\/servei-de-prevencio-alie-spa\/\"]}]},{\"@type\":\"BreadcrumbList\",\"@id\":\"https:\/\/www.risk21.com\/ca\/servei-de-prevencio-alie-spa\/#breadcrumb\",\"itemListElement\":[{\"@type\":\"ListItem\",\"position\":1,\"name\":\"Portada\",\"item\":\"https:\/\/www.risk21.com\/ca\/\"},{\"@type\":\"ListItem\",\"position\":2,\"name\":\"Servei de Prevenci\u00f3 Ali\u00e8 (SPA)\"}]},{\"@type\":\"WebSite\",\"@id\":\"https:\/\/www.risk21.com\/#website\",\"url\":\"https:\/\/www.risk21.com\/\",\"name\":\"Risk XXI\",\"description\":\"Prl &amp; Services\",\"potentialAction\":[{\"@type\":\"SearchAction\",\"target\":{\"@type\":\"EntryPoint\",\"urlTemplate\":\"https:\/\/www.risk21.com\/?s={search_term_string}\"},\"query-input\":{\"@type\":\"PropertyValueSpecification\",\"valueRequired\":true,\"valueName\":\"search_term_string\"}}],\"inLanguage\":\"ca\"}]}<\/script>\n<!-- \/ Yoast SEO plugin. -->","yoast_head_json":{"title":"Servei de Prevenci\u00f3 Ali\u00e8 (SPA) - Risk XXI","robots":{"index":"index","follow":"follow","max-snippet":"max-snippet:-1","max-image-preview":"max-image-preview:large","max-video-preview":"max-video-preview:-1"},"canonical":"https:\/\/www.risk21.com\/ca\/servei-de-prevencio-alie-spa\/","og_locale":"ca_ES","og_type":"article","og_title":"Servei de Prevenci\u00f3 Ali\u00e8 (SPA) - Risk XXI","og_description":"[vc_row][vc_column css=&#8221;.vc_custom_1456763475711{margin-top: -50px !important;}&#8221;][vc_empty_space height=&#8221;60px&#8221;][vc_custom_heading source=&#8221;post_title&#8221; font_container=&#8221;tag:h2|font_size:36px|text_align:center|color:%23000000|line_height:40px&#8221; google_fonts=&#8221;font_family:Open%20Sans%3A300%2C300italic%2Cregular%2Citalic%2C600%2C600italic%2C700%2C700italic%2C800%2C800italic|font_style:300%20light%20regular%3A300%3Anormal&#8221;][vc_single_image image=&#8221;4336&#8243; img_size=&#8221;full&#8221; alignment=&#8221;center&#8221; animation=&#8221;rda_fadeIn&#8221;][vc_column_text]RISK XXI \u2013 Prl &amp; Services. Som ESPECIALISTES EN PREVENCI\u00d3 DE RISCOS LABORALS. Oferim un SERVEI INTEGRAL a la mesura dels nostres clients en mat\u00e8ria de prevenci\u00f3 de riscos laborals \u2013 PRL. Servei de Prevenci\u00f3 Ali\u00e8 (SPA). D&#8217;acord amb la Llei 31\/1995 de Prevenci\u00f3Llegir m\u00e9s","og_url":"https:\/\/www.risk21.com\/ca\/servei-de-prevencio-alie-spa\/","og_site_name":"Risk XXI","article_modified_time":"2018-03-02T17:44:09+00:00","twitter_card":"summary_large_image","twitter_misc":{"Temps estimat de lectura":"1 minut"},"schema":{"@context":"https:\/\/schema.org","@graph":[{"@type":"WebPage","@id":"https:\/\/www.risk21.com\/ca\/servei-de-prevencio-alie-spa\/","url":"https:\/\/www.risk21.com\/ca\/servei-de-prevencio-alie-spa\/","name":"Servei de Prevenci\u00f3 Ali\u00e8 (SPA) - Risk XXI","isPartOf":{"@id":"https:\/\/www.risk21.com\/#website"},"datePublished":"2016-03-18T14:18:19+00:00","dateModified":"2018-03-02T17:44:09+00:00","breadcrumb":{"@id":"https:\/\/www.risk21.com\/ca\/servei-de-prevencio-alie-spa\/#breadcrumb"},"inLanguage":"ca","potentialAction":[{"@type":"ReadAction","target":["https:\/\/www.risk21.com\/ca\/servei-de-prevencio-alie-spa\/"]}]},{"@type":"BreadcrumbList","@id":"https:\/\/www.risk21.com\/ca\/servei-de-prevencio-alie-spa\/#breadcrumb","itemListElement":[{"@type":"ListItem","position":1,"name":"Portada","item":"https:\/\/www.risk21.com\/ca\/"},{"@type":"ListItem","position":2,"name":"Servei de Prevenci\u00f3 Ali\u00e8 (SPA)"}]},{"@type":"WebSite","@id":"https:\/\/www.risk21.com\/#website","url":"https:\/\/www.risk21.com\/","name":"Risk XXI","description":"Prl &amp; Services","potentialAction":[{"@type":"SearchAction","target":{"@type":"EntryPoint","urlTemplate":"https:\/\/www.risk21.com\/?s={search_term_string}"},"query-input":{"@type":"PropertyValueSpecification","valueRequired":true,"valueName":"search_term_string"}}],"inLanguage":"ca"}]}},"_links":{"self":[{"href":"https:\/\/www.risk21.com\/ca\/wp-json\/wp\/v2\/pages\/5041","targetHints":{"allow":["GET"]}}],"collection":[{"href":"https:\/\/www.risk21.com\/ca\/wp-json\/wp\/v2\/pages"}],"about":[{"href":"https:\/\/www.risk21.com\/ca\/wp-json\/wp\/v2\/types\/page"}],"author":[{"embeddable":true,"href":"https:\/\/www.risk21.com\/ca\/wp-json\/wp\/v2\/users\/1"}],"replies":[{"embeddable":true,"href":"https:\/\/www.risk21.com\/ca\/wp-json\/wp\/v2\/comments?post=5041"}],"version-history":[{"count":2,"href":"https:\/\/www.risk21.com\/ca\/wp-json\/wp\/v2\/pages\/5041\/revisions"}],"predecessor-version":[{"id":7652,"href":"https:\/\/www.risk21.com\/ca\/wp-json\/wp\/v2\/pages\/5041\/revisions\/7652"}],"wp:attachment":[{"href":"https:\/\/www.risk21.com\/ca\/wp-json\/wp\/v2\/media?parent=5041"}],"curies":[{"name":"wp","href":"https:\/\/api.w.org\/{rel}","templated":true}]}}