{"id":5032,"date":"2016-03-08T08:06:21","date_gmt":"2016-03-08T08:06:21","guid":{"rendered":"http:\/\/www.risk21.com\/ca\/risk-xxi-formacion\/"},"modified":"2018-03-01T11:47:18","modified_gmt":"2018-03-01T11:47:18","slug":"risk-xxi-formacion","status":"publish","type":"page","link":"https:\/\/www.risk21.com\/ca\/risk-xxi-formacion\/","title":{"rendered":"RISK XXI Formaci\u00f3"},"content":{"rendered":"<div class=\"wpb-content-wrapper\"><p>[vc_row css=&#8221;.vc_custom_1456920649253{margin-bottom: 0px !important;}&#8221;][vc_column css=&#8221;.vc_custom_1456763475711{margin-top: -50px !important;}&#8221;][vc_empty_space height=&#8221;60px&#8221;][vc_custom_heading source=&#8221;post_title&#8221; font_container=&#8221;tag:h2|font_size:36px|text_align:center|color:%23000000|line_height:40px&#8221; google_fonts=&#8221;font_family:Open%20Sans%3A300%2C300italic%2Cregular%2Citalic%2C600%2C600italic%2C700%2C700italic%2C800%2C800italic|font_style:300%20light%20regular%3A300%3Anormal&#8221;]<style type=\"text\/css\" >#l_jmpgq9eohhwp4sn02ycu{width:100px;}#l_jmpgq9eohhwp4sn02ycu.sc_line ,#l_jmpgq9eohhwp4sn02ycu .sc_line { height:1px; background: #ff9900; background: -moz-linear-gradient(90deg, #ff9900 0%, #fab956 100%); background: -webkit-gradient(linear, left top, right bottom, color-stop(0%,#ff9900), color-stop(100%,#fab956)); background: -webkit-linear-gradient(90deg, #ff9900 0%,#fab956 100%); background: -o-linear-gradient(90deg, #ff9900 0%,#fab956 100%); background: -ms-linear-gradient(90deg, #ff9900 0%,#fab956 100%); background: linear-gradient(90deg, #ff9900 0%,#fab956 100%);}#l_jmpgq9eohhwp4sn02ycu.sc_line ,#l_jmpgq9eohhwp4sn02ycu .sc_line{margin-left:auto!important; margin-right:auto!important;}#l_jmpgq9eohhwp4sn02ycu {margin:0px 0 20px 0; padding:0;}<\/style><div class=\"clearfix\"><\/div><div id=\"l_jmpgq9eohhwp4sn02ycu\"  class=\"sc_line rd_line_normal\" ><\/div>[vc_single_image image=&#8221;4272&#8243; img_size=&#8221;full&#8221; alignment=&#8221;center&#8221; animation=&#8221;rda_fadeIn&#8221;][vc_column_text]<\/p>\n<p class=\"rtejustify\"><strong><a href=\"https:\/\/www.fundae.es\/Pages\/default.aspx\"><img loading=\"lazy\" decoding=\"async\" class=\"alignleft wp-image-7608 size-full\" src=\"https:\/\/www.risk21.com\/wp-content\/uploads\/2016\/03\/Logo-FUNDAE.png\" alt=\"\" width=\"271\" height=\"198\" srcset=\"https:\/\/www.risk21.com\/wp-content\/uploads\/2016\/03\/Logo-FUNDAE.png 271w, https:\/\/www.risk21.com\/wp-content\/uploads\/2016\/03\/Logo-FUNDAE-24x18.png 24w, https:\/\/www.risk21.com\/wp-content\/uploads\/2016\/03\/Logo-FUNDAE-36x26.png 36w, https:\/\/www.risk21.com\/wp-content\/uploads\/2016\/03\/Logo-FUNDAE-48x35.png 48w\" sizes=\"auto, (max-width: 271px) 100vw, 271px\" \/><\/a><\/strong><\/p>\n<p><strong>RISK XXI Formaci\u00f3\u00a0<\/strong>proposa\u00a0una molt \u00e0mplia\u00a0oferta formativa. Totes les categories i tots els sectors d&#8217;activitat. M\u00e9s enll\u00e0 de la formaci\u00f3 en Prevenci\u00f3 de Riscos Laborals, oferim <strong>cursos, tallers\/workshop, seminaris i accions formatives a mida<\/strong>.\u00a0 Ja sigui en modalitat\u00a0<strong>PRESENCIAL\u00a0o be \u00a0\u201cON LINE\u201d.<\/strong><\/p>\n<p>Adaptem la formaci\u00f3 a les seves necessitats, en tots els \u00e0mbits i sectors de la PRL i tamb\u00e9 en d\u2019altres \u00e0rees del Desenvolupament de Compet\u00e8ncies i\u00a0Habilitats Professionals (RRHH).<\/p>\n<p>Podem gestionar i\/o assessor les empreses i organitzacions en la tramitaci\u00f3 de bonificacions formatives a trav\u00e9s de la a trav\u00e9s de la\u00a0<strong><a href=\"https:\/\/www.fundae.es\/Pages\/default.aspx\" target=\"_blank\" rel=\"noopener noreferrer\">FUNDAE, \u201cFundaci\u00f3n Estatal para la Formaci\u00f3n\u00a0en el empleo<\/a>\u201d.<\/strong><\/p>\n<p>Som empresa acreditada per la <a href=\"http:\/\/www.fundacionlaboral.org\/\" target=\"_blank\" rel=\"noopener noreferrer\"><strong>\u201cFundaci\u00f3n Laboral de la Construcci\u00f3n\u201d (FLC)<\/strong><\/a>\u00a0i per la <a href=\"http:\/\/www.fundacionlaboraldelmetal.es\/\" target=\"_blank\" rel=\"noopener noreferrer\"><strong>\u201cFundaci\u00f3n laboral del Metal\u201d(Indeo)<\/strong><\/a>, \u00a0per a impartir els cursos espec\u00edfics d&#8217;aquest sector derivats dels respectius Convenis Col\u00b7lectius (Construcci\u00f3 i Metall).<\/p>\n<p><strong>RISK XX<\/strong>I<strong>\u00a0Formaci\u00f3<\/strong>\u00a0ofereix un cat\u00e0leg de cursos especialitzats dissenyats i impartits per professionals del sector amb una contrastada experi\u00e8ncia professional. <a href=\"https:\/\/www.risk21.com\/ca\/cursos\/\" target=\"_blank\" rel=\"noopener noreferrer\"><strong>Conegui la nostra oferta formativa. <\/strong><\/a><\/p>\n<p>A m\u00e9s de tots aquests cursos, presentats per \u00e0rees de coneixement, continguts, sectors d\u2019activitat, especialitats sectorials, etc&#8230; tamb\u00e9 desenvolupem <strong>CURSOS I ACCIONS FORMATIVES A MIDA<\/strong> per a empreses i organitzacions, adaptant-nos a les seves necessitats i objectius espec\u00edfics.\u00a0<strong><a href=\"mailto:formacio@risk21.com\" target=\"_blank\" rel=\"noopener noreferrer\">Consulti&#8217;ns<\/a>.<\/strong><\/p>\n<p>M\u00e9s de 15 anys d&#8217;experi\u00e8ncia formant persones (en PRL i en d&#8217;altres camps de coneixement), avalen la qualitat de les accions formatives de <strong>RISK XXI Formaci\u00f3.<\/strong>[\/vc_column_text]<style type=\"text\/css\" >#b_jhf71zql9eq468qkbiv9 a{color:; background:; border-style:solid; border-color:; margin-top:0px; margin-bottom:0px;  margin-left:0px; margin-right:0px; font-weight:900; border-radius:0px;}#b_jhf71zql9eq468qkbiv9 a:hover{color: ; background: ; border-color:;}<\/style><div class=\"ta_center tf_btn_pos\" id=\"b_jhf71zql9eq468qkbiv9\" ><a class=\"rd_stroke_bt medium_rd_bt border_1px  bt_icon_left   \" href=\"mailto:formacio@risk21.com\" target=\"yes\"   ><i class=\"zm-bookmark-2\" ><\/i><span>Demani el cat\u00e0leg de formaci\u00f3<\/span><\/a><\/div><style type='text\/css'> @font-face{font-family: 'zm'; src:url('https:\/\/www.risk21.com\/wp-content\/themes\/thefox\/includes\/4k-icons\/icons\/4k-icons-pack05\/icons\/fonts\/zm.eot'); src:url('https:\/\/www.risk21.com\/wp-content\/themes\/thefox\/includes\/4k-icons\/icons\/4k-icons-pack05\/icons\/fonts\/zm.eot?#iefix') format('embedded-opentype'), url('https:\/\/www.risk21.com\/wp-content\/themes\/thefox\/includes\/4k-icons\/icons\/4k-icons-pack05\/icons\/fonts\/zm.woff') format('woff'), url('https:\/\/www.risk21.com\/wp-content\/themes\/thefox\/includes\/4k-icons\/icons\/4k-icons-pack05\/icons\/fonts\/zm.ttf') format('truetype'), url('https:\/\/www.risk21.com\/wp-content\/themes\/thefox\/includes\/4k-icons\/icons\/4k-icons-pack05\/icons\/fonts\/zm.svg#oi') format('svg'); font-weight: normal; font-style: normal;}#b_jhf71zql9eq468qkbiv9 .zm-bookmark-2:before{font-family: 'zm'; font-weight: normal; font-style: normal;}#b_jhf71zql9eq468qkbiv9 .zm-bookmark-2:before{content: \"\\e04d\";}<\/style>\n[\/vc_column][\/vc_row]<\/p>\n<\/div>","protected":false},"excerpt":{"rendered":"<p>[vc_row css=&#8221;.vc_custom_1456920649253{margin-bottom: 0px !important;}&#8221;][vc_column css=&#8221;.vc_custom_1456763475711{margin-top: -50px !important;}&#8221;][vc_empty_space height=&#8221;60px&#8221;][vc_custom_heading source=&#8221;post_title&#8221; font_container=&#8221;tag:h2|font_size:36px|text_align:center|color:%23000000|line_height:40px&#8221; google_fonts=&#8221;font_family:Open%20Sans%3A300%2C300italic%2Cregular%2Citalic%2C600%2C600italic%2C700%2C700italic%2C800%2C800italic|font_style:300%20light%20regular%3A300%3Anormal&#8221;][vc_single_image image=&#8221;4272&#8243; img_size=&#8221;full&#8221; alignment=&#8221;center&#8221; animation=&#8221;rda_fadeIn&#8221;][vc_column_text] RISK XXI Formaci\u00f3\u00a0proposa\u00a0una molt \u00e0mplia\u00a0oferta formativa. Totes les categories i tots els sectors d&#8217;activitat. M\u00e9s enll\u00e0 de la formaci\u00f3 en Prevenci\u00f3 de Riscos Laborals, oferim cursos, tallers\/workshop, seminaris i accions formatives a mida.\u00a0 Ja sigui en modalitat\u00a0PRESENCIAL\u00a0o be \u00a0\u201cON LINE\u201d.<br \/><a href=\"https:\/\/www.risk21.com\/ca\/risk-xxi-formacion\/\" class=\"more\">Llegir m\u00e9s<\/a><\/p>\n","protected":false},"author":1,"featured_media":0,"parent":0,"menu_order":0,"comment_status":"closed","ping_status":"closed","template":"","meta":{"footnotes":""},"class_list":["post-5032","page","type-page","status-publish","hentry"],"yoast_head":"<!-- This site is optimized with the Yoast SEO plugin v25.3.1 - https:\/\/yoast.com\/wordpress\/plugins\/seo\/ -->\n<title>RISK XXI Formaci\u00f3 - Risk XXI<\/title>\n<meta name=\"robots\" content=\"index, follow, max-snippet:-1, max-image-preview:large, max-video-preview:-1\" \/>\n<link rel=\"canonical\" href=\"https:\/\/www.risk21.com\/ca\/risk-xxi-formacion\/\" \/>\n<meta property=\"og:locale\" content=\"ca_ES\" \/>\n<meta property=\"og:type\" content=\"article\" \/>\n<meta property=\"og:title\" content=\"RISK XXI Formaci\u00f3 - Risk XXI\" \/>\n<meta property=\"og:description\" content=\"[vc_row css=&#8221;.vc_custom_1456920649253{margin-bottom: 0px !important;}&#8221;][vc_column css=&#8221;.vc_custom_1456763475711{margin-top: -50px !important;}&#8221;][vc_empty_space height=&#8221;60px&#8221;][vc_custom_heading source=&#8221;post_title&#8221; font_container=&#8221;tag:h2|font_size:36px|text_align:center|color:%23000000|line_height:40px&#8221; google_fonts=&#8221;font_family:Open%20Sans%3A300%2C300italic%2Cregular%2Citalic%2C600%2C600italic%2C700%2C700italic%2C800%2C800italic|font_style:300%20light%20regular%3A300%3Anormal&#8221;][vc_single_image image=&#8221;4272&#8243; img_size=&#8221;full&#8221; alignment=&#8221;center&#8221; animation=&#8221;rda_fadeIn&#8221;][vc_column_text] RISK XXI Formaci\u00f3\u00a0proposa\u00a0una molt \u00e0mplia\u00a0oferta formativa. Totes les categories i tots els sectors d&#8217;activitat. M\u00e9s enll\u00e0 de la formaci\u00f3 en Prevenci\u00f3 de Riscos Laborals, oferim cursos, tallers\/workshop, seminaris i accions formatives a mida.\u00a0 Ja sigui en modalitat\u00a0PRESENCIAL\u00a0o be \u00a0\u201cON LINE\u201d.Llegir m\u00e9s\" \/>\n<meta property=\"og:url\" content=\"https:\/\/www.risk21.com\/ca\/risk-xxi-formacion\/\" \/>\n<meta property=\"og:site_name\" content=\"Risk XXI\" \/>\n<meta property=\"article:modified_time\" content=\"2018-03-01T11:47:18+00:00\" \/>\n<meta property=\"og:image\" content=\"https:\/\/www.risk21.com\/wp-content\/uploads\/2016\/03\/Logo-FUNDAE.png\" \/>\n<meta name=\"twitter:card\" content=\"summary_large_image\" \/>\n<meta name=\"twitter:label1\" content=\"Temps estimat de lectura\" \/>\n\t<meta name=\"twitter:data1\" content=\"2 minuts\" \/>\n<script type=\"application\/ld+json\" class=\"yoast-schema-graph\">{\"@context\":\"https:\/\/schema.org\",\"@graph\":[{\"@type\":\"WebPage\",\"@id\":\"https:\/\/www.risk21.com\/ca\/risk-xxi-formacion\/\",\"url\":\"https:\/\/www.risk21.com\/ca\/risk-xxi-formacion\/\",\"name\":\"RISK XXI Formaci\u00f3 - Risk XXI\",\"isPartOf\":{\"@id\":\"https:\/\/www.risk21.com\/#website\"},\"primaryImageOfPage\":{\"@id\":\"https:\/\/www.risk21.com\/ca\/risk-xxi-formacion\/#primaryimage\"},\"image\":{\"@id\":\"https:\/\/www.risk21.com\/ca\/risk-xxi-formacion\/#primaryimage\"},\"thumbnailUrl\":\"https:\/\/www.risk21.com\/wp-content\/uploads\/2016\/03\/Logo-FUNDAE.png\",\"datePublished\":\"2016-03-08T08:06:21+00:00\",\"dateModified\":\"2018-03-01T11:47:18+00:00\",\"breadcrumb\":{\"@id\":\"https:\/\/www.risk21.com\/ca\/risk-xxi-formacion\/#breadcrumb\"},\"inLanguage\":\"ca\",\"potentialAction\":[{\"@type\":\"ReadAction\",\"target\":[\"https:\/\/www.risk21.com\/ca\/risk-xxi-formacion\/\"]}]},{\"@type\":\"ImageObject\",\"inLanguage\":\"ca\",\"@id\":\"https:\/\/www.risk21.com\/ca\/risk-xxi-formacion\/#primaryimage\",\"url\":\"https:\/\/www.risk21.com\/wp-content\/uploads\/2016\/03\/Logo-FUNDAE.png\",\"contentUrl\":\"https:\/\/www.risk21.com\/wp-content\/uploads\/2016\/03\/Logo-FUNDAE.png\"},{\"@type\":\"BreadcrumbList\",\"@id\":\"https:\/\/www.risk21.com\/ca\/risk-xxi-formacion\/#breadcrumb\",\"itemListElement\":[{\"@type\":\"ListItem\",\"position\":1,\"name\":\"Portada\",\"item\":\"https:\/\/www.risk21.com\/ca\/\"},{\"@type\":\"ListItem\",\"position\":2,\"name\":\"RISK XXI Formaci\u00f3\"}]},{\"@type\":\"WebSite\",\"@id\":\"https:\/\/www.risk21.com\/#website\",\"url\":\"https:\/\/www.risk21.com\/\",\"name\":\"Risk XXI\",\"description\":\"Prl &amp; Services\",\"potentialAction\":[{\"@type\":\"SearchAction\",\"target\":{\"@type\":\"EntryPoint\",\"urlTemplate\":\"https:\/\/www.risk21.com\/?s={search_term_string}\"},\"query-input\":{\"@type\":\"PropertyValueSpecification\",\"valueRequired\":true,\"valueName\":\"search_term_string\"}}],\"inLanguage\":\"ca\"}]}<\/script>\n<!-- \/ Yoast SEO plugin. -->","yoast_head_json":{"title":"RISK XXI Formaci\u00f3 - Risk XXI","robots":{"index":"index","follow":"follow","max-snippet":"max-snippet:-1","max-image-preview":"max-image-preview:large","max-video-preview":"max-video-preview:-1"},"canonical":"https:\/\/www.risk21.com\/ca\/risk-xxi-formacion\/","og_locale":"ca_ES","og_type":"article","og_title":"RISK XXI Formaci\u00f3 - Risk XXI","og_description":"[vc_row css=&#8221;.vc_custom_1456920649253{margin-bottom: 0px !important;}&#8221;][vc_column css=&#8221;.vc_custom_1456763475711{margin-top: -50px !important;}&#8221;][vc_empty_space height=&#8221;60px&#8221;][vc_custom_heading source=&#8221;post_title&#8221; font_container=&#8221;tag:h2|font_size:36px|text_align:center|color:%23000000|line_height:40px&#8221; google_fonts=&#8221;font_family:Open%20Sans%3A300%2C300italic%2Cregular%2Citalic%2C600%2C600italic%2C700%2C700italic%2C800%2C800italic|font_style:300%20light%20regular%3A300%3Anormal&#8221;][vc_single_image image=&#8221;4272&#8243; img_size=&#8221;full&#8221; alignment=&#8221;center&#8221; animation=&#8221;rda_fadeIn&#8221;][vc_column_text] RISK XXI Formaci\u00f3\u00a0proposa\u00a0una molt \u00e0mplia\u00a0oferta formativa. Totes les categories i tots els sectors d&#8217;activitat. M\u00e9s enll\u00e0 de la formaci\u00f3 en Prevenci\u00f3 de Riscos Laborals, oferim cursos, tallers\/workshop, seminaris i accions formatives a mida.\u00a0 Ja sigui en modalitat\u00a0PRESENCIAL\u00a0o be \u00a0\u201cON LINE\u201d.Llegir m\u00e9s","og_url":"https:\/\/www.risk21.com\/ca\/risk-xxi-formacion\/","og_site_name":"Risk XXI","article_modified_time":"2018-03-01T11:47:18+00:00","og_image":[{"url":"https:\/\/www.risk21.com\/wp-content\/uploads\/2016\/03\/Logo-FUNDAE.png","type":"","width":"","height":""}],"twitter_card":"summary_large_image","twitter_misc":{"Temps estimat de lectura":"2 minuts"},"schema":{"@context":"https:\/\/schema.org","@graph":[{"@type":"WebPage","@id":"https:\/\/www.risk21.com\/ca\/risk-xxi-formacion\/","url":"https:\/\/www.risk21.com\/ca\/risk-xxi-formacion\/","name":"RISK XXI Formaci\u00f3 - Risk XXI","isPartOf":{"@id":"https:\/\/www.risk21.com\/#website"},"primaryImageOfPage":{"@id":"https:\/\/www.risk21.com\/ca\/risk-xxi-formacion\/#primaryimage"},"image":{"@id":"https:\/\/www.risk21.com\/ca\/risk-xxi-formacion\/#primaryimage"},"thumbnailUrl":"https:\/\/www.risk21.com\/wp-content\/uploads\/2016\/03\/Logo-FUNDAE.png","datePublished":"2016-03-08T08:06:21+00:00","dateModified":"2018-03-01T11:47:18+00:00","breadcrumb":{"@id":"https:\/\/www.risk21.com\/ca\/risk-xxi-formacion\/#breadcrumb"},"inLanguage":"ca","potentialAction":[{"@type":"ReadAction","target":["https:\/\/www.risk21.com\/ca\/risk-xxi-formacion\/"]}]},{"@type":"ImageObject","inLanguage":"ca","@id":"https:\/\/www.risk21.com\/ca\/risk-xxi-formacion\/#primaryimage","url":"https:\/\/www.risk21.com\/wp-content\/uploads\/2016\/03\/Logo-FUNDAE.png","contentUrl":"https:\/\/www.risk21.com\/wp-content\/uploads\/2016\/03\/Logo-FUNDAE.png"},{"@type":"BreadcrumbList","@id":"https:\/\/www.risk21.com\/ca\/risk-xxi-formacion\/#breadcrumb","itemListElement":[{"@type":"ListItem","position":1,"name":"Portada","item":"https:\/\/www.risk21.com\/ca\/"},{"@type":"ListItem","position":2,"name":"RISK XXI Formaci\u00f3"}]},{"@type":"WebSite","@id":"https:\/\/www.risk21.com\/#website","url":"https:\/\/www.risk21.com\/","name":"Risk XXI","description":"Prl &amp; Services","potentialAction":[{"@type":"SearchAction","target":{"@type":"EntryPoint","urlTemplate":"https:\/\/www.risk21.com\/?s={search_term_string}"},"query-input":{"@type":"PropertyValueSpecification","valueRequired":true,"valueName":"search_term_string"}}],"inLanguage":"ca"}]}},"_links":{"self":[{"href":"https:\/\/www.risk21.com\/ca\/wp-json\/wp\/v2\/pages\/5032","targetHints":{"allow":["GET"]}}],"collection":[{"href":"https:\/\/www.risk21.com\/ca\/wp-json\/wp\/v2\/pages"}],"about":[{"href":"https:\/\/www.risk21.com\/ca\/wp-json\/wp\/v2\/types\/page"}],"author":[{"embeddable":true,"href":"https:\/\/www.risk21.com\/ca\/wp-json\/wp\/v2\/users\/1"}],"replies":[{"embeddable":true,"href":"https:\/\/www.risk21.com\/ca\/wp-json\/wp\/v2\/comments?post=5032"}],"version-history":[{"count":4,"href":"https:\/\/www.risk21.com\/ca\/wp-json\/wp\/v2\/pages\/5032\/revisions"}],"predecessor-version":[{"id":7619,"href":"https:\/\/www.risk21.com\/ca\/wp-json\/wp\/v2\/pages\/5032\/revisions\/7619"}],"wp:attachment":[{"href":"https:\/\/www.risk21.com\/ca\/wp-json\/wp\/v2\/media?parent=5032"}],"curies":[{"name":"wp","href":"https:\/\/api.w.org\/{rel}","templated":true}]}}