{"id":5028,"date":"2016-03-02T12:00:27","date_gmt":"2016-03-02T12:00:27","guid":{"rendered":"http:\/\/www.risk21.com\/ca\/quienes-somos-risk21\/"},"modified":"2025-09-14T15:36:25","modified_gmt":"2025-09-14T15:36:25","slug":"quienes-somos-risk21","status":"publish","type":"page","link":"https:\/\/www.risk21.com\/ca\/quienes-somos-risk21\/","title":{"rendered":"Qui som?"},"content":{"rendered":"<div class=\"wpb-content-wrapper\"><p>[vc_row css=&#8221;.vc_custom_1456920649253{margin-bottom: 0px !important;}&#8221;][vc_column css=&#8221;.vc_custom_1456763475711{margin-top: -50px !important;}&#8221;][vc_empty_space height=&#8221;60px&#8221;][vc_custom_heading source=&#8221;post_title&#8221; font_container=&#8221;tag:h2|font_size:36px|text_align:center|color:%23000000|line_height:40px&#8221; google_fonts=&#8221;font_family:Open%20Sans%3A300%2C300italic%2Cregular%2Citalic%2C600%2C600italic%2C700%2C700italic%2C800%2C800italic|font_style:300%20light%20regular%3A300%3Anormal&#8221;]<style type=\"text\/css\" >#l_dxg8cdjyfisagyfzjd8s{width:100px;}#l_dxg8cdjyfisagyfzjd8s.sc_line ,#l_dxg8cdjyfisagyfzjd8s .sc_line { height:1px; background: #ff9900; background: -moz-linear-gradient(90deg, #ff9900 0%, #fab956 100%); background: -webkit-gradient(linear, left top, right bottom, color-stop(0%,#ff9900), color-stop(100%,#fab956)); background: -webkit-linear-gradient(90deg, #ff9900 0%,#fab956 100%); background: -o-linear-gradient(90deg, #ff9900 0%,#fab956 100%); background: -ms-linear-gradient(90deg, #ff9900 0%,#fab956 100%); background: linear-gradient(90deg, #ff9900 0%,#fab956 100%);}#l_dxg8cdjyfisagyfzjd8s.sc_line ,#l_dxg8cdjyfisagyfzjd8s .sc_line{margin-left:auto!important; margin-right:auto!important;}#l_dxg8cdjyfisagyfzjd8s {margin:0px 0 20px 0; padding:0;}<\/style><div class=\"clearfix\"><\/div><div id=\"l_dxg8cdjyfisagyfzjd8s\"  class=\"sc_line rd_line_normal\" ><\/div>[vc_single_image image=&#8221;4249&#8243; img_size=&#8221;full&#8221; alignment=&#8221;center&#8221; animation=&#8221;rda_fadeIn&#8221;][vc_column_text]<strong>RISK XXI \u2013 Prl &amp; Services<\/strong><\/p>\n<p>Som una empresa de serveis. Integrada per un potent equip de t\u00e8cnics i sanitaris especialistes en els diferents camps de la Prevenci\u00f3 de Riscos Laborals. Treballem en equip i ho fem de manera interdisciplin\u00e0ria.<\/p>\n<p>Estem acreditats per l&#8217;autoritat laboral per actuar com a <strong>Servei de Prevenci\u00f3 Ali\u00e8 (SPA)<\/strong> conforme a la legislaci\u00f3 espanyola amb el nombre SP 038 B <a href=\"https:\/\/www.boe.es\/diario_boe\/txt.php?id=BOE-A-1995-24292\" target=\"_blank\" rel=\"noopener noreferrer\"><strong>(Llei 31\/1995 de Prevenci\u00f3 de Riscos Laborals)<\/strong><\/a>.<\/p>\n<p>Com indica el propi nom, <strong>RISK XXI \u2013 Prl &amp; Services<\/strong>, la nostra vocaci\u00f3 va molt m\u00e9s all\u00e0 de la Prevenci\u00f3 de Riscos Laborals. Volem i oferim <strong>SERVEIS DIVERSOS<\/strong> per donar resposta a les demandes i necessitats dels nostres clients.<\/p>\n<ul>\n<li>APORTEM COBERTURA LEGAL.<\/li>\n<li>MILLOREM LA IMPLANTACI\u00d3 DE LA PREVENCI\u00d3 EN LES NOSTRES EMPRESES CLIENT.<\/li>\n<li>SOLUCIONEM PROBLEMES DE MANERA EFECTIVA.<\/li>\n<li>ESCOLTEM, ANALITZEM I PROPOSEM.<\/li>\n<\/ul>\n<p>El nostre equip intern es recicla cont\u00ednuament per estar al dia de totes les novetats legals i t\u00e8cniques que afecten a la PRL. Disposem a m\u00e9s d&#8217;una xarxa professional de t\u00e8cnics i col\u00b7laboradors experimentats per donar la millor resposta a problem\u00e0tiques greus especials (judicis per sinistralitat laboral, inspeccions de treball, Peritatges t\u00e8cnics, Dict\u00e0mens, Informes, etc\u2026).<\/p>\n<p><a href=\"mailto:mail@risk21.com\" target=\"_blank\" rel=\"noopener noreferrer\"><strong>Consulti&#8217;ns<\/strong>,<\/a> segur que des de <strong>RISK XXI \u2013 Prl &amp; Services<\/strong> podem proposar una soluci\u00f3 a les seves inquietuds i necessitats.[\/vc_column_text]<style type=\"text\/css\" >#b_e0pm6xsvb5e29jn7h8zo a{color:; background:; border-style:solid; border-color:; margin-top:0px; margin-bottom:0px;  margin-left:0px; margin-right:0px; font-weight:900; border-radius:0px;}#b_e0pm6xsvb5e29jn7h8zo a:hover{color: ; background: ; border-color:;}<\/style><div class=\"ta_center tf_btn_pos\" id=\"b_e0pm6xsvb5e29jn7h8zo\" ><a class=\"rd_stroke_bt medium_rd_bt border_1px  bt_icon_left   \" href=\"https:\/\/issuu.com\/riskxxi\/docs\/--riskxxi-cat_leg_cat?backgroundColor=\" target=\"yes\"   ><i class=\"zm-bookmark-2\" ><\/i><span>Veure Cat\u00e0leg<\/span><\/a><\/div><style type='text\/css'> @font-face{font-family: 'zm'; src:url('https:\/\/www.risk21.com\/wp-content\/themes\/thefox\/includes\/4k-icons\/icons\/4k-icons-pack05\/icons\/fonts\/zm.eot'); src:url('https:\/\/www.risk21.com\/wp-content\/themes\/thefox\/includes\/4k-icons\/icons\/4k-icons-pack05\/icons\/fonts\/zm.eot?#iefix') format('embedded-opentype'), url('https:\/\/www.risk21.com\/wp-content\/themes\/thefox\/includes\/4k-icons\/icons\/4k-icons-pack05\/icons\/fonts\/zm.woff') format('woff'), url('https:\/\/www.risk21.com\/wp-content\/themes\/thefox\/includes\/4k-icons\/icons\/4k-icons-pack05\/icons\/fonts\/zm.ttf') format('truetype'), url('https:\/\/www.risk21.com\/wp-content\/themes\/thefox\/includes\/4k-icons\/icons\/4k-icons-pack05\/icons\/fonts\/zm.svg#oi') format('svg'); font-weight: normal; font-style: normal;}#b_e0pm6xsvb5e29jn7h8zo .zm-bookmark-2:before{font-family: 'zm'; font-weight: normal; font-style: normal;}#b_e0pm6xsvb5e29jn7h8zo .zm-bookmark-2:before{content: \"\\e04d\";}<\/style>\n[\/vc_column][\/vc_row]<\/p>\n<\/div>","protected":false},"excerpt":{"rendered":"<p>[vc_row css=&#8221;.vc_custom_1456920649253{margin-bottom: 0px !important;}&#8221;][vc_column css=&#8221;.vc_custom_1456763475711{margin-top: -50px !important;}&#8221;][vc_empty_space height=&#8221;60px&#8221;][vc_custom_heading source=&#8221;post_title&#8221; font_container=&#8221;tag:h2|font_size:36px|text_align:center|color:%23000000|line_height:40px&#8221; google_fonts=&#8221;font_family:Open%20Sans%3A300%2C300italic%2Cregular%2Citalic%2C600%2C600italic%2C700%2C700italic%2C800%2C800italic|font_style:300%20light%20regular%3A300%3Anormal&#8221;][vc_single_image image=&#8221;4249&#8243; img_size=&#8221;full&#8221; alignment=&#8221;center&#8221; animation=&#8221;rda_fadeIn&#8221;][vc_column_text]RISK XXI \u2013 Prl &amp; Services Som una empresa de serveis. Integrada per un potent equip de t\u00e8cnics i sanitaris especialistes en els diferents camps de la Prevenci\u00f3 de Riscos Laborals. Treballem en equip i ho fem de manera interdisciplin\u00e0ria. Estem<br \/><a href=\"https:\/\/www.risk21.com\/ca\/quienes-somos-risk21\/\" class=\"more\">Llegir m\u00e9s<\/a><\/p>\n","protected":false},"author":1,"featured_media":0,"parent":0,"menu_order":0,"comment_status":"closed","ping_status":"closed","template":"","meta":{"footnotes":""},"class_list":["post-5028","page","type-page","status-publish","hentry"],"yoast_head":"<!-- This site is optimized with the Yoast SEO plugin v25.3.1 - https:\/\/yoast.com\/wordpress\/plugins\/seo\/ -->\n<title>Qui som? - Risk XXI<\/title>\n<meta name=\"robots\" content=\"index, follow, max-snippet:-1, max-image-preview:large, max-video-preview:-1\" \/>\n<link rel=\"canonical\" href=\"https:\/\/www.risk21.com\/ca\/quienes-somos-risk21\/\" \/>\n<meta property=\"og:locale\" content=\"ca_ES\" \/>\n<meta property=\"og:type\" content=\"article\" \/>\n<meta property=\"og:title\" content=\"Qui som? - Risk XXI\" \/>\n<meta property=\"og:description\" content=\"[vc_row css=&#8221;.vc_custom_1456920649253{margin-bottom: 0px !important;}&#8221;][vc_column css=&#8221;.vc_custom_1456763475711{margin-top: -50px !important;}&#8221;][vc_empty_space height=&#8221;60px&#8221;][vc_custom_heading source=&#8221;post_title&#8221; font_container=&#8221;tag:h2|font_size:36px|text_align:center|color:%23000000|line_height:40px&#8221; google_fonts=&#8221;font_family:Open%20Sans%3A300%2C300italic%2Cregular%2Citalic%2C600%2C600italic%2C700%2C700italic%2C800%2C800italic|font_style:300%20light%20regular%3A300%3Anormal&#8221;][vc_single_image image=&#8221;4249&#8243; img_size=&#8221;full&#8221; alignment=&#8221;center&#8221; animation=&#8221;rda_fadeIn&#8221;][vc_column_text]RISK XXI \u2013 Prl &amp; Services Som una empresa de serveis. Integrada per un potent equip de t\u00e8cnics i sanitaris especialistes en els diferents camps de la Prevenci\u00f3 de Riscos Laborals. Treballem en equip i ho fem de manera interdisciplin\u00e0ria. EstemLlegir m\u00e9s\" \/>\n<meta property=\"og:url\" content=\"https:\/\/www.risk21.com\/ca\/quienes-somos-risk21\/\" \/>\n<meta property=\"og:site_name\" content=\"Risk XXI\" \/>\n<meta property=\"article:modified_time\" content=\"2025-09-14T15:36:25+00:00\" \/>\n<meta name=\"twitter:card\" content=\"summary_large_image\" \/>\n<meta name=\"twitter:label1\" content=\"Temps estimat de lectura\" \/>\n\t<meta name=\"twitter:data1\" content=\"2 minuts\" \/>\n<script type=\"application\/ld+json\" class=\"yoast-schema-graph\">{\"@context\":\"https:\/\/schema.org\",\"@graph\":[{\"@type\":\"WebPage\",\"@id\":\"https:\/\/www.risk21.com\/ca\/quienes-somos-risk21\/\",\"url\":\"https:\/\/www.risk21.com\/ca\/quienes-somos-risk21\/\",\"name\":\"Qui som? - Risk XXI\",\"isPartOf\":{\"@id\":\"https:\/\/www.risk21.com\/#website\"},\"datePublished\":\"2016-03-02T12:00:27+00:00\",\"dateModified\":\"2025-09-14T15:36:25+00:00\",\"breadcrumb\":{\"@id\":\"https:\/\/www.risk21.com\/ca\/quienes-somos-risk21\/#breadcrumb\"},\"inLanguage\":\"ca\",\"potentialAction\":[{\"@type\":\"ReadAction\",\"target\":[\"https:\/\/www.risk21.com\/ca\/quienes-somos-risk21\/\"]}]},{\"@type\":\"BreadcrumbList\",\"@id\":\"https:\/\/www.risk21.com\/ca\/quienes-somos-risk21\/#breadcrumb\",\"itemListElement\":[{\"@type\":\"ListItem\",\"position\":1,\"name\":\"Portada\",\"item\":\"https:\/\/www.risk21.com\/ca\/\"},{\"@type\":\"ListItem\",\"position\":2,\"name\":\"Qui som?\"}]},{\"@type\":\"WebSite\",\"@id\":\"https:\/\/www.risk21.com\/#website\",\"url\":\"https:\/\/www.risk21.com\/\",\"name\":\"Risk XXI\",\"description\":\"Prl &amp; Services\",\"potentialAction\":[{\"@type\":\"SearchAction\",\"target\":{\"@type\":\"EntryPoint\",\"urlTemplate\":\"https:\/\/www.risk21.com\/?s={search_term_string}\"},\"query-input\":{\"@type\":\"PropertyValueSpecification\",\"valueRequired\":true,\"valueName\":\"search_term_string\"}}],\"inLanguage\":\"ca\"}]}<\/script>\n<!-- \/ Yoast SEO plugin. -->","yoast_head_json":{"title":"Qui som? - Risk XXI","robots":{"index":"index","follow":"follow","max-snippet":"max-snippet:-1","max-image-preview":"max-image-preview:large","max-video-preview":"max-video-preview:-1"},"canonical":"https:\/\/www.risk21.com\/ca\/quienes-somos-risk21\/","og_locale":"ca_ES","og_type":"article","og_title":"Qui som? - Risk XXI","og_description":"[vc_row css=&#8221;.vc_custom_1456920649253{margin-bottom: 0px !important;}&#8221;][vc_column css=&#8221;.vc_custom_1456763475711{margin-top: -50px !important;}&#8221;][vc_empty_space height=&#8221;60px&#8221;][vc_custom_heading source=&#8221;post_title&#8221; font_container=&#8221;tag:h2|font_size:36px|text_align:center|color:%23000000|line_height:40px&#8221; google_fonts=&#8221;font_family:Open%20Sans%3A300%2C300italic%2Cregular%2Citalic%2C600%2C600italic%2C700%2C700italic%2C800%2C800italic|font_style:300%20light%20regular%3A300%3Anormal&#8221;][vc_single_image image=&#8221;4249&#8243; img_size=&#8221;full&#8221; alignment=&#8221;center&#8221; animation=&#8221;rda_fadeIn&#8221;][vc_column_text]RISK XXI \u2013 Prl &amp; Services Som una empresa de serveis. Integrada per un potent equip de t\u00e8cnics i sanitaris especialistes en els diferents camps de la Prevenci\u00f3 de Riscos Laborals. Treballem en equip i ho fem de manera interdisciplin\u00e0ria. EstemLlegir m\u00e9s","og_url":"https:\/\/www.risk21.com\/ca\/quienes-somos-risk21\/","og_site_name":"Risk XXI","article_modified_time":"2025-09-14T15:36:25+00:00","twitter_card":"summary_large_image","twitter_misc":{"Temps estimat de lectura":"2 minuts"},"schema":{"@context":"https:\/\/schema.org","@graph":[{"@type":"WebPage","@id":"https:\/\/www.risk21.com\/ca\/quienes-somos-risk21\/","url":"https:\/\/www.risk21.com\/ca\/quienes-somos-risk21\/","name":"Qui som? - Risk XXI","isPartOf":{"@id":"https:\/\/www.risk21.com\/#website"},"datePublished":"2016-03-02T12:00:27+00:00","dateModified":"2025-09-14T15:36:25+00:00","breadcrumb":{"@id":"https:\/\/www.risk21.com\/ca\/quienes-somos-risk21\/#breadcrumb"},"inLanguage":"ca","potentialAction":[{"@type":"ReadAction","target":["https:\/\/www.risk21.com\/ca\/quienes-somos-risk21\/"]}]},{"@type":"BreadcrumbList","@id":"https:\/\/www.risk21.com\/ca\/quienes-somos-risk21\/#breadcrumb","itemListElement":[{"@type":"ListItem","position":1,"name":"Portada","item":"https:\/\/www.risk21.com\/ca\/"},{"@type":"ListItem","position":2,"name":"Qui som?"}]},{"@type":"WebSite","@id":"https:\/\/www.risk21.com\/#website","url":"https:\/\/www.risk21.com\/","name":"Risk XXI","description":"Prl &amp; Services","potentialAction":[{"@type":"SearchAction","target":{"@type":"EntryPoint","urlTemplate":"https:\/\/www.risk21.com\/?s={search_term_string}"},"query-input":{"@type":"PropertyValueSpecification","valueRequired":true,"valueName":"search_term_string"}}],"inLanguage":"ca"}]}},"_links":{"self":[{"href":"https:\/\/www.risk21.com\/ca\/wp-json\/wp\/v2\/pages\/5028","targetHints":{"allow":["GET"]}}],"collection":[{"href":"https:\/\/www.risk21.com\/ca\/wp-json\/wp\/v2\/pages"}],"about":[{"href":"https:\/\/www.risk21.com\/ca\/wp-json\/wp\/v2\/types\/page"}],"author":[{"embeddable":true,"href":"https:\/\/www.risk21.com\/ca\/wp-json\/wp\/v2\/users\/1"}],"replies":[{"embeddable":true,"href":"https:\/\/www.risk21.com\/ca\/wp-json\/wp\/v2\/comments?post=5028"}],"version-history":[{"count":3,"href":"https:\/\/www.risk21.com\/ca\/wp-json\/wp\/v2\/pages\/5028\/revisions"}],"predecessor-version":[{"id":12317,"href":"https:\/\/www.risk21.com\/ca\/wp-json\/wp\/v2\/pages\/5028\/revisions\/12317"}],"wp:attachment":[{"href":"https:\/\/www.risk21.com\/ca\/wp-json\/wp\/v2\/media?parent=5028"}],"curies":[{"name":"wp","href":"https:\/\/api.w.org\/{rel}","templated":true}]}}