{"id":12269,"date":"2025-03-18T10:20:18","date_gmt":"2025-03-18T10:20:18","guid":{"rendered":"https:\/\/www.risk21.com\/?page_id=12269"},"modified":"2025-03-18T14:24:45","modified_gmt":"2025-03-18T14:24:45","slug":"filedoc","status":"publish","type":"page","link":"https:\/\/www.risk21.com\/ca\/filedoc\/","title":{"rendered":"File&#038;Doc"},"content":{"rendered":"<div class=\"wpb-content-wrapper\"><p>[vc_row css=&#8221;.vc_custom_1742292884391{padding-top: 4% !important;}&#8221;][vc_column][vc_column_text]<\/p>\n<h1 style=\"text-align: center;\">File&amp;Doc<\/h1>\n<p>[\/vc_column_text][vc_row_inner][vc_column_inner width=&#8221;1\/2&#8243;][vc_single_image image=&#8221;12289&#8243; img_size=&#8221;full&#8221; alignment=&#8221;center&#8221; onclick=&#8221;custom_link&#8221; img_link_target=&#8221;_blank&#8221; hover_effect=&#8221;img_reduce_opacity&#8221; link=&#8221;https:\/\/acceso.risk21.com:8580&#8243;][vc_column_text]<\/p>\n<h2 style=\"text-align: center;\"><strong>New<br \/>\nFile&amp;Doc &#8211; V2025<\/strong><\/h2>\n<p>[\/vc_column_text]<style type=\"text\/css\" >#b_xgdjod0jb0dk8gjxgsoq a{color:#ffffff; background:#ff881e; margin-top:0px; margin-bottom:0px;  margin-left:0px; margin-right:0px; font-weight:900; border-radius:0px;}#b_xgdjod0jb0dk8gjxgsoq a:hover{color:#ffffff ; background:#f85f13 ;}<\/style><div class=\"ta_center tf_btn_pos\" id=\"b_xgdjod0jb0dk8gjxgsoq\" ><a class=\"rd_normal_bt medium_rd_bt  \" href=\"https:\/\/acceso.risk21.com:8580\/\" target=\"yes\"   >Accedir<\/a><\/div>[\/vc_column_inner][vc_column_inner width=&#8221;1\/2&#8243;][vc_single_image image=&#8221;12292&#8243; img_size=&#8221;full&#8221; alignment=&#8221;center&#8221; onclick=&#8221;custom_link&#8221; img_link_target=&#8221;_blank&#8221; hover_effect=&#8221;img_reduce_opacity&#8221; link=&#8221;https:\/\/acceso.risk21.com\/Login.aspx&#8221;][vc_column_text]<\/p>\n<h2 style=\"text-align: center;\"><strong>File&amp;Doc<\/strong><\/h2>\n<p style=\"text-align: center;\"><strong>Hist\u00f2ric documental (Anterior 2025)<\/strong><\/p>\n<p>[\/vc_column_text]<style type=\"text\/css\" >#b_iuvtk533fpgdbip043p8 a{color:#ffffff; background:#ff881e; margin-top:0px; margin-bottom:0px;  margin-left:0px; margin-right:0px; font-weight:900; border-radius:0px;}#b_iuvtk533fpgdbip043p8 a:hover{color:#ffffff ; background:#f85f13 ;}<\/style><div class=\"ta_center tf_btn_pos\" id=\"b_iuvtk533fpgdbip043p8\" ><a class=\"rd_normal_bt medium_rd_bt  \" href=\"https:\/\/acceso.risk21.com\/Login.aspx\" target=\"yes\"   >Accedir<\/a><\/div>[\/vc_column_inner][\/vc_row_inner][\/vc_column][\/vc_row][vc_row][vc_column][vc_column_text]<\/p>\n<p style=\"text-align: center;\"><em>Benvolgut\/da client\/a: Estem en proc\u00e9s de canvi de la nostra plataforma d&#8217;acc\u00e9s web File&amp;Doc. Durant uns mesos conviuran les 2 versions, possiblement ambdues contindran informaci\u00f3\/documentaci\u00f3 del seu inter\u00e8s. Disculpi les inconveni\u00e8ncies i gr\u00e0cies per la seva comprensi\u00f3.<\/em><\/p>\n<p>[\/vc_column_text][\/vc_column][\/vc_row]<\/p>\n<\/div>","protected":false},"excerpt":{"rendered":"<p>[vc_row css=&#8221;.vc_custom_1742292884391{padding-top: 4% !important;}&#8221;][vc_column][vc_column_text] File&amp;Doc [\/vc_column_text][vc_row_inner][vc_column_inner width=&#8221;1\/2&#8243;][vc_single_image image=&#8221;12289&#8243; img_size=&#8221;full&#8221; alignment=&#8221;center&#8221; onclick=&#8221;custom_link&#8221; img_link_target=&#8221;_blank&#8221; hover_effect=&#8221;img_reduce_opacity&#8221; link=&#8221;https:\/\/acceso.risk21.com:8580&#8243;][vc_column_text] New File&amp;Doc &#8211; V2025 [\/vc_column_text]Accedir[\/vc_column_inner][vc_column_inner width=&#8221;1\/2&#8243;][vc_single_image image=&#8221;12292&#8243; img_size=&#8221;full&#8221; alignment=&#8221;center&#8221; onclick=&#8221;custom_link&#8221; img_link_target=&#8221;_blank&#8221; hover_effect=&#8221;img_reduce_opacity&#8221; link=&#8221;https:\/\/acceso.risk21.com\/Login.aspx&#8221;][vc_column_text] File&amp;Doc Hist\u00f2ric documental (Anterior 2025) [\/vc_column_text]Accedir[\/vc_column_inner][\/vc_row_inner][\/vc_column][\/vc_row][vc_row][vc_column][vc_column_text] Benvolgut\/da client\/a: Estem en proc\u00e9s de canvi de la nostra plataforma d&#8217;acc\u00e9s web File&amp;Doc. Durant uns mesos conviuran les 2 versions, possiblement<br \/><a href=\"https:\/\/www.risk21.com\/ca\/filedoc\/\" class=\"more\">Llegir m\u00e9s<\/a><\/p>\n","protected":false},"author":1,"featured_media":0,"parent":0,"menu_order":0,"comment_status":"closed","ping_status":"closed","template":"","meta":{"footnotes":""},"class_list":["post-12269","page","type-page","status-publish","hentry"],"yoast_head":"<!-- This site is optimized with the Yoast SEO plugin v25.3.1 - https:\/\/yoast.com\/wordpress\/plugins\/seo\/ -->\n<title>File&amp;Doc - Risk XXI<\/title>\n<meta name=\"robots\" content=\"index, follow, max-snippet:-1, max-image-preview:large, max-video-preview:-1\" \/>\n<link rel=\"canonical\" href=\"https:\/\/www.risk21.com\/ca\/filedoc\/\" \/>\n<meta property=\"og:locale\" content=\"ca_ES\" \/>\n<meta property=\"og:type\" content=\"article\" \/>\n<meta property=\"og:title\" content=\"File&amp;Doc - Risk XXI\" \/>\n<meta property=\"og:description\" content=\"[vc_row css=&#8221;.vc_custom_1742292884391{padding-top: 4% !important;}&#8221;][vc_column][vc_column_text] File&amp;Doc [\/vc_column_text][vc_row_inner][vc_column_inner width=&#8221;1\/2&#8243;][vc_single_image image=&#8221;12289&#8243; img_size=&#8221;full&#8221; alignment=&#8221;center&#8221; onclick=&#8221;custom_link&#8221; img_link_target=&#8221;_blank&#8221; hover_effect=&#8221;img_reduce_opacity&#8221; link=&#8221;https:\/\/acceso.risk21.com:8580&#8243;][vc_column_text] New File&amp;Doc &#8211; V2025 [\/vc_column_text]Accedir[\/vc_column_inner][vc_column_inner width=&#8221;1\/2&#8243;][vc_single_image image=&#8221;12292&#8243; img_size=&#8221;full&#8221; alignment=&#8221;center&#8221; onclick=&#8221;custom_link&#8221; img_link_target=&#8221;_blank&#8221; hover_effect=&#8221;img_reduce_opacity&#8221; link=&#8221;https:\/\/acceso.risk21.com\/Login.aspx&#8221;][vc_column_text] File&amp;Doc Hist\u00f2ric documental (Anterior 2025) [\/vc_column_text]Accedir[\/vc_column_inner][\/vc_row_inner][\/vc_column][\/vc_row][vc_row][vc_column][vc_column_text] Benvolgut\/da client\/a: Estem en proc\u00e9s de canvi de la nostra plataforma d&#8217;acc\u00e9s web File&amp;Doc. Durant uns mesos conviuran les 2 versions, possiblementLlegir m\u00e9s\" \/>\n<meta property=\"og:url\" content=\"https:\/\/www.risk21.com\/ca\/filedoc\/\" \/>\n<meta property=\"og:site_name\" content=\"Risk XXI\" \/>\n<meta property=\"article:modified_time\" content=\"2025-03-18T14:24:45+00:00\" \/>\n<meta name=\"twitter:card\" content=\"summary_large_image\" \/>\n<meta name=\"twitter:label1\" content=\"Temps estimat de lectura\" \/>\n\t<meta name=\"twitter:data1\" content=\"1 minut\" \/>\n<script type=\"application\/ld+json\" class=\"yoast-schema-graph\">{\"@context\":\"https:\/\/schema.org\",\"@graph\":[{\"@type\":\"WebPage\",\"@id\":\"https:\/\/www.risk21.com\/ca\/filedoc\/\",\"url\":\"https:\/\/www.risk21.com\/ca\/filedoc\/\",\"name\":\"File&Doc - Risk XXI\",\"isPartOf\":{\"@id\":\"https:\/\/www.risk21.com\/#website\"},\"datePublished\":\"2025-03-18T10:20:18+00:00\",\"dateModified\":\"2025-03-18T14:24:45+00:00\",\"breadcrumb\":{\"@id\":\"https:\/\/www.risk21.com\/ca\/filedoc\/#breadcrumb\"},\"inLanguage\":\"ca\",\"potentialAction\":[{\"@type\":\"ReadAction\",\"target\":[\"https:\/\/www.risk21.com\/ca\/filedoc\/\"]}]},{\"@type\":\"BreadcrumbList\",\"@id\":\"https:\/\/www.risk21.com\/ca\/filedoc\/#breadcrumb\",\"itemListElement\":[{\"@type\":\"ListItem\",\"position\":1,\"name\":\"Portada\",\"item\":\"https:\/\/www.risk21.com\/ca\/\"},{\"@type\":\"ListItem\",\"position\":2,\"name\":\"File&#038;Doc\"}]},{\"@type\":\"WebSite\",\"@id\":\"https:\/\/www.risk21.com\/#website\",\"url\":\"https:\/\/www.risk21.com\/\",\"name\":\"Risk XXI\",\"description\":\"Prl &amp; Services\",\"potentialAction\":[{\"@type\":\"SearchAction\",\"target\":{\"@type\":\"EntryPoint\",\"urlTemplate\":\"https:\/\/www.risk21.com\/?s={search_term_string}\"},\"query-input\":{\"@type\":\"PropertyValueSpecification\",\"valueRequired\":true,\"valueName\":\"search_term_string\"}}],\"inLanguage\":\"ca\"}]}<\/script>\n<!-- \/ Yoast SEO plugin. -->","yoast_head_json":{"title":"File&Doc - Risk XXI","robots":{"index":"index","follow":"follow","max-snippet":"max-snippet:-1","max-image-preview":"max-image-preview:large","max-video-preview":"max-video-preview:-1"},"canonical":"https:\/\/www.risk21.com\/ca\/filedoc\/","og_locale":"ca_ES","og_type":"article","og_title":"File&Doc - Risk XXI","og_description":"[vc_row css=&#8221;.vc_custom_1742292884391{padding-top: 4% !important;}&#8221;][vc_column][vc_column_text] File&amp;Doc [\/vc_column_text][vc_row_inner][vc_column_inner width=&#8221;1\/2&#8243;][vc_single_image image=&#8221;12289&#8243; img_size=&#8221;full&#8221; alignment=&#8221;center&#8221; onclick=&#8221;custom_link&#8221; img_link_target=&#8221;_blank&#8221; hover_effect=&#8221;img_reduce_opacity&#8221; link=&#8221;https:\/\/acceso.risk21.com:8580&#8243;][vc_column_text] New File&amp;Doc &#8211; V2025 [\/vc_column_text]Accedir[\/vc_column_inner][vc_column_inner width=&#8221;1\/2&#8243;][vc_single_image image=&#8221;12292&#8243; img_size=&#8221;full&#8221; alignment=&#8221;center&#8221; onclick=&#8221;custom_link&#8221; img_link_target=&#8221;_blank&#8221; hover_effect=&#8221;img_reduce_opacity&#8221; link=&#8221;https:\/\/acceso.risk21.com\/Login.aspx&#8221;][vc_column_text] File&amp;Doc Hist\u00f2ric documental (Anterior 2025) [\/vc_column_text]Accedir[\/vc_column_inner][\/vc_row_inner][\/vc_column][\/vc_row][vc_row][vc_column][vc_column_text] Benvolgut\/da client\/a: Estem en proc\u00e9s de canvi de la nostra plataforma d&#8217;acc\u00e9s web File&amp;Doc. Durant uns mesos conviuran les 2 versions, possiblementLlegir m\u00e9s","og_url":"https:\/\/www.risk21.com\/ca\/filedoc\/","og_site_name":"Risk XXI","article_modified_time":"2025-03-18T14:24:45+00:00","twitter_card":"summary_large_image","twitter_misc":{"Temps estimat de lectura":"1 minut"},"schema":{"@context":"https:\/\/schema.org","@graph":[{"@type":"WebPage","@id":"https:\/\/www.risk21.com\/ca\/filedoc\/","url":"https:\/\/www.risk21.com\/ca\/filedoc\/","name":"File&Doc - Risk XXI","isPartOf":{"@id":"https:\/\/www.risk21.com\/#website"},"datePublished":"2025-03-18T10:20:18+00:00","dateModified":"2025-03-18T14:24:45+00:00","breadcrumb":{"@id":"https:\/\/www.risk21.com\/ca\/filedoc\/#breadcrumb"},"inLanguage":"ca","potentialAction":[{"@type":"ReadAction","target":["https:\/\/www.risk21.com\/ca\/filedoc\/"]}]},{"@type":"BreadcrumbList","@id":"https:\/\/www.risk21.com\/ca\/filedoc\/#breadcrumb","itemListElement":[{"@type":"ListItem","position":1,"name":"Portada","item":"https:\/\/www.risk21.com\/ca\/"},{"@type":"ListItem","position":2,"name":"File&#038;Doc"}]},{"@type":"WebSite","@id":"https:\/\/www.risk21.com\/#website","url":"https:\/\/www.risk21.com\/","name":"Risk XXI","description":"Prl &amp; Services","potentialAction":[{"@type":"SearchAction","target":{"@type":"EntryPoint","urlTemplate":"https:\/\/www.risk21.com\/?s={search_term_string}"},"query-input":{"@type":"PropertyValueSpecification","valueRequired":true,"valueName":"search_term_string"}}],"inLanguage":"ca"}]}},"_links":{"self":[{"href":"https:\/\/www.risk21.com\/ca\/wp-json\/wp\/v2\/pages\/12269","targetHints":{"allow":["GET"]}}],"collection":[{"href":"https:\/\/www.risk21.com\/ca\/wp-json\/wp\/v2\/pages"}],"about":[{"href":"https:\/\/www.risk21.com\/ca\/wp-json\/wp\/v2\/types\/page"}],"author":[{"embeddable":true,"href":"https:\/\/www.risk21.com\/ca\/wp-json\/wp\/v2\/users\/1"}],"replies":[{"embeddable":true,"href":"https:\/\/www.risk21.com\/ca\/wp-json\/wp\/v2\/comments?post=12269"}],"version-history":[{"count":9,"href":"https:\/\/www.risk21.com\/ca\/wp-json\/wp\/v2\/pages\/12269\/revisions"}],"predecessor-version":[{"id":12295,"href":"https:\/\/www.risk21.com\/ca\/wp-json\/wp\/v2\/pages\/12269\/revisions\/12295"}],"wp:attachment":[{"href":"https:\/\/www.risk21.com\/ca\/wp-json\/wp\/v2\/media?parent=12269"}],"curies":[{"name":"wp","href":"https:\/\/api.w.org\/{rel}","templated":true}]}}