{"id":10573,"date":"2020-05-05T07:58:20","date_gmt":"2020-05-05T07:58:20","guid":{"rendered":"https:\/\/www.risk21.com\/?page_id=10573"},"modified":"2020-05-05T07:58:20","modified_gmt":"2020-05-05T07:58:20","slug":"especialitzacio-per-sectors","status":"publish","type":"page","link":"https:\/\/www.risk21.com\/ca\/especialitzacio-per-sectors\/","title":{"rendered":"Especialitzaci\u00f3 per sectors"},"content":{"rendered":"<div class=\"wpb-content-wrapper\"><p>[vc_row][vc_column css=&#8221;.vc_custom_1456763475711{margin-top: -50px !important;}&#8221;][vc_empty_space height=&#8221;60px&#8221;][vc_custom_heading source=&#8221;post_title&#8221; font_container=&#8221;tag:h2|font_size:36px|text_align:center|color:%23000000|line_height:40px&#8221; google_fonts=&#8221;font_family:Open%20Sans%3A300%2C300italic%2Cregular%2Citalic%2C600%2C600italic%2C700%2C700italic%2C800%2C800italic|font_style:300%20light%20regular%3A300%3Anormal&#8221;]<style type=\"text\/css\" >#l_mjco0rmamff82ch3hhan{width:100px;}#l_mjco0rmamff82ch3hhan.sc_line ,#l_mjco0rmamff82ch3hhan .sc_line { height:1px; background: #ff9900; background: -moz-linear-gradient(90deg, #ff9900 0%, #fab956 100%); background: -webkit-gradient(linear, left top, right bottom, color-stop(0%,#ff9900), color-stop(100%,#fab956)); background: -webkit-linear-gradient(90deg, #ff9900 0%,#fab956 100%); background: -o-linear-gradient(90deg, #ff9900 0%,#fab956 100%); background: -ms-linear-gradient(90deg, #ff9900 0%,#fab956 100%); background: linear-gradient(90deg, #ff9900 0%,#fab956 100%);}#l_mjco0rmamff82ch3hhan.sc_line ,#l_mjco0rmamff82ch3hhan .sc_line{margin-left:auto!important; margin-right:auto!important;}#l_mjco0rmamff82ch3hhan {margin:0px 0 20px 0; padding:0;}<\/style><div class=\"clearfix\"><\/div><div id=\"l_mjco0rmamff82ch3hhan\"  class=\"sc_line rd_line_normal\" ><\/div>[vc_single_image image=&#8221;10574&#8243; img_size=&#8221;full&#8221; alignment=&#8221;center&#8221; animation=&#8221;rda_fadeIn&#8221;][vc_column_text]A\u00a0RISK XXI &#8211; Prl &amp; Services tamb\u00e9 prestem\u00a0<strong>Serveis especialitzats per als sectors<\/strong>\u00a0:<\/p>\n<p>Audiovisual, Soci-sanitari i resid\u00e8ncies d&#8217;ancians, Ind\u00fastria i tallers auxiliars, Hostaleria i restauraci\u00f3, Construcci\u00f3 i auxiliar, Qu\u00edmic, Farmac\u00e8utic, Alimentaci\u00f3, Facility management, Edificis corporatius i d&#8217;oficines, Serveis generals.\u00a0Consulteu-nos.[\/vc_column_text][\/vc_column][\/vc_row]<\/p>\n<\/div>","protected":false},"excerpt":{"rendered":"<p>[vc_row][vc_column css=&#8221;.vc_custom_1456763475711{margin-top: -50px !important;}&#8221;][vc_empty_space height=&#8221;60px&#8221;][vc_custom_heading source=&#8221;post_title&#8221; font_container=&#8221;tag:h2|font_size:36px|text_align:center|color:%23000000|line_height:40px&#8221; google_fonts=&#8221;font_family:Open%20Sans%3A300%2C300italic%2Cregular%2Citalic%2C600%2C600italic%2C700%2C700italic%2C800%2C800italic|font_style:300%20light%20regular%3A300%3Anormal&#8221;][vc_single_image image=&#8221;10574&#8243; img_size=&#8221;full&#8221; alignment=&#8221;center&#8221; animation=&#8221;rda_fadeIn&#8221;][vc_column_text]A\u00a0RISK XXI &#8211; Prl &amp; Services tamb\u00e9 prestem\u00a0Serveis especialitzats per als sectors\u00a0: Audiovisual, Soci-sanitari i resid\u00e8ncies d&#8217;ancians, Ind\u00fastria i tallers auxiliars, Hostaleria i restauraci\u00f3, Construcci\u00f3 i auxiliar, Qu\u00edmic, Farmac\u00e8utic, Alimentaci\u00f3, Facility management, Edificis corporatius i d&#8217;oficines, Serveis generals.\u00a0Consulteu-nos.[\/vc_column_text][\/vc_column][\/vc_row]<br \/><a href=\"https:\/\/www.risk21.com\/ca\/especialitzacio-per-sectors\/\" class=\"more\">Llegir m\u00e9s<\/a><\/p>\n","protected":false},"author":1,"featured_media":0,"parent":0,"menu_order":0,"comment_status":"closed","ping_status":"closed","template":"","meta":{"footnotes":""},"class_list":["post-10573","page","type-page","status-publish","hentry"],"yoast_head":"<!-- This site is optimized with the Yoast SEO plugin v25.3.1 - https:\/\/yoast.com\/wordpress\/plugins\/seo\/ -->\n<title>Especialitzaci\u00f3 per sectors - Risk XXI<\/title>\n<meta name=\"robots\" content=\"index, follow, max-snippet:-1, max-image-preview:large, max-video-preview:-1\" \/>\n<link rel=\"canonical\" href=\"https:\/\/www.risk21.com\/ca\/especialitzacio-per-sectors\/\" \/>\n<meta property=\"og:locale\" content=\"ca_ES\" \/>\n<meta property=\"og:type\" content=\"article\" \/>\n<meta property=\"og:title\" content=\"Especialitzaci\u00f3 per sectors - Risk XXI\" \/>\n<meta property=\"og:description\" content=\"[vc_row][vc_column css=&#8221;.vc_custom_1456763475711{margin-top: -50px !important;}&#8221;][vc_empty_space height=&#8221;60px&#8221;][vc_custom_heading source=&#8221;post_title&#8221; font_container=&#8221;tag:h2|font_size:36px|text_align:center|color:%23000000|line_height:40px&#8221; google_fonts=&#8221;font_family:Open%20Sans%3A300%2C300italic%2Cregular%2Citalic%2C600%2C600italic%2C700%2C700italic%2C800%2C800italic|font_style:300%20light%20regular%3A300%3Anormal&#8221;][vc_single_image image=&#8221;10574&#8243; img_size=&#8221;full&#8221; alignment=&#8221;center&#8221; animation=&#8221;rda_fadeIn&#8221;][vc_column_text]A\u00a0RISK XXI &#8211; Prl &amp; Services tamb\u00e9 prestem\u00a0Serveis especialitzats per als sectors\u00a0: Audiovisual, Soci-sanitari i resid\u00e8ncies d&#8217;ancians, Ind\u00fastria i tallers auxiliars, Hostaleria i restauraci\u00f3, Construcci\u00f3 i auxiliar, Qu\u00edmic, Farmac\u00e8utic, Alimentaci\u00f3, Facility management, Edificis corporatius i d&#8217;oficines, Serveis generals.\u00a0Consulteu-nos.[\/vc_column_text][\/vc_column][\/vc_row]Llegir m\u00e9s\" \/>\n<meta property=\"og:url\" content=\"https:\/\/www.risk21.com\/ca\/especialitzacio-per-sectors\/\" \/>\n<meta property=\"og:site_name\" content=\"Risk XXI\" \/>\n<meta name=\"twitter:card\" content=\"summary_large_image\" \/>\n<meta name=\"twitter:label1\" content=\"Temps estimat de lectura\" \/>\n\t<meta name=\"twitter:data1\" content=\"1 minut\" \/>\n<script type=\"application\/ld+json\" class=\"yoast-schema-graph\">{\"@context\":\"https:\/\/schema.org\",\"@graph\":[{\"@type\":\"WebPage\",\"@id\":\"https:\/\/www.risk21.com\/ca\/especialitzacio-per-sectors\/\",\"url\":\"https:\/\/www.risk21.com\/ca\/especialitzacio-per-sectors\/\",\"name\":\"Especialitzaci\u00f3 per sectors - Risk XXI\",\"isPartOf\":{\"@id\":\"https:\/\/www.risk21.com\/#website\"},\"datePublished\":\"2020-05-05T07:58:20+00:00\",\"breadcrumb\":{\"@id\":\"https:\/\/www.risk21.com\/ca\/especialitzacio-per-sectors\/#breadcrumb\"},\"inLanguage\":\"ca\",\"potentialAction\":[{\"@type\":\"ReadAction\",\"target\":[\"https:\/\/www.risk21.com\/ca\/especialitzacio-per-sectors\/\"]}]},{\"@type\":\"BreadcrumbList\",\"@id\":\"https:\/\/www.risk21.com\/ca\/especialitzacio-per-sectors\/#breadcrumb\",\"itemListElement\":[{\"@type\":\"ListItem\",\"position\":1,\"name\":\"Portada\",\"item\":\"https:\/\/www.risk21.com\/ca\/\"},{\"@type\":\"ListItem\",\"position\":2,\"name\":\"Especialitzaci\u00f3 per sectors\"}]},{\"@type\":\"WebSite\",\"@id\":\"https:\/\/www.risk21.com\/#website\",\"url\":\"https:\/\/www.risk21.com\/\",\"name\":\"Risk XXI\",\"description\":\"Prl &amp; Services\",\"potentialAction\":[{\"@type\":\"SearchAction\",\"target\":{\"@type\":\"EntryPoint\",\"urlTemplate\":\"https:\/\/www.risk21.com\/?s={search_term_string}\"},\"query-input\":{\"@type\":\"PropertyValueSpecification\",\"valueRequired\":true,\"valueName\":\"search_term_string\"}}],\"inLanguage\":\"ca\"}]}<\/script>\n<!-- \/ Yoast SEO plugin. -->","yoast_head_json":{"title":"Especialitzaci\u00f3 per sectors - Risk XXI","robots":{"index":"index","follow":"follow","max-snippet":"max-snippet:-1","max-image-preview":"max-image-preview:large","max-video-preview":"max-video-preview:-1"},"canonical":"https:\/\/www.risk21.com\/ca\/especialitzacio-per-sectors\/","og_locale":"ca_ES","og_type":"article","og_title":"Especialitzaci\u00f3 per sectors - Risk XXI","og_description":"[vc_row][vc_column css=&#8221;.vc_custom_1456763475711{margin-top: -50px !important;}&#8221;][vc_empty_space height=&#8221;60px&#8221;][vc_custom_heading source=&#8221;post_title&#8221; font_container=&#8221;tag:h2|font_size:36px|text_align:center|color:%23000000|line_height:40px&#8221; google_fonts=&#8221;font_family:Open%20Sans%3A300%2C300italic%2Cregular%2Citalic%2C600%2C600italic%2C700%2C700italic%2C800%2C800italic|font_style:300%20light%20regular%3A300%3Anormal&#8221;][vc_single_image image=&#8221;10574&#8243; img_size=&#8221;full&#8221; alignment=&#8221;center&#8221; animation=&#8221;rda_fadeIn&#8221;][vc_column_text]A\u00a0RISK XXI &#8211; Prl &amp; Services tamb\u00e9 prestem\u00a0Serveis especialitzats per als sectors\u00a0: Audiovisual, Soci-sanitari i resid\u00e8ncies d&#8217;ancians, Ind\u00fastria i tallers auxiliars, Hostaleria i restauraci\u00f3, Construcci\u00f3 i auxiliar, Qu\u00edmic, Farmac\u00e8utic, Alimentaci\u00f3, Facility management, Edificis corporatius i d&#8217;oficines, Serveis generals.\u00a0Consulteu-nos.[\/vc_column_text][\/vc_column][\/vc_row]Llegir m\u00e9s","og_url":"https:\/\/www.risk21.com\/ca\/especialitzacio-per-sectors\/","og_site_name":"Risk XXI","twitter_card":"summary_large_image","twitter_misc":{"Temps estimat de lectura":"1 minut"},"schema":{"@context":"https:\/\/schema.org","@graph":[{"@type":"WebPage","@id":"https:\/\/www.risk21.com\/ca\/especialitzacio-per-sectors\/","url":"https:\/\/www.risk21.com\/ca\/especialitzacio-per-sectors\/","name":"Especialitzaci\u00f3 per sectors - Risk XXI","isPartOf":{"@id":"https:\/\/www.risk21.com\/#website"},"datePublished":"2020-05-05T07:58:20+00:00","breadcrumb":{"@id":"https:\/\/www.risk21.com\/ca\/especialitzacio-per-sectors\/#breadcrumb"},"inLanguage":"ca","potentialAction":[{"@type":"ReadAction","target":["https:\/\/www.risk21.com\/ca\/especialitzacio-per-sectors\/"]}]},{"@type":"BreadcrumbList","@id":"https:\/\/www.risk21.com\/ca\/especialitzacio-per-sectors\/#breadcrumb","itemListElement":[{"@type":"ListItem","position":1,"name":"Portada","item":"https:\/\/www.risk21.com\/ca\/"},{"@type":"ListItem","position":2,"name":"Especialitzaci\u00f3 per sectors"}]},{"@type":"WebSite","@id":"https:\/\/www.risk21.com\/#website","url":"https:\/\/www.risk21.com\/","name":"Risk XXI","description":"Prl &amp; Services","potentialAction":[{"@type":"SearchAction","target":{"@type":"EntryPoint","urlTemplate":"https:\/\/www.risk21.com\/?s={search_term_string}"},"query-input":{"@type":"PropertyValueSpecification","valueRequired":true,"valueName":"search_term_string"}}],"inLanguage":"ca"}]}},"_links":{"self":[{"href":"https:\/\/www.risk21.com\/ca\/wp-json\/wp\/v2\/pages\/10573","targetHints":{"allow":["GET"]}}],"collection":[{"href":"https:\/\/www.risk21.com\/ca\/wp-json\/wp\/v2\/pages"}],"about":[{"href":"https:\/\/www.risk21.com\/ca\/wp-json\/wp\/v2\/types\/page"}],"author":[{"embeddable":true,"href":"https:\/\/www.risk21.com\/ca\/wp-json\/wp\/v2\/users\/1"}],"replies":[{"embeddable":true,"href":"https:\/\/www.risk21.com\/ca\/wp-json\/wp\/v2\/comments?post=10573"}],"version-history":[{"count":2,"href":"https:\/\/www.risk21.com\/ca\/wp-json\/wp\/v2\/pages\/10573\/revisions"}],"predecessor-version":[{"id":10840,"href":"https:\/\/www.risk21.com\/ca\/wp-json\/wp\/v2\/pages\/10573\/revisions\/10840"}],"wp:attachment":[{"href":"https:\/\/www.risk21.com\/ca\/wp-json\/wp\/v2\/media?parent=10573"}],"curies":[{"name":"wp","href":"https:\/\/api.w.org\/{rel}","templated":true}]}}