{"id":10519,"date":"2020-05-05T08:49:28","date_gmt":"2020-05-05T08:49:28","guid":{"rendered":"https:\/\/www.risk21.com\/?page_id=10519"},"modified":"2020-05-05T08:49:28","modified_gmt":"2020-05-05T08:49:28","slug":"risk-xxi-prl-services-spa-boutique","status":"publish","type":"page","link":"https:\/\/www.risk21.com\/ca\/risk-xxi-prl-services-spa-boutique\/","title":{"rendered":"RISK XXI \u2013 Prl &#038; Services \/ SPA BOUTIQUE"},"content":{"rendered":"<div class=\"wpb-content-wrapper\"><p>[vc_row][vc_column css=&#8221;.vc_custom_1456763475711{margin-top: -50px !important;}&#8221;][vc_empty_space height=&#8221;60px&#8221;][vc_custom_heading source=&#8221;post_title&#8221; font_container=&#8221;tag:h2|font_size:36px|text_align:center|color:%23000000|line_height:40px&#8221; google_fonts=&#8221;font_family:Open%20Sans%3A300%2C300italic%2Cregular%2Citalic%2C600%2C600italic%2C700%2C700italic%2C800%2C800italic|font_style:300%20light%20regular%3A300%3Anormal&#8221;]<style type=\"text\/css\" >#l_122p6dnmvmuklmct6oer{width:100px;}#l_122p6dnmvmuklmct6oer.sc_line ,#l_122p6dnmvmuklmct6oer .sc_line { height:1px; background: #ff9900; background: -moz-linear-gradient(90deg, #ff9900 0%, #fab956 100%); background: -webkit-gradient(linear, left top, right bottom, color-stop(0%,#ff9900), color-stop(100%,#fab956)); background: -webkit-linear-gradient(90deg, #ff9900 0%,#fab956 100%); background: -o-linear-gradient(90deg, #ff9900 0%,#fab956 100%); background: -ms-linear-gradient(90deg, #ff9900 0%,#fab956 100%); background: linear-gradient(90deg, #ff9900 0%,#fab956 100%);}#l_122p6dnmvmuklmct6oer.sc_line ,#l_122p6dnmvmuklmct6oer .sc_line{margin-left:auto!important; margin-right:auto!important;}#l_122p6dnmvmuklmct6oer {margin:0px 0 20px 0; padding:0;}<\/style><div class=\"clearfix\"><\/div><div id=\"l_122p6dnmvmuklmct6oer\"  class=\"sc_line rd_line_normal\" ><\/div>[vc_single_image image=&#8221;10742&#8243; img_size=&#8221;full&#8221; alignment=&#8221;center&#8221; animation=&#8221;rda_fadeIn&#8221;][vc_column_text]El concepte <strong>BOUTIQUE<\/strong> implica un comprom\u00eds de treballar amb una clara orientaci\u00f3 al client, i fer-ho de manera PERSONALITZADA. Confiar en un SPA BOUTIQUE li assegura tenir el millor tracte com a client i la m\u00e0xima implicaci\u00f3 del seu prove\u00efdor. Vost\u00e8 \u00e9s per a nosaltres un client important, no un n\u00famero.<\/p>\n<p><strong>Versatilitat<\/strong>: Adaptant-nos a les m\u00e9s diverses realitats empresarials i laborals de el client, ja siguin Pimes, corporacions multinacionals, empresa familiar, administraci\u00f3 p\u00fablica, organitzacions no lucratives, etc.<\/p>\n<p><strong>Equilibri i efici\u00e8ncia<\/strong> entre la qualitat dels serveis que es presten i el cost del servei.<\/p>\n<p><strong>Personalitzaci\u00f3<\/strong> i concentraci\u00f3 en el projecte de client.<\/p>\n<p><strong>Tecnologia, digitalitzaci\u00f3 i millora constant<\/strong> a trav\u00e9s de les noves plataformes de comunicaci\u00f3 a Internet. Volem utilitzar les noves tecnologies perqu\u00e8 millorin el nostre servei. Estem en un projecte de digitalitzaci\u00f3 per fer m\u00e9s f\u00e0cil la interacci\u00f3 amb els nostres clients.<\/p>\n<p><strong>Rigor legal i t\u00e8cnic<\/strong> en les nostres actuacions i assessorament.<\/p>\n<p><strong>Responsabilitat Social Corporativa RSC<\/strong>: el nostre treball diari transcendeix l&#8217;estrictament mercantil i econ\u00f2mic. Volem col\u00b7laborar a fer m\u00e9s justa i millor la manera de treballar en el nostre entorn i, en la mesura de les nostres possibilitats, participar en els valors de la societat a la qual pertanyem.<\/p>\n<p>La nostra <strong>INDEPEND\u00c8NCIA PROFESSIONAL<\/strong> ens obliga i ens permet treballar sempre sota criteris de qualitat, \u00e8tica i exig\u00e8ncia molt estrictes. Afrontem qualsevol aspecte de l&#8217;activitat preventiva amb total <strong>OBJECTIVITAT<\/strong>, sempre en benefici dels nostres clients (empleats i empresa). Tenim sempre present la idea de <strong>SERVEI<\/strong>. Els professionals de <strong>RISK XXI &#8211; Prl &amp; Services<\/strong> estem sempre a la banda dels nostres clients i dels equips humans dels nostres clients.<br \/>\nNom\u00e9s conjugant i aplicant tots aquests criteris de treball podrem garantir el nostre COMPROM\u00cdS DE SERVEI AMB ELS CLIENTS.<\/p>\n<p><strong>Aix\u00f2 \u00e9s un SPA &#8211; BOUTIQUE.<\/strong>[\/vc_column_text][\/vc_column][\/vc_row]<\/p>\n<\/div>","protected":false},"excerpt":{"rendered":"<p>[vc_row][vc_column css=&#8221;.vc_custom_1456763475711{margin-top: -50px !important;}&#8221;][vc_empty_space height=&#8221;60px&#8221;][vc_custom_heading source=&#8221;post_title&#8221; font_container=&#8221;tag:h2|font_size:36px|text_align:center|color:%23000000|line_height:40px&#8221; google_fonts=&#8221;font_family:Open%20Sans%3A300%2C300italic%2Cregular%2Citalic%2C600%2C600italic%2C700%2C700italic%2C800%2C800italic|font_style:300%20light%20regular%3A300%3Anormal&#8221;][vc_single_image image=&#8221;10742&#8243; img_size=&#8221;full&#8221; alignment=&#8221;center&#8221; animation=&#8221;rda_fadeIn&#8221;][vc_column_text]El concepte BOUTIQUE implica un comprom\u00eds de treballar amb una clara orientaci\u00f3 al client, i fer-ho de manera PERSONALITZADA. Confiar en un SPA BOUTIQUE li assegura tenir el millor tracte com a client i la m\u00e0xima implicaci\u00f3 del seu prove\u00efdor. Vost\u00e8 \u00e9s per a<br \/><a href=\"https:\/\/www.risk21.com\/ca\/risk-xxi-prl-services-spa-boutique\/\" class=\"more\">Llegir m\u00e9s<\/a><\/p>\n","protected":false},"author":1,"featured_media":0,"parent":0,"menu_order":0,"comment_status":"closed","ping_status":"closed","template":"","meta":{"footnotes":""},"class_list":["post-10519","page","type-page","status-publish","hentry"],"yoast_head":"<!-- This site is optimized with the Yoast SEO plugin v25.3.1 - https:\/\/yoast.com\/wordpress\/plugins\/seo\/ -->\n<title>RISK XXI \u2013 Prl &amp; Services \/ SPA BOUTIQUE - Risk XXI<\/title>\n<meta name=\"robots\" content=\"index, follow, max-snippet:-1, max-image-preview:large, max-video-preview:-1\" \/>\n<link rel=\"canonical\" href=\"https:\/\/www.risk21.com\/ca\/risk-xxi-prl-services-spa-boutique\/\" \/>\n<meta property=\"og:locale\" content=\"ca_ES\" \/>\n<meta property=\"og:type\" content=\"article\" \/>\n<meta property=\"og:title\" content=\"RISK XXI \u2013 Prl &amp; Services \/ SPA BOUTIQUE - Risk XXI\" \/>\n<meta property=\"og:description\" content=\"[vc_row][vc_column css=&#8221;.vc_custom_1456763475711{margin-top: -50px !important;}&#8221;][vc_empty_space height=&#8221;60px&#8221;][vc_custom_heading source=&#8221;post_title&#8221; font_container=&#8221;tag:h2|font_size:36px|text_align:center|color:%23000000|line_height:40px&#8221; google_fonts=&#8221;font_family:Open%20Sans%3A300%2C300italic%2Cregular%2Citalic%2C600%2C600italic%2C700%2C700italic%2C800%2C800italic|font_style:300%20light%20regular%3A300%3Anormal&#8221;][vc_single_image image=&#8221;10742&#8243; img_size=&#8221;full&#8221; alignment=&#8221;center&#8221; animation=&#8221;rda_fadeIn&#8221;][vc_column_text]El concepte BOUTIQUE implica un comprom\u00eds de treballar amb una clara orientaci\u00f3 al client, i fer-ho de manera PERSONALITZADA. Confiar en un SPA BOUTIQUE li assegura tenir el millor tracte com a client i la m\u00e0xima implicaci\u00f3 del seu prove\u00efdor. Vost\u00e8 \u00e9s per aLlegir m\u00e9s\" \/>\n<meta property=\"og:url\" content=\"https:\/\/www.risk21.com\/ca\/risk-xxi-prl-services-spa-boutique\/\" \/>\n<meta property=\"og:site_name\" content=\"Risk XXI\" \/>\n<meta name=\"twitter:card\" content=\"summary_large_image\" \/>\n<meta name=\"twitter:label1\" content=\"Temps estimat de lectura\" \/>\n\t<meta name=\"twitter:data1\" content=\"2 minuts\" \/>\n<script type=\"application\/ld+json\" class=\"yoast-schema-graph\">{\"@context\":\"https:\/\/schema.org\",\"@graph\":[{\"@type\":\"WebPage\",\"@id\":\"https:\/\/www.risk21.com\/ca\/risk-xxi-prl-services-spa-boutique\/\",\"url\":\"https:\/\/www.risk21.com\/ca\/risk-xxi-prl-services-spa-boutique\/\",\"name\":\"RISK XXI \u2013 Prl & Services \/ SPA BOUTIQUE - Risk XXI\",\"isPartOf\":{\"@id\":\"https:\/\/www.risk21.com\/#website\"},\"datePublished\":\"2020-05-05T08:49:28+00:00\",\"breadcrumb\":{\"@id\":\"https:\/\/www.risk21.com\/ca\/risk-xxi-prl-services-spa-boutique\/#breadcrumb\"},\"inLanguage\":\"ca\",\"potentialAction\":[{\"@type\":\"ReadAction\",\"target\":[\"https:\/\/www.risk21.com\/ca\/risk-xxi-prl-services-spa-boutique\/\"]}]},{\"@type\":\"BreadcrumbList\",\"@id\":\"https:\/\/www.risk21.com\/ca\/risk-xxi-prl-services-spa-boutique\/#breadcrumb\",\"itemListElement\":[{\"@type\":\"ListItem\",\"position\":1,\"name\":\"Portada\",\"item\":\"https:\/\/www.risk21.com\/ca\/\"},{\"@type\":\"ListItem\",\"position\":2,\"name\":\"RISK XXI \u2013 Prl &#038; Services \/ SPA BOUTIQUE\"}]},{\"@type\":\"WebSite\",\"@id\":\"https:\/\/www.risk21.com\/#website\",\"url\":\"https:\/\/www.risk21.com\/\",\"name\":\"Risk XXI\",\"description\":\"Prl &amp; Services\",\"potentialAction\":[{\"@type\":\"SearchAction\",\"target\":{\"@type\":\"EntryPoint\",\"urlTemplate\":\"https:\/\/www.risk21.com\/?s={search_term_string}\"},\"query-input\":{\"@type\":\"PropertyValueSpecification\",\"valueRequired\":true,\"valueName\":\"search_term_string\"}}],\"inLanguage\":\"ca\"}]}<\/script>\n<!-- \/ Yoast SEO plugin. -->","yoast_head_json":{"title":"RISK XXI \u2013 Prl & Services \/ SPA BOUTIQUE - Risk XXI","robots":{"index":"index","follow":"follow","max-snippet":"max-snippet:-1","max-image-preview":"max-image-preview:large","max-video-preview":"max-video-preview:-1"},"canonical":"https:\/\/www.risk21.com\/ca\/risk-xxi-prl-services-spa-boutique\/","og_locale":"ca_ES","og_type":"article","og_title":"RISK XXI \u2013 Prl & Services \/ SPA BOUTIQUE - Risk XXI","og_description":"[vc_row][vc_column css=&#8221;.vc_custom_1456763475711{margin-top: -50px !important;}&#8221;][vc_empty_space height=&#8221;60px&#8221;][vc_custom_heading source=&#8221;post_title&#8221; font_container=&#8221;tag:h2|font_size:36px|text_align:center|color:%23000000|line_height:40px&#8221; google_fonts=&#8221;font_family:Open%20Sans%3A300%2C300italic%2Cregular%2Citalic%2C600%2C600italic%2C700%2C700italic%2C800%2C800italic|font_style:300%20light%20regular%3A300%3Anormal&#8221;][vc_single_image image=&#8221;10742&#8243; img_size=&#8221;full&#8221; alignment=&#8221;center&#8221; animation=&#8221;rda_fadeIn&#8221;][vc_column_text]El concepte BOUTIQUE implica un comprom\u00eds de treballar amb una clara orientaci\u00f3 al client, i fer-ho de manera PERSONALITZADA. Confiar en un SPA BOUTIQUE li assegura tenir el millor tracte com a client i la m\u00e0xima implicaci\u00f3 del seu prove\u00efdor. Vost\u00e8 \u00e9s per aLlegir m\u00e9s","og_url":"https:\/\/www.risk21.com\/ca\/risk-xxi-prl-services-spa-boutique\/","og_site_name":"Risk XXI","twitter_card":"summary_large_image","twitter_misc":{"Temps estimat de lectura":"2 minuts"},"schema":{"@context":"https:\/\/schema.org","@graph":[{"@type":"WebPage","@id":"https:\/\/www.risk21.com\/ca\/risk-xxi-prl-services-spa-boutique\/","url":"https:\/\/www.risk21.com\/ca\/risk-xxi-prl-services-spa-boutique\/","name":"RISK XXI \u2013 Prl & Services \/ SPA BOUTIQUE - Risk XXI","isPartOf":{"@id":"https:\/\/www.risk21.com\/#website"},"datePublished":"2020-05-05T08:49:28+00:00","breadcrumb":{"@id":"https:\/\/www.risk21.com\/ca\/risk-xxi-prl-services-spa-boutique\/#breadcrumb"},"inLanguage":"ca","potentialAction":[{"@type":"ReadAction","target":["https:\/\/www.risk21.com\/ca\/risk-xxi-prl-services-spa-boutique\/"]}]},{"@type":"BreadcrumbList","@id":"https:\/\/www.risk21.com\/ca\/risk-xxi-prl-services-spa-boutique\/#breadcrumb","itemListElement":[{"@type":"ListItem","position":1,"name":"Portada","item":"https:\/\/www.risk21.com\/ca\/"},{"@type":"ListItem","position":2,"name":"RISK XXI \u2013 Prl &#038; Services \/ SPA BOUTIQUE"}]},{"@type":"WebSite","@id":"https:\/\/www.risk21.com\/#website","url":"https:\/\/www.risk21.com\/","name":"Risk XXI","description":"Prl &amp; Services","potentialAction":[{"@type":"SearchAction","target":{"@type":"EntryPoint","urlTemplate":"https:\/\/www.risk21.com\/?s={search_term_string}"},"query-input":{"@type":"PropertyValueSpecification","valueRequired":true,"valueName":"search_term_string"}}],"inLanguage":"ca"}]}},"_links":{"self":[{"href":"https:\/\/www.risk21.com\/ca\/wp-json\/wp\/v2\/pages\/10519","targetHints":{"allow":["GET"]}}],"collection":[{"href":"https:\/\/www.risk21.com\/ca\/wp-json\/wp\/v2\/pages"}],"about":[{"href":"https:\/\/www.risk21.com\/ca\/wp-json\/wp\/v2\/types\/page"}],"author":[{"embeddable":true,"href":"https:\/\/www.risk21.com\/ca\/wp-json\/wp\/v2\/users\/1"}],"replies":[{"embeddable":true,"href":"https:\/\/www.risk21.com\/ca\/wp-json\/wp\/v2\/comments?post=10519"}],"version-history":[{"count":2,"href":"https:\/\/www.risk21.com\/ca\/wp-json\/wp\/v2\/pages\/10519\/revisions"}],"predecessor-version":[{"id":10832,"href":"https:\/\/www.risk21.com\/ca\/wp-json\/wp\/v2\/pages\/10519\/revisions\/10832"}],"wp:attachment":[{"href":"https:\/\/www.risk21.com\/ca\/wp-json\/wp\/v2\/media?parent=10519"}],"curies":[{"name":"wp","href":"https:\/\/api.w.org\/{rel}","templated":true}]}}